{"id":160204,"date":"2024-10-04T17:47:30","date_gmt":"2024-10-04T15:47:30","guid":{"rendered":"https:\/\/www.fabioferro.eu\/.html?post_type=product&#038;p=160204"},"modified":"2025-10-25T16:00:15","modified_gmt":"2025-10-25T14:00:15","slug":"madi-essenza-ring-mit-blauem-hydrothermalquarz-2","status":"publish","type":"product","link":"https:\/\/www.fabioferro.eu\/de\/madi-essenza-ring-mit-blauem-hydrothermalquarz-2.html","title":{"rendered":"Madi Essenza Ring mit blauem Hydrothermalquarz"},"content":{"rendered":"<p>Ring aus 925er ros\u00e9vergoldetem Silber. Der Stein ist ein gef\u00e4rbter hydrothermaler Quarz. Unten offen f\u00fcr eine kleine Gr\u00f6\u00dfenanpassung. Hergestellt in Italien. Wird von der offiziellen Mad\u00ec Box und Garantie begleitet.<\/p>\n","protected":false},"excerpt":{"rendered":"<p>Ein Ring von unendlicher Sch\u00f6nheit und Raffinesse, der in jeder Hinsicht unvergleichlich ist.<\/p>\n","protected":false},"featured_media":159979,"comment_status":"open","ping_status":"closed","template":"","meta":[],"product_brand":[],"product_cat":[7595],"product_tag":[],"class_list":{"0":"post-160204","1":"product","2":"type-product","3":"status-publish","4":"has-post-thumbnail","6":"product_cat-madi-ringe-de","8":"first","9":"instock","10":"sale","11":"taxable","12":"shipping-taxable","13":"purchasable","14":"product-type-variable","15":"has-default-attributes"},"exclude_global_add_ons":[],"addons":[],"df_price":146.25,"df_sale_price":"","df_regular_price":146.25,"df_image_link":"https:\/\/cdn02.fabioferro.eu\/wp-content\/uploads\/anello-madi-collezione-essenza-in-argento-placcato-rosa-39188.jpg","_links":{"self":[{"href":"https:\/\/www.fabioferro.eu\/de\/wp-json\/wp\/v2\/product\/160204","targetHints":{"allow":["GET"]}}],"collection":[{"href":"https:\/\/www.fabioferro.eu\/de\/wp-json\/wp\/v2\/product"}],"about":[{"href":"https:\/\/www.fabioferro.eu\/de\/wp-json\/wp\/v2\/types\/product"}],"replies":[{"embeddable":true,"href":"https:\/\/www.fabioferro.eu\/de\/wp-json\/wp\/v2\/comments?post=160204"}],"version-history":[{"count":1,"href":"https:\/\/www.fabioferro.eu\/de\/wp-json\/wp\/v2\/product\/160204\/revisions"}],"predecessor-version":[{"id":199869,"href":"https:\/\/www.fabioferro.eu\/de\/wp-json\/wp\/v2\/product\/160204\/revisions\/199869"}],"wp:featuredmedia":[{"embeddable":true,"href":"https:\/\/www.fabioferro.eu\/de\/wp-json\/wp\/v2\/media\/159979"}],"wp:attachment":[{"href":"https:\/\/www.fabioferro.eu\/de\/wp-json\/wp\/v2\/media?parent=160204"}],"wp:term":[{"taxonomy":"product_brand","embeddable":true,"href":"https:\/\/www.fabioferro.eu\/de\/wp-json\/wp\/v2\/product_brand?post=160204"},{"taxonomy":"product_cat","embeddable":true,"href":"https:\/\/www.fabioferro.eu\/de\/wp-json\/wp\/v2\/product_cat?post=160204"},{"taxonomy":"product_tag","embeddable":true,"href":"https:\/\/www.fabioferro.eu\/de\/wp-json\/wp\/v2\/product_tag?post=160204"}],"curies":[{"name":"wp","href":"https:\/\/api.w.org\/{rel}","templated":true}]}}