{"id":160306,"date":"2024-10-04T18:47:07","date_gmt":"2024-10-04T16:47:07","guid":{"rendered":"https:\/\/www.fabioferro.eu\/.html?post_type=product&#038;p=160306"},"modified":"2025-10-25T16:00:20","modified_gmt":"2025-10-25T14:00:20","slug":"madi-essenza-ring-mit-lila-hydrothermalem-quarz","status":"publish","type":"product","link":"https:\/\/www.fabioferro.eu\/de\/madi-essenza-ring-mit-lila-hydrothermalem-quarz.html","title":{"rendered":"Madi Essenza Ring mit lila hydrothermalem Quarz"},"content":{"rendered":"<p>Ring aus ros\u00e9-vergoldetem 925er Silber.<br \/>\nDer Stein ist ein farbiger hydrothermaler Quarz.<br \/>\nAn der Unterseite offen f\u00fcr eine kleine Gr\u00f6\u00dfenanpassung. Hergestellt in Italien. Mit der offiziellen Mad\u00ec-Verpackung und Garantie.<\/p>\n","protected":false},"excerpt":{"rendered":"<p>Ein Ring von unendlicher Sch\u00f6nheit und Raffinesse, der in jeder Hinsicht unvergleichlich ist.<\/p>\n","protected":false},"featured_media":162683,"comment_status":"open","ping_status":"closed","template":"","meta":[],"product_brand":[203],"product_cat":[5936],"product_tag":[],"class_list":{"0":"post-160306","1":"product","2":"type-product","3":"status-publish","4":"has-post-thumbnail","6":"product_brand-madi","7":"product_cat-madi-ringe","9":"first","10":"instock","11":"sale","12":"taxable","13":"shipping-taxable","14":"purchasable","15":"product-type-variable"},"exclude_global_add_ons":[],"addons":[],"df_price":108.8,"df_sale_price":"","df_regular_price":108.8,"df_image_link":"https:\/\/cdn02.fabioferro.eu\/wp-content\/uploads\/anello-collezione-essenza-rosa-e-blu-39183.jpg","_links":{"self":[{"href":"https:\/\/www.fabioferro.eu\/de\/wp-json\/wp\/v2\/product\/160306","targetHints":{"allow":["GET"]}}],"collection":[{"href":"https:\/\/www.fabioferro.eu\/de\/wp-json\/wp\/v2\/product"}],"about":[{"href":"https:\/\/www.fabioferro.eu\/de\/wp-json\/wp\/v2\/types\/product"}],"replies":[{"embeddable":true,"href":"https:\/\/www.fabioferro.eu\/de\/wp-json\/wp\/v2\/comments?post=160306"}],"version-history":[{"count":1,"href":"https:\/\/www.fabioferro.eu\/de\/wp-json\/wp\/v2\/product\/160306\/revisions"}],"predecessor-version":[{"id":199870,"href":"https:\/\/www.fabioferro.eu\/de\/wp-json\/wp\/v2\/product\/160306\/revisions\/199870"}],"wp:featuredmedia":[{"embeddable":true,"href":"https:\/\/www.fabioferro.eu\/de\/wp-json\/wp\/v2\/media\/162683"}],"wp:attachment":[{"href":"https:\/\/www.fabioferro.eu\/de\/wp-json\/wp\/v2\/media?parent=160306"}],"wp:term":[{"taxonomy":"product_brand","embeddable":true,"href":"https:\/\/www.fabioferro.eu\/de\/wp-json\/wp\/v2\/product_brand?post=160306"},{"taxonomy":"product_cat","embeddable":true,"href":"https:\/\/www.fabioferro.eu\/de\/wp-json\/wp\/v2\/product_cat?post=160306"},{"taxonomy":"product_tag","embeddable":true,"href":"https:\/\/www.fabioferro.eu\/de\/wp-json\/wp\/v2\/product_tag?post=160306"}],"curies":[{"name":"wp","href":"https:\/\/api.w.org\/{rel}","templated":true}]}}