{"id":160522,"date":"2024-10-05T17:21:43","date_gmt":"2024-10-05T15:21:43","guid":{"rendered":"https:\/\/www.fabioferro.eu\/.html?post_type=product&#038;p=160522"},"modified":"2025-03-06T15:31:58","modified_gmt":"2025-03-06T14:31:58","slug":"madi-perlmutt-anhaenger-halskette-mit-zirkonen","status":"publish","type":"product","link":"https:\/\/www.fabioferro.eu\/de\/madi-perlmutt-anhaenger-halskette-mit-zirkonen.html","title":{"rendered":"Madi Perlmutt-Anh\u00e4nger Halskette mit Zirkonen"},"content":{"rendered":"<p>Halskette aus ros\u00e9-vergoldetem 925er Silber.<br \/>\nDer Stein ist aus Perlmutt mit wei\u00dfen Zirkonen.<br \/>\nPraktischer Karabinerverschluss. Hergestellt in Italien. Mit der offiziellen Mad\u00ec-Verpackung und Garantie.<\/p>\n","protected":false},"excerpt":{"rendered":"<p>Ein wundersch\u00f6ner Perlmutt-Anh\u00e4nger, der von unvergleichlicher Sch\u00f6nheit erz\u00e4hlt.<\/p>\n","protected":false},"featured_media":160027,"comment_status":"open","ping_status":"closed","template":"","meta":[],"product_brand":[],"product_cat":[5951],"product_tag":[],"class_list":{"0":"post-160522","1":"product","2":"type-product","3":"status-publish","4":"has-post-thumbnail","6":"product_cat-madi-halsketten","8":"first","9":"instock","10":"sale","11":"taxable","12":"shipping-taxable","13":"purchasable","14":"product-type-simple"},"exclude_global_add_ons":[],"addons":[],"df_price":121.5,"df_sale_price":121.5,"df_regular_price":158,"df_image_link":"https:\/\/cdn02.fabioferro.eu\/wp-content\/uploads\/collana-madi-madreperla-rosa-pendente-39152.jpg","_links":{"self":[{"href":"https:\/\/www.fabioferro.eu\/de\/wp-json\/wp\/v2\/product\/160522","targetHints":{"allow":["GET"]}}],"collection":[{"href":"https:\/\/www.fabioferro.eu\/de\/wp-json\/wp\/v2\/product"}],"about":[{"href":"https:\/\/www.fabioferro.eu\/de\/wp-json\/wp\/v2\/types\/product"}],"replies":[{"embeddable":true,"href":"https:\/\/www.fabioferro.eu\/de\/wp-json\/wp\/v2\/comments?post=160522"}],"version-history":[{"count":0,"href":"https:\/\/www.fabioferro.eu\/de\/wp-json\/wp\/v2\/product\/160522\/revisions"}],"wp:featuredmedia":[{"embeddable":true,"href":"https:\/\/www.fabioferro.eu\/de\/wp-json\/wp\/v2\/media\/160027"}],"wp:attachment":[{"href":"https:\/\/www.fabioferro.eu\/de\/wp-json\/wp\/v2\/media?parent=160522"}],"wp:term":[{"taxonomy":"product_brand","embeddable":true,"href":"https:\/\/www.fabioferro.eu\/de\/wp-json\/wp\/v2\/product_brand?post=160522"},{"taxonomy":"product_cat","embeddable":true,"href":"https:\/\/www.fabioferro.eu\/de\/wp-json\/wp\/v2\/product_cat?post=160522"},{"taxonomy":"product_tag","embeddable":true,"href":"https:\/\/www.fabioferro.eu\/de\/wp-json\/wp\/v2\/product_tag?post=160522"}],"curies":[{"name":"wp","href":"https:\/\/api.w.org\/{rel}","templated":true}]}}