{"id":160528,"date":"2024-10-05T17:23:56","date_gmt":"2024-10-05T15:23:56","guid":{"rendered":"https:\/\/www.fabioferro.eu\/.html?post_type=product&#038;p=160528"},"modified":"2025-03-06T15:31:50","modified_gmt":"2025-03-06T14:31:50","slug":"madi-tiefblaue-anhaenger-halskette-mit-zirkonen","status":"publish","type":"product","link":"https:\/\/www.fabioferro.eu\/de\/madi-tiefblaue-anhaenger-halskette-mit-zirkonen.html","title":{"rendered":"Madi Tiefblaue Anh\u00e4nger-Halskette mit Zirkonen"},"content":{"rendered":"<p>Halskette aus ros\u00e9vergoldetem 925er Sterlingsilber.<br \/>\nDer Stein ist ein Lapislazuli mit wei\u00dfen Zirkonen.<br \/>\nPraktischer Karabinerverschluss. Hergestellt in Italien. Mit der offiziellen Mad\u00ec-Verpackung und Garantie.<\/p>\n","protected":false},"excerpt":{"rendered":"<p>Ein wundersch\u00f6ner Anh\u00e4nger mit Lapislazuli erz\u00e4hlt von unvergleichlicher Sch\u00f6nheit.<\/p>\n","protected":false},"featured_media":160045,"comment_status":"open","ping_status":"closed","template":"","meta":[],"product_brand":[],"product_cat":[5951],"product_tag":[7442],"class_list":{"0":"post-160528","1":"product","2":"type-product","3":"status-publish","4":"has-post-thumbnail","6":"product_cat-madi-halsketten","7":"product_tag-verfugbar","9":"first","10":"instock","11":"sale","12":"taxable","13":"shipping-taxable","14":"purchasable","15":"product-type-simple"},"exclude_global_add_ons":[],"addons":[],"df_price":140.4,"df_sale_price":140.4,"df_regular_price":156,"df_image_link":"https:\/\/cdn02.fabioferro.eu\/wp-content\/uploads\/collana-madi-pendente-lapis-39167.jpg","_links":{"self":[{"href":"https:\/\/www.fabioferro.eu\/de\/wp-json\/wp\/v2\/product\/160528","targetHints":{"allow":["GET"]}}],"collection":[{"href":"https:\/\/www.fabioferro.eu\/de\/wp-json\/wp\/v2\/product"}],"about":[{"href":"https:\/\/www.fabioferro.eu\/de\/wp-json\/wp\/v2\/types\/product"}],"replies":[{"embeddable":true,"href":"https:\/\/www.fabioferro.eu\/de\/wp-json\/wp\/v2\/comments?post=160528"}],"version-history":[{"count":0,"href":"https:\/\/www.fabioferro.eu\/de\/wp-json\/wp\/v2\/product\/160528\/revisions"}],"wp:featuredmedia":[{"embeddable":true,"href":"https:\/\/www.fabioferro.eu\/de\/wp-json\/wp\/v2\/media\/160045"}],"wp:attachment":[{"href":"https:\/\/www.fabioferro.eu\/de\/wp-json\/wp\/v2\/media?parent=160528"}],"wp:term":[{"taxonomy":"product_brand","embeddable":true,"href":"https:\/\/www.fabioferro.eu\/de\/wp-json\/wp\/v2\/product_brand?post=160528"},{"taxonomy":"product_cat","embeddable":true,"href":"https:\/\/www.fabioferro.eu\/de\/wp-json\/wp\/v2\/product_cat?post=160528"},{"taxonomy":"product_tag","embeddable":true,"href":"https:\/\/www.fabioferro.eu\/de\/wp-json\/wp\/v2\/product_tag?post=160528"}],"curies":[{"name":"wp","href":"https:\/\/api.w.org\/{rel}","templated":true}]}}