{"id":160650,"date":"2024-10-07T09:19:11","date_gmt":"2024-10-07T07:19:11","guid":{"rendered":"https:\/\/www.fabioferro.eu\/fope-solo-collection-halskette-aus-weissgold-und-schwarzen-diamanten.html"},"modified":"2026-01-09T16:21:44","modified_gmt":"2026-01-09T15:21:44","slug":"fope-solo-collection-halskette-aus-weissgold-und-schwarzen-diamanten","status":"publish","type":"product","link":"https:\/\/www.fabioferro.eu\/de\/fope-solo-collection-halskette-aus-weissgold-und-schwarzen-diamanten.html","title":{"rendered":"Fope Solo Collection Halskette aus Wei\u00dfgold und schwarzen Diamanten"},"content":{"rendered":"<p class=\"p1\">Dieses in pr\u00e4ziser Handarbeit aus 18 Karat Wei\u00dfgold gefertigte Schmuckst\u00fcck besticht durch seinen schlichten und raffinierten Stil, der mit hochwertigen Diamanten verziert ist.<\/p>\n<p class=\"p1\">Die mit viel Liebe zum Detail gefertigte Kette garantiert eine un\u00fcbertroffene Haltbarkeit.<\/p>\n<p class=\"p1\">In der Mitte befinden sich drei feststehende Zierelemente, die mit schwarzen Diamanten im Brillantschliff besetzt sind und insgesamt 0,12 Karat erreichen.<\/p>\n<p class=\"p1\">Ausgestattet mit einem drehbaren Karabinerverschluss, verhindert er ein ungewolltes Verdrehen des Netzes.<\/p>\n<p class=\"p1\">Vollst\u00e4ndig handgefertigt von Goldschmiedemeistern aus Vicenza ist es ein Symbol f\u00fcr italienische Exzellenz, das in einer Luxusbox mit internationaler Fope-Garantie geliefert wird.<\/p>\n<p><img decoding=\"async\" class=\"alignnone size-full wp-image-204889\" src=\"http:\/\/cdn02.fabioferro.eu\/wp-content\/uploads\/misure-collane-fope-internazionale.jpg\" alt=\"\" width=\"1500\" height=\"1875\" title=\"\" srcset=\"https:\/\/cdn02.fabioferro.eu\/wp-content\/uploads\/misure-collane-fope-internazionale.jpg 1500w, https:\/\/cdn02.fabioferro.eu\/wp-content\/uploads\/misure-collane-fope-internazionale-768x960.jpg 768w, https:\/\/cdn02.fabioferro.eu\/wp-content\/uploads\/misure-collane-fope-internazionale-1229x1536.jpg 1229w, https:\/\/cdn02.fabioferro.eu\/wp-content\/uploads\/misure-collane-fope-internazionale-990x1238.jpg 990w, https:\/\/cdn02.fabioferro.eu\/wp-content\/uploads\/misure-collane-fope-internazionale-441x551.jpg 441w, https:\/\/cdn02.fabioferro.eu\/wp-content\/uploads\/misure-collane-fope-internazionale-600x750.jpg 600w, https:\/\/cdn02.fabioferro.eu\/wp-content\/uploads\/misure-collane-fope-internazionale-150x188.jpg 150w\" sizes=\"(max-width: 1500px) 100vw, 1500px\" \/><\/p>\n","protected":false},"excerpt":{"rendered":"<p class=\"p1\">Fope Halskette, ein Symbol f\u00fcr zeitlose Eleganz, entworfen, um jeden Stil mit Anmut zu bereichern.<\/p>\n","protected":false},"featured_media":160588,"comment_status":"open","ping_status":"closed","template":"","meta":[],"product_brand":[154],"product_cat":[6203],"product_tag":[],"class_list":{"0":"post-160650","1":"product","2":"type-product","3":"status-publish","4":"has-post-thumbnail","6":"product_brand-fope","7":"product_cat-fope-halsketten","9":"first","10":"instock","11":"taxable","12":"shipping-taxable","13":"purchasable","14":"product-type-variable","15":"has-default-attributes"},"exclude_global_add_ons":[],"addons":[],"df_price":6670,"df_sale_price":"","df_regular_price":6670,"df_image_link":"https:\/\/cdn02.fabioferro.eu\/wp-content\/uploads\/collana-fope-collezione-solo-in-oro-bianco-e-diamanti-neri.jpg","_links":{"self":[{"href":"https:\/\/www.fabioferro.eu\/de\/wp-json\/wp\/v2\/product\/160650","targetHints":{"allow":["GET"]}}],"collection":[{"href":"https:\/\/www.fabioferro.eu\/de\/wp-json\/wp\/v2\/product"}],"about":[{"href":"https:\/\/www.fabioferro.eu\/de\/wp-json\/wp\/v2\/types\/product"}],"replies":[{"embeddable":true,"href":"https:\/\/www.fabioferro.eu\/de\/wp-json\/wp\/v2\/comments?post=160650"}],"version-history":[{"count":1,"href":"https:\/\/www.fabioferro.eu\/de\/wp-json\/wp\/v2\/product\/160650\/revisions"}],"predecessor-version":[{"id":206348,"href":"https:\/\/www.fabioferro.eu\/de\/wp-json\/wp\/v2\/product\/160650\/revisions\/206348"}],"wp:featuredmedia":[{"embeddable":true,"href":"https:\/\/www.fabioferro.eu\/de\/wp-json\/wp\/v2\/media\/160588"}],"wp:attachment":[{"href":"https:\/\/www.fabioferro.eu\/de\/wp-json\/wp\/v2\/media?parent=160650"}],"wp:term":[{"taxonomy":"product_brand","embeddable":true,"href":"https:\/\/www.fabioferro.eu\/de\/wp-json\/wp\/v2\/product_brand?post=160650"},{"taxonomy":"product_cat","embeddable":true,"href":"https:\/\/www.fabioferro.eu\/de\/wp-json\/wp\/v2\/product_cat?post=160650"},{"taxonomy":"product_tag","embeddable":true,"href":"https:\/\/www.fabioferro.eu\/de\/wp-json\/wp\/v2\/product_tag?post=160650"}],"curies":[{"name":"wp","href":"https:\/\/api.w.org\/{rel}","templated":true}]}}