{"id":160660,"date":"2024-10-07T08:01:55","date_gmt":"2024-10-07T06:01:55","guid":{"rendered":"https:\/\/www.fabioferro.eu\/fope-solo-collection-halskette-aus-rosegold-und-schwarzen-diamanten.html"},"modified":"2026-01-09T16:19:29","modified_gmt":"2026-01-09T15:19:29","slug":"fope-solo-collection-halskette-aus-rosegold-und-schwarzen-diamanten","status":"publish","type":"product","link":"https:\/\/www.fabioferro.eu\/de\/fope-solo-collection-halskette-aus-rosegold-und-schwarzen-diamanten.html","title":{"rendered":"Fope Solo Collection Halskette aus Ros\u00e9gold und schwarzen Diamanten"},"content":{"rendered":"<p class=\"p1\">Dieses exquisite, handgefertigte St\u00fcck aus 18 Karat Ros\u00e9gold besticht durch seine dezente Eleganz, die durch hochwertige Diamanten noch verst\u00e4rkt wird.<\/p>\n<p class=\"p1\">Die sorgf\u00e4ltige Bearbeitung der Kette sorgt f\u00fcr au\u00dfergew\u00f6hnliche St\u00e4rke und Langlebigkeit.<\/p>\n<p class=\"p1\">Drei feststehende Schmuckelemente, besetzt mit schwarzen Brillanten von insgesamt 0,12 Karat, verleihen der Komposition einen Hauch von Klasse.<\/p>\n<p class=\"p1\">Der Karabinerverschluss mit Drehfunktion verhindert ein l\u00e4stiges Verdrehen der Halskette.<\/p>\n<p class=\"p1\">Dieses von Experten aus Vicenza handgefertigte Schmuckst\u00fcck steht f\u00fcr die Exzellenz des Made in Italy und wird in einer eleganten Schachtel mit einem internationalen Garantiezertifikat pr\u00e4sentiert.<\/p>\n<p><img decoding=\"async\" class=\"alignnone size-full wp-image-204889\" src=\"http:\/\/cdn02.fabioferro.eu\/wp-content\/uploads\/misure-collane-fope-internazionale.jpg\" alt=\"\" width=\"1500\" height=\"1875\" title=\"\" srcset=\"https:\/\/cdn02.fabioferro.eu\/wp-content\/uploads\/misure-collane-fope-internazionale.jpg 1500w, https:\/\/cdn02.fabioferro.eu\/wp-content\/uploads\/misure-collane-fope-internazionale-768x960.jpg 768w, https:\/\/cdn02.fabioferro.eu\/wp-content\/uploads\/misure-collane-fope-internazionale-1229x1536.jpg 1229w, https:\/\/cdn02.fabioferro.eu\/wp-content\/uploads\/misure-collane-fope-internazionale-990x1238.jpg 990w, https:\/\/cdn02.fabioferro.eu\/wp-content\/uploads\/misure-collane-fope-internazionale-441x551.jpg 441w, https:\/\/cdn02.fabioferro.eu\/wp-content\/uploads\/misure-collane-fope-internazionale-600x750.jpg 600w, https:\/\/cdn02.fabioferro.eu\/wp-content\/uploads\/misure-collane-fope-internazionale-150x188.jpg 150w\" sizes=\"(max-width: 1500px) 100vw, 1500px\" \/><\/p>\n","protected":false},"excerpt":{"rendered":"<p class=\"p1\">Fope Halskette in Gold, ein exklusives Accessoire, das jedem Outfit einen Hauch von Raffinesse verleiht.<\/p>\n","protected":false},"featured_media":160597,"comment_status":"open","ping_status":"closed","template":"","meta":[],"product_brand":[154],"product_cat":[6203],"product_tag":[],"class_list":{"0":"post-160660","1":"product","2":"type-product","3":"status-publish","4":"has-post-thumbnail","6":"product_brand-fope","7":"product_cat-fope-halsketten","9":"first","10":"instock","11":"taxable","12":"shipping-taxable","13":"purchasable","14":"product-type-variable","15":"has-default-attributes"},"exclude_global_add_ons":[],"addons":[],"df_price":6670,"df_sale_price":"","df_regular_price":6670,"df_image_link":"https:\/\/cdn02.fabioferro.eu\/wp-content\/uploads\/collana-fope-collezione-solo-in-oro-rosa-e-diamanti-neri.jpg","_links":{"self":[{"href":"https:\/\/www.fabioferro.eu\/de\/wp-json\/wp\/v2\/product\/160660","targetHints":{"allow":["GET"]}}],"collection":[{"href":"https:\/\/www.fabioferro.eu\/de\/wp-json\/wp\/v2\/product"}],"about":[{"href":"https:\/\/www.fabioferro.eu\/de\/wp-json\/wp\/v2\/types\/product"}],"replies":[{"embeddable":true,"href":"https:\/\/www.fabioferro.eu\/de\/wp-json\/wp\/v2\/comments?post=160660"}],"version-history":[{"count":1,"href":"https:\/\/www.fabioferro.eu\/de\/wp-json\/wp\/v2\/product\/160660\/revisions"}],"predecessor-version":[{"id":206258,"href":"https:\/\/www.fabioferro.eu\/de\/wp-json\/wp\/v2\/product\/160660\/revisions\/206258"}],"wp:featuredmedia":[{"embeddable":true,"href":"https:\/\/www.fabioferro.eu\/de\/wp-json\/wp\/v2\/media\/160597"}],"wp:attachment":[{"href":"https:\/\/www.fabioferro.eu\/de\/wp-json\/wp\/v2\/media?parent=160660"}],"wp:term":[{"taxonomy":"product_brand","embeddable":true,"href":"https:\/\/www.fabioferro.eu\/de\/wp-json\/wp\/v2\/product_brand?post=160660"},{"taxonomy":"product_cat","embeddable":true,"href":"https:\/\/www.fabioferro.eu\/de\/wp-json\/wp\/v2\/product_cat?post=160660"},{"taxonomy":"product_tag","embeddable":true,"href":"https:\/\/www.fabioferro.eu\/de\/wp-json\/wp\/v2\/product_tag?post=160660"}],"curies":[{"name":"wp","href":"https:\/\/api.w.org\/{rel}","templated":true}]}}