{"id":160860,"date":"2024-10-08T12:02:52","date_gmt":"2024-10-08T10:02:52","guid":{"rendered":"https:\/\/www.fabioferro.eu\/.html?post_type=product&#038;p=160860"},"modified":"2025-03-06T15:31:11","modified_gmt":"2025-03-06T14:31:11","slug":"madi-ring-tiefblau-lapislazuli-rosa","status":"publish","type":"product","link":"https:\/\/www.fabioferro.eu\/de\/madi-ring-tiefblau-lapislazuli-rosa.html","title":{"rendered":"Madi Ring Tiefblau Lapislazuli Rosa"},"content":{"rendered":"<p>Ring aus 925er ros\u00e9vergoldetem Silber. Der Stein ist ein flacher Lapislazuli. Unten offen f\u00fcr eine kleine Gr\u00f6\u00dfenanpassung. Hergestellt in Italien. Wird von der offiziellen Mad\u00ec Box und Garantie begleitet.<\/p>\n","protected":false},"excerpt":{"rendered":"<p>Ein Ring von unendlicher Sch\u00f6nheit und Raffinesse, der in jeder Hinsicht unvergleichlich ist.<\/p>\n","protected":false},"featured_media":160060,"comment_status":"open","ping_status":"closed","template":"","meta":[],"product_brand":[],"product_cat":[7595],"product_tag":[],"class_list":{"0":"post-160860","1":"product","2":"type-product","3":"status-publish","4":"has-post-thumbnail","6":"product_cat-madi-ringe-de","8":"first","9":"instock","10":"sale","11":"taxable","12":"shipping-taxable","13":"purchasable","14":"product-type-variable","15":"has-default-attributes"},"exclude_global_add_ons":[],"addons":[],"df_price":133.2,"df_sale_price":"","df_regular_price":133.2,"df_image_link":"https:\/\/cdn02.fabioferro.eu\/wp-content\/uploads\/anello-madi-profondo-blu-lapis-39162.jpg","_links":{"self":[{"href":"https:\/\/www.fabioferro.eu\/de\/wp-json\/wp\/v2\/product\/160860","targetHints":{"allow":["GET"]}}],"collection":[{"href":"https:\/\/www.fabioferro.eu\/de\/wp-json\/wp\/v2\/product"}],"about":[{"href":"https:\/\/www.fabioferro.eu\/de\/wp-json\/wp\/v2\/types\/product"}],"replies":[{"embeddable":true,"href":"https:\/\/www.fabioferro.eu\/de\/wp-json\/wp\/v2\/comments?post=160860"}],"version-history":[{"count":0,"href":"https:\/\/www.fabioferro.eu\/de\/wp-json\/wp\/v2\/product\/160860\/revisions"}],"wp:featuredmedia":[{"embeddable":true,"href":"https:\/\/www.fabioferro.eu\/de\/wp-json\/wp\/v2\/media\/160060"}],"wp:attachment":[{"href":"https:\/\/www.fabioferro.eu\/de\/wp-json\/wp\/v2\/media?parent=160860"}],"wp:term":[{"taxonomy":"product_brand","embeddable":true,"href":"https:\/\/www.fabioferro.eu\/de\/wp-json\/wp\/v2\/product_brand?post=160860"},{"taxonomy":"product_cat","embeddable":true,"href":"https:\/\/www.fabioferro.eu\/de\/wp-json\/wp\/v2\/product_cat?post=160860"},{"taxonomy":"product_tag","embeddable":true,"href":"https:\/\/www.fabioferro.eu\/de\/wp-json\/wp\/v2\/product_tag?post=160860"}],"curies":[{"name":"wp","href":"https:\/\/api.w.org\/{rel}","templated":true}]}}