{"id":160917,"date":"2024-10-08T16:47:02","date_gmt":"2024-10-08T14:47:02","guid":{"rendered":"https:\/\/www.fabioferro.eu\/.html?post_type=product&#038;p=160917"},"modified":"2025-03-06T15:30:59","modified_gmt":"2025-03-06T14:30:59","slug":"madi-tiefblaues-armband-mit-lapislazuli-und-weissen-zirkonen","status":"publish","type":"product","link":"https:\/\/www.fabioferro.eu\/de\/madi-tiefblaues-armband-mit-lapislazuli-und-weissen-zirkonen.html","title":{"rendered":"Madi Tiefblaues Armband mit Lapislazuli und wei\u00dfen Zirkonen"},"content":{"rendered":"<div id=\"cgkit-tab-description\" class=\"woocommerce-Tabs-panel commercekit-Tabs-panel--description panel entry-content\">\n<p>Armband der Safari-Kollektion aus ros\u00e9vergoldetem 925er Sterlingsilber. Schmuckst\u00fcck mit Lapislazuli und wei\u00dfen Zirkonen. Verstellbare Gr\u00f6\u00dfe zwischen 17 cm und 23 cm. Von Kunsthandwerkern hergestellt, Made in Italy. Schneller und sicherer Verschluss mit Karabinerhaken. Schmuckst\u00fcck wird mit zwei Jahren Garantie, Einkaufstasche und offizieller Box geliefert.<\/p>\n<\/div>\n<div id=\"cgkit-tab-reviews\" class=\"woocommerce-Tabs-panel commercekit-Tabs-panel--reviews panel entry-content\">\n<div id=\"reviews\" class=\"woocommerce-Reviews\">\n<div id=\"comments\"><\/div>\n<\/div>\n<\/div>\n","protected":false},"excerpt":{"rendered":"<p>Ein schlichtes und elegantes Armband, geeignet f\u00fcr jede Situation.<\/p>\n","protected":false},"featured_media":160042,"comment_status":"open","ping_status":"closed","template":"","meta":[],"product_brand":[],"product_cat":[5954],"product_tag":[],"class_list":{"0":"post-160917","1":"product","2":"type-product","3":"status-publish","4":"has-post-thumbnail","6":"product_cat-madi-armbander","8":"first","9":"instock","10":"sale","11":"taxable","12":"shipping-taxable","13":"purchasable","14":"product-type-simple"},"exclude_global_add_ons":[],"addons":[],"df_price":170.1,"df_sale_price":170.1,"df_regular_price":189,"df_image_link":"https:\/\/cdn02.fabioferro.eu\/wp-content\/uploads\/bracciale-madi-collezione-profondo-blu-lapis-39168.jpg","_links":{"self":[{"href":"https:\/\/www.fabioferro.eu\/de\/wp-json\/wp\/v2\/product\/160917","targetHints":{"allow":["GET"]}}],"collection":[{"href":"https:\/\/www.fabioferro.eu\/de\/wp-json\/wp\/v2\/product"}],"about":[{"href":"https:\/\/www.fabioferro.eu\/de\/wp-json\/wp\/v2\/types\/product"}],"replies":[{"embeddable":true,"href":"https:\/\/www.fabioferro.eu\/de\/wp-json\/wp\/v2\/comments?post=160917"}],"version-history":[{"count":0,"href":"https:\/\/www.fabioferro.eu\/de\/wp-json\/wp\/v2\/product\/160917\/revisions"}],"wp:featuredmedia":[{"embeddable":true,"href":"https:\/\/www.fabioferro.eu\/de\/wp-json\/wp\/v2\/media\/160042"}],"wp:attachment":[{"href":"https:\/\/www.fabioferro.eu\/de\/wp-json\/wp\/v2\/media?parent=160917"}],"wp:term":[{"taxonomy":"product_brand","embeddable":true,"href":"https:\/\/www.fabioferro.eu\/de\/wp-json\/wp\/v2\/product_brand?post=160917"},{"taxonomy":"product_cat","embeddable":true,"href":"https:\/\/www.fabioferro.eu\/de\/wp-json\/wp\/v2\/product_cat?post=160917"},{"taxonomy":"product_tag","embeddable":true,"href":"https:\/\/www.fabioferro.eu\/de\/wp-json\/wp\/v2\/product_tag?post=160917"}],"curies":[{"name":"wp","href":"https:\/\/api.w.org\/{rel}","templated":true}]}}