{"id":160936,"date":"2024-10-08T17:05:39","date_gmt":"2024-10-08T15:05:39","guid":{"rendered":"https:\/\/www.fabioferro.eu\/.html?post_type=product&#038;p=160936"},"modified":"2025-03-06T15:30:51","modified_gmt":"2025-03-06T14:30:51","slug":"madi-perlmutter-halskette-mit-weissen-zirkonen","status":"publish","type":"product","link":"https:\/\/www.fabioferro.eu\/de\/madi-perlmutter-halskette-mit-weissen-zirkonen.html","title":{"rendered":"Madi Perlmutter-Halskette mit wei\u00dfen Zirkonen"},"content":{"rendered":"<p>Mad\u00ec Halskette aus ros\u00e9farbenem 925er Silber. Die L\u00e4nge ist zwischen 44 cm und 48 cm verstellbar. Die gefassten Steine sind Perlmutt und wei\u00dfe Zirkone. Von Kunsthandwerkern hergestellt, Made in Italy. Mit Karabinerhaken f\u00fcr einen sicheren Verschluss. Wird mit einer zweij\u00e4hrigen Garantie, der offiziellen Mad\u00ec Box und einer Einkaufstasche geliefert.<\/p>\n","protected":false},"excerpt":{"rendered":"<p>Ein Schmuckst\u00fcck, das jeder Frau, die es tr\u00e4gt, Leichtigkeit und Ausstrahlung verleiht.<\/p>\n","protected":false},"featured_media":160015,"comment_status":"open","ping_status":"closed","template":"","meta":[],"product_brand":[],"product_cat":[5951],"product_tag":[],"class_list":{"0":"post-160936","1":"product","2":"type-product","3":"status-publish","4":"has-post-thumbnail","6":"product_cat-madi-halsketten","8":"first","9":"instock","10":"sale","11":"taxable","12":"shipping-taxable","13":"purchasable","14":"product-type-simple"},"exclude_global_add_ons":[],"addons":[],"df_price":215.1,"df_sale_price":215.1,"df_regular_price":239,"df_image_link":"https:\/\/cdn02.fabioferro.eu\/wp-content\/uploads\/collana-madi-lunga-collezione-madreperla-rosa-39156.jpg","_links":{"self":[{"href":"https:\/\/www.fabioferro.eu\/de\/wp-json\/wp\/v2\/product\/160936","targetHints":{"allow":["GET"]}}],"collection":[{"href":"https:\/\/www.fabioferro.eu\/de\/wp-json\/wp\/v2\/product"}],"about":[{"href":"https:\/\/www.fabioferro.eu\/de\/wp-json\/wp\/v2\/types\/product"}],"replies":[{"embeddable":true,"href":"https:\/\/www.fabioferro.eu\/de\/wp-json\/wp\/v2\/comments?post=160936"}],"version-history":[{"count":0,"href":"https:\/\/www.fabioferro.eu\/de\/wp-json\/wp\/v2\/product\/160936\/revisions"}],"wp:featuredmedia":[{"embeddable":true,"href":"https:\/\/www.fabioferro.eu\/de\/wp-json\/wp\/v2\/media\/160015"}],"wp:attachment":[{"href":"https:\/\/www.fabioferro.eu\/de\/wp-json\/wp\/v2\/media?parent=160936"}],"wp:term":[{"taxonomy":"product_brand","embeddable":true,"href":"https:\/\/www.fabioferro.eu\/de\/wp-json\/wp\/v2\/product_brand?post=160936"},{"taxonomy":"product_cat","embeddable":true,"href":"https:\/\/www.fabioferro.eu\/de\/wp-json\/wp\/v2\/product_cat?post=160936"},{"taxonomy":"product_tag","embeddable":true,"href":"https:\/\/www.fabioferro.eu\/de\/wp-json\/wp\/v2\/product_tag?post=160936"}],"curies":[{"name":"wp","href":"https:\/\/api.w.org\/{rel}","templated":true}]}}