{"id":160953,"date":"2024-10-08T17:10:51","date_gmt":"2024-10-08T15:10:51","guid":{"rendered":"https:\/\/www.fabioferro.eu\/.html?post_type=product&#038;p=160953"},"modified":"2025-03-11T17:49:27","modified_gmt":"2025-03-11T16:49:27","slug":"madi-collection-perlmutt-halskette-mit-weissen-zirkonen","status":"publish","type":"product","link":"https:\/\/www.fabioferro.eu\/de\/madi-collection-perlmutt-halskette-mit-weissen-zirkonen.html","title":{"rendered":"Madi Collection Perlmutt-Halskette mit wei\u00dfen Zirkonen"},"content":{"rendered":"<p>Mad\u00ec Halskette aus 925er Silber mit Ros\u00e9vergoldung, besetzt mit Lapislazuli und wei\u00dfen Zirkonen. Die Gesamtl\u00e4nge der Halskette betr\u00e4gt 90 cm und kann auch mit einer doppelten Schlaufe getragen werden. Ein praktischer und bequemer Karabinerhaken sorgt f\u00fcr einen sicheren Verschluss. Handgefertigt von Kunsthandwerkern, Made in Italy. Die Halskette wird mit einer zweij\u00e4hrigen Garantie, einer Einkaufstasche und der offiziellen Mad\u00ec Box geliefert.<\/p>\n","protected":false},"excerpt":{"rendered":"<p>Ein mutiges Accessoire mit leuchtenden Farben und unvergleichlicher Leuchtkraft.<\/p>\n","protected":false},"featured_media":160018,"comment_status":"open","ping_status":"closed","template":"","meta":[],"product_brand":[],"product_cat":[5951],"product_tag":[7442],"class_list":{"0":"post-160953","1":"product","2":"type-product","3":"status-publish","4":"has-post-thumbnail","6":"product_cat-madi-halsketten","7":"product_tag-verfugbar","9":"first","10":"instock","11":"sale","12":"taxable","13":"shipping-taxable","14":"purchasable","15":"product-type-simple"},"exclude_global_add_ons":[],"addons":[],"df_price":261,"df_sale_price":261,"df_regular_price":290,"df_image_link":"https:\/\/cdn02.fabioferro.eu\/wp-content\/uploads\/collana-madi-lunga-collezione-madreperla-rosa-39155.jpg","_links":{"self":[{"href":"https:\/\/www.fabioferro.eu\/de\/wp-json\/wp\/v2\/product\/160953","targetHints":{"allow":["GET"]}}],"collection":[{"href":"https:\/\/www.fabioferro.eu\/de\/wp-json\/wp\/v2\/product"}],"about":[{"href":"https:\/\/www.fabioferro.eu\/de\/wp-json\/wp\/v2\/types\/product"}],"replies":[{"embeddable":true,"href":"https:\/\/www.fabioferro.eu\/de\/wp-json\/wp\/v2\/comments?post=160953"}],"version-history":[{"count":0,"href":"https:\/\/www.fabioferro.eu\/de\/wp-json\/wp\/v2\/product\/160953\/revisions"}],"wp:featuredmedia":[{"embeddable":true,"href":"https:\/\/www.fabioferro.eu\/de\/wp-json\/wp\/v2\/media\/160018"}],"wp:attachment":[{"href":"https:\/\/www.fabioferro.eu\/de\/wp-json\/wp\/v2\/media?parent=160953"}],"wp:term":[{"taxonomy":"product_brand","embeddable":true,"href":"https:\/\/www.fabioferro.eu\/de\/wp-json\/wp\/v2\/product_brand?post=160953"},{"taxonomy":"product_cat","embeddable":true,"href":"https:\/\/www.fabioferro.eu\/de\/wp-json\/wp\/v2\/product_cat?post=160953"},{"taxonomy":"product_tag","embeddable":true,"href":"https:\/\/www.fabioferro.eu\/de\/wp-json\/wp\/v2\/product_tag?post=160953"}],"curies":[{"name":"wp","href":"https:\/\/api.w.org\/{rel}","templated":true}]}}