{"id":160977,"date":"2024-10-08T17:27:12","date_gmt":"2024-10-08T15:27:12","guid":{"rendered":"https:\/\/www.fabioferro.eu\/.html?post_type=product&#038;p=160977"},"modified":"2025-03-06T15:30:13","modified_gmt":"2025-03-06T14:30:13","slug":"madi-armband-mit-perlmutt-und-weissen-zirkonen","status":"publish","type":"product","link":"https:\/\/www.fabioferro.eu\/de\/madi-armband-mit-perlmutt-und-weissen-zirkonen.html","title":{"rendered":"Madi Armband mit Perlmutt und wei\u00dfen Zirkonen"},"content":{"rendered":"<p>Armband aus 925er Sterlingsilber, ros\u00e9vergoldet, mit Perlmutt und wei\u00dfen Zirkonen besetzt. Die Gr\u00f6\u00dfe ist dank eines zuverl\u00e4ssigen Karabinerhakens und Endringen zwischen 17 cm und 21 cm verstellbar. Handgefertigt, Made in Italy. Das Armband wird mit 2 Garantien, einer offiziellen Mad\u00ec-Box und einer Einkaufstasche geliefert.<\/p>\n","protected":false},"excerpt":{"rendered":"<p>Ein raffiniertes und kostbares Mad\u00ec-Armband, ideal f\u00fcr einen stilvollen Look.<\/p>\n","protected":false},"featured_media":160012,"comment_status":"open","ping_status":"closed","template":"","meta":[],"product_brand":[],"product_cat":[5954],"product_tag":[],"class_list":{"0":"post-160977","1":"product","2":"type-product","3":"status-publish","4":"has-post-thumbnail","6":"product_cat-madi-armbander","8":"first","9":"instock","10":"sale","11":"taxable","12":"shipping-taxable","13":"purchasable","14":"product-type-simple"},"exclude_global_add_ons":[],"addons":[],"df_price":198,"df_sale_price":198,"df_regular_price":220,"df_image_link":"https:\/\/cdn02.fabioferro.eu\/wp-content\/uploads\/bracciale-madi-collezione-madreperla-placcato-rosa-39157.jpg","_links":{"self":[{"href":"https:\/\/www.fabioferro.eu\/de\/wp-json\/wp\/v2\/product\/160977","targetHints":{"allow":["GET"]}}],"collection":[{"href":"https:\/\/www.fabioferro.eu\/de\/wp-json\/wp\/v2\/product"}],"about":[{"href":"https:\/\/www.fabioferro.eu\/de\/wp-json\/wp\/v2\/types\/product"}],"replies":[{"embeddable":true,"href":"https:\/\/www.fabioferro.eu\/de\/wp-json\/wp\/v2\/comments?post=160977"}],"version-history":[{"count":0,"href":"https:\/\/www.fabioferro.eu\/de\/wp-json\/wp\/v2\/product\/160977\/revisions"}],"wp:featuredmedia":[{"embeddable":true,"href":"https:\/\/www.fabioferro.eu\/de\/wp-json\/wp\/v2\/media\/160012"}],"wp:attachment":[{"href":"https:\/\/www.fabioferro.eu\/de\/wp-json\/wp\/v2\/media?parent=160977"}],"wp:term":[{"taxonomy":"product_brand","embeddable":true,"href":"https:\/\/www.fabioferro.eu\/de\/wp-json\/wp\/v2\/product_brand?post=160977"},{"taxonomy":"product_cat","embeddable":true,"href":"https:\/\/www.fabioferro.eu\/de\/wp-json\/wp\/v2\/product_cat?post=160977"},{"taxonomy":"product_tag","embeddable":true,"href":"https:\/\/www.fabioferro.eu\/de\/wp-json\/wp\/v2\/product_tag?post=160977"}],"curies":[{"name":"wp","href":"https:\/\/api.w.org\/{rel}","templated":true}]}}