{"id":161142,"date":"2024-10-09T08:25:46","date_gmt":"2024-10-09T06:25:46","guid":{"rendered":"https:\/\/www.fabioferro.eu\/fope-flex-it-armband-prima-collection-in-weiss-und-gelbgold-mit-diamant.html"},"modified":"2026-01-09T16:21:47","modified_gmt":"2026-01-09T15:21:47","slug":"fope-flex-it-armband-prima-collection-in-weiss-und-gelbgold-mit-diamant","status":"publish","type":"product","link":"https:\/\/www.fabioferro.eu\/de\/fope-flex-it-armband-prima-collection-in-weiss-und-gelbgold-mit-diamant.html","title":{"rendered":"Fope Flex It Armband Prima Collection in Wei\u00df- und Gelbgold mit Diamant"},"content":{"rendered":"<p class=\"p1\">Armband aus der Prima Kollektion von Fope, ein Meisterwerk der Handwerkskunst aus 18 Karat Wei\u00df- und Gelbgold.<\/p>\n<p class=\"p1\">In der Mitte ist ein markantes Element aus Wei\u00dfgold mit einem zarten Diamanten von 0,01 Karat verziert, der das geflochtene Glied mit einem Hauch von diskretem Luxus erstrahlen l\u00e4sst.<\/p>\n<p class=\"p1\">Die Flex&#8217;it-Technologie mit integrierten Federn aus Feingold verleiht dem Armband au\u00dfergew\u00f6hnliche Flexibilit\u00e4t und erm\u00f6glicht einen bequemen, verschlusslosen Sitz f\u00fcr ein unvergleichliches Trageerlebnis.<\/p>\n<p class=\"p1\">Jedes Armband wird strengen Widerstandstests unterzogen und durchl\u00e4uft 12.000 Zugzyklen, um h\u00f6chste Qualit\u00e4t zu garantieren, bevor es in die H\u00e4nde des Kunden gelangt.<\/p>\n<p class=\"p1\">Dieses in Italien handgefertigte Schmuckst\u00fcck ist eine authentische Hommage an die Goldschmiedetradition unseres Landes.<\/p>\n<p class=\"p1\">Sie wird in einer eleganten Schachtel geliefert und verf\u00fcgt \u00fcber eine internationale Fope-Garantie, ein Symbol f\u00fcr Qualit\u00e4t und Langlebigkeit.<\/p>\n<p><img decoding=\"async\" class=\"alignnone size-full wp-image-205465\" src=\"http:\/\/cdn02.fabioferro.eu\/wp-content\/uploads\/tabelle-misure-bracciali.jpg\" alt=\"\" width=\"1900\" height=\"153\" title=\"\" srcset=\"https:\/\/cdn02.fabioferro.eu\/wp-content\/uploads\/tabelle-misure-bracciali.jpg 1900w, https:\/\/cdn02.fabioferro.eu\/wp-content\/uploads\/tabelle-misure-bracciali-768x62.jpg 768w, https:\/\/cdn02.fabioferro.eu\/wp-content\/uploads\/tabelle-misure-bracciali-1536x124.jpg 1536w, https:\/\/cdn02.fabioferro.eu\/wp-content\/uploads\/tabelle-misure-bracciali-990x80.jpg 990w, https:\/\/cdn02.fabioferro.eu\/wp-content\/uploads\/tabelle-misure-bracciali-441x36.jpg 441w, https:\/\/cdn02.fabioferro.eu\/wp-content\/uploads\/tabelle-misure-bracciali-600x48.jpg 600w, https:\/\/cdn02.fabioferro.eu\/wp-content\/uploads\/tabelle-misure-bracciali-150x12.jpg 150w\" sizes=\"(max-width: 1900px) 100vw, 1900px\" \/><\/p>\n","protected":false},"excerpt":{"rendered":"<p>FOPE Armband aus Gold mit Diamanten, ein einzigartiges Schmuckst\u00fcck, das Handwerkskunst und raffinierte Sch\u00f6nheit vereint.<\/p>\n","protected":false},"featured_media":161119,"comment_status":"open","ping_status":"closed","template":"","meta":[],"product_brand":[154],"product_cat":[6161],"product_tag":[],"class_list":{"0":"post-161142","1":"product","2":"type-product","3":"status-publish","4":"has-post-thumbnail","6":"product_brand-fope","7":"product_cat-fope-armbander","9":"first","10":"instock","11":"taxable","12":"shipping-taxable","13":"purchasable","14":"product-type-variable","15":"has-default-attributes"},"exclude_global_add_ons":[],"addons":[],"df_price":2560,"df_sale_price":"","df_regular_price":2560,"df_image_link":"https:\/\/cdn02.fabioferro.eu\/wp-content\/uploads\/bracciale-fope-flex-it-collezione-prima-in-oro-bianco-e-giallo-con-diamante.jpg","_links":{"self":[{"href":"https:\/\/www.fabioferro.eu\/de\/wp-json\/wp\/v2\/product\/161142","targetHints":{"allow":["GET"]}}],"collection":[{"href":"https:\/\/www.fabioferro.eu\/de\/wp-json\/wp\/v2\/product"}],"about":[{"href":"https:\/\/www.fabioferro.eu\/de\/wp-json\/wp\/v2\/types\/product"}],"replies":[{"embeddable":true,"href":"https:\/\/www.fabioferro.eu\/de\/wp-json\/wp\/v2\/comments?post=161142"}],"version-history":[{"count":1,"href":"https:\/\/www.fabioferro.eu\/de\/wp-json\/wp\/v2\/product\/161142\/revisions"}],"predecessor-version":[{"id":206355,"href":"https:\/\/www.fabioferro.eu\/de\/wp-json\/wp\/v2\/product\/161142\/revisions\/206355"}],"wp:featuredmedia":[{"embeddable":true,"href":"https:\/\/www.fabioferro.eu\/de\/wp-json\/wp\/v2\/media\/161119"}],"wp:attachment":[{"href":"https:\/\/www.fabioferro.eu\/de\/wp-json\/wp\/v2\/media?parent=161142"}],"wp:term":[{"taxonomy":"product_brand","embeddable":true,"href":"https:\/\/www.fabioferro.eu\/de\/wp-json\/wp\/v2\/product_brand?post=161142"},{"taxonomy":"product_cat","embeddable":true,"href":"https:\/\/www.fabioferro.eu\/de\/wp-json\/wp\/v2\/product_cat?post=161142"},{"taxonomy":"product_tag","embeddable":true,"href":"https:\/\/www.fabioferro.eu\/de\/wp-json\/wp\/v2\/product_tag?post=161142"}],"curies":[{"name":"wp","href":"https:\/\/api.w.org\/{rel}","templated":true}]}}