{"id":161202,"date":"2024-10-09T07:55:49","date_gmt":"2024-10-09T05:55:49","guid":{"rendered":"https:\/\/www.fabioferro.eu\/fope-panorama-flex-it-armband-aus-gelbgold-mit-diamant.html"},"modified":"2026-01-09T16:19:11","modified_gmt":"2026-01-09T15:19:11","slug":"fope-panorama-flex-it-armband-aus-gelbgold-mit-diamant","status":"publish","type":"product","link":"https:\/\/www.fabioferro.eu\/de\/fope-panorama-flex-it-armband-aus-gelbgold-mit-diamant.html","title":{"rendered":"Fope Panorama Flex It Armband aus Gelbgold mit Diamant"},"content":{"rendered":"<p class=\"p1\">Armband aus der Kollektion Panorama von Fope, komplett aus 18 Karat Gelbgold mit einem Hauch von hoher Handwerkskunst gefertigt.<\/p>\n<p class=\"p1\">In der Mitte rahmt ein gelbgoldenes Detail das Fope-Logo und einen kleinen Diamanten von 0,01 Karat ein und verleiht dem raffinierten geflochtenen Glied eine diskrete Eleganz.<\/p>\n<p class=\"p1\">Dank der Flex&#8217;it-Technologie verleihen d\u00fcnne Goldfedern im Inneren dem Armband eine unvergleichliche Flexibilit\u00e4t und erm\u00f6glichen einen bequemen Sitz ohne Verschl\u00fcsse.<\/p>\n<p class=\"p1\">Jedes Armband wird vor dem Verkauf mit \u00fcber 12.000 Ziehvorg\u00e4ngen getestet, um eine tadellose Qualit\u00e4t zu gew\u00e4hrleisten.<\/p>\n<p class=\"p1\">Handgefertigt in Italien, repr\u00e4sentiert es italienische Goldschmiedetradition in Reinkultur.<\/p>\n<p class=\"p1\">Wird in einer exquisiten Box geliefert, komplett mit internationaler Fope-Garantie.<\/p>\n<p><img decoding=\"async\" class=\"alignnone size-full wp-image-205465\" src=\"http:\/\/cdn02.fabioferro.eu\/wp-content\/uploads\/tabelle-misure-bracciali.jpg\" alt=\"\" width=\"1900\" height=\"153\" title=\"\" srcset=\"https:\/\/cdn02.fabioferro.eu\/wp-content\/uploads\/tabelle-misure-bracciali.jpg 1900w, https:\/\/cdn02.fabioferro.eu\/wp-content\/uploads\/tabelle-misure-bracciali-768x62.jpg 768w, https:\/\/cdn02.fabioferro.eu\/wp-content\/uploads\/tabelle-misure-bracciali-1536x124.jpg 1536w, https:\/\/cdn02.fabioferro.eu\/wp-content\/uploads\/tabelle-misure-bracciali-990x80.jpg 990w, https:\/\/cdn02.fabioferro.eu\/wp-content\/uploads\/tabelle-misure-bracciali-441x36.jpg 441w, https:\/\/cdn02.fabioferro.eu\/wp-content\/uploads\/tabelle-misure-bracciali-600x48.jpg 600w, https:\/\/cdn02.fabioferro.eu\/wp-content\/uploads\/tabelle-misure-bracciali-150x12.jpg 150w\" sizes=\"(max-width: 1900px) 100vw, 1900px\" \/><\/p>\n","protected":false},"excerpt":{"rendered":"<p>Raffiniertes Armband von Fope aus Gelbgold mit Diamanten, handgefertigt f\u00fcr alle, die zeitlosen Luxus lieben.<\/p>\n","protected":false},"featured_media":161087,"comment_status":"open","ping_status":"closed","template":"","meta":[],"product_brand":[154],"product_cat":[6161],"product_tag":[],"class_list":{"0":"post-161202","1":"product","2":"type-product","3":"status-publish","4":"has-post-thumbnail","6":"product_brand-fope","7":"product_cat-fope-armbander","9":"first","10":"instock","11":"taxable","12":"shipping-taxable","13":"purchasable","14":"product-type-variable","15":"has-default-attributes"},"exclude_global_add_ons":[],"addons":[],"df_price":6310,"df_sale_price":"","df_regular_price":6310,"df_image_link":"https:\/\/cdn02.fabioferro.eu\/wp-content\/uploads\/bracciale-fope-panorama-flex-it-in-oro-giallo-con-diamante.jpg","_links":{"self":[{"href":"https:\/\/www.fabioferro.eu\/de\/wp-json\/wp\/v2\/product\/161202","targetHints":{"allow":["GET"]}}],"collection":[{"href":"https:\/\/www.fabioferro.eu\/de\/wp-json\/wp\/v2\/product"}],"about":[{"href":"https:\/\/www.fabioferro.eu\/de\/wp-json\/wp\/v2\/types\/product"}],"replies":[{"embeddable":true,"href":"https:\/\/www.fabioferro.eu\/de\/wp-json\/wp\/v2\/comments?post=161202"}],"version-history":[{"count":1,"href":"https:\/\/www.fabioferro.eu\/de\/wp-json\/wp\/v2\/product\/161202\/revisions"}],"predecessor-version":[{"id":206254,"href":"https:\/\/www.fabioferro.eu\/de\/wp-json\/wp\/v2\/product\/161202\/revisions\/206254"}],"wp:featuredmedia":[{"embeddable":true,"href":"https:\/\/www.fabioferro.eu\/de\/wp-json\/wp\/v2\/media\/161087"}],"wp:attachment":[{"href":"https:\/\/www.fabioferro.eu\/de\/wp-json\/wp\/v2\/media?parent=161202"}],"wp:term":[{"taxonomy":"product_brand","embeddable":true,"href":"https:\/\/www.fabioferro.eu\/de\/wp-json\/wp\/v2\/product_brand?post=161202"},{"taxonomy":"product_cat","embeddable":true,"href":"https:\/\/www.fabioferro.eu\/de\/wp-json\/wp\/v2\/product_cat?post=161202"},{"taxonomy":"product_tag","embeddable":true,"href":"https:\/\/www.fabioferro.eu\/de\/wp-json\/wp\/v2\/product_tag?post=161202"}],"curies":[{"name":"wp","href":"https:\/\/api.w.org\/{rel}","templated":true}]}}