{"id":161456,"date":"2024-10-10T16:58:36","date_gmt":"2024-10-10T14:58:36","guid":{"rendered":"https:\/\/www.fabioferro.eu\/.html?post_type=product&#038;p=161456"},"modified":"2025-03-06T15:28:18","modified_gmt":"2025-03-06T14:28:18","slug":"festina-chronograph-schwarzes-leder-quarz-42-mm-uhr","status":"publish","type":"product","link":"https:\/\/www.fabioferro.eu\/de\/festina-chronograph-schwarzes-leder-quarz-42-mm-uhr.html","title":{"rendered":"Festina Chronograph Schwarzes Leder Quarz 42 mm Uhr"},"content":{"rendered":"<p>Edelstahlgeh\u00e4use mit einem Durchmesser von 42 mm und einer Dicke von 10,2 mm, wasserdicht bis 10 bar\/100 m, schwarzes Zifferblatt mit silbernen, auch im Dunkeln gut sichtbaren Zeigern und gleichfarbigen Indizes, geh\u00e4rtetes Mineralglas, sto\u00dffest, schwarzes Kalbslederarmband mit Dornschlie\u00dfe, Miyota-Quarzwerk mit Stunden-, Minuten- und Sekundenanzeige sowie drei Chronofunktionen, offizielle Festina-Box und Garantie.<\/p>\n","protected":false},"excerpt":{"rendered":"<p>Eine Sportuhr, die in puncto Stil und Pr\u00e4zision un\u00fcbertroffen ist.<\/p>\n","protected":false},"featured_media":161303,"comment_status":"open","ping_status":"closed","template":"","meta":[],"product_brand":[171],"product_cat":[5998],"product_tag":[],"class_list":{"0":"post-161456","1":"product","2":"type-product","3":"status-publish","4":"has-post-thumbnail","6":"product_brand-festina","7":"product_cat-festina-herrenuhren","9":"first","10":"outofstock","11":"sale","12":"taxable","13":"shipping-taxable","14":"purchasable","15":"product-type-simple"},"exclude_global_add_ons":[],"addons":[],"df_price":79.2,"df_sale_price":79.2,"df_regular_price":99,"df_image_link":"https:\/\/cdn02.fabioferro.eu\/wp-content\/uploads\/orologio-festina-chrono-nero-pelle-f6855-8.jpg","_links":{"self":[{"href":"https:\/\/www.fabioferro.eu\/de\/wp-json\/wp\/v2\/product\/161456","targetHints":{"allow":["GET"]}}],"collection":[{"href":"https:\/\/www.fabioferro.eu\/de\/wp-json\/wp\/v2\/product"}],"about":[{"href":"https:\/\/www.fabioferro.eu\/de\/wp-json\/wp\/v2\/types\/product"}],"replies":[{"embeddable":true,"href":"https:\/\/www.fabioferro.eu\/de\/wp-json\/wp\/v2\/comments?post=161456"}],"version-history":[{"count":0,"href":"https:\/\/www.fabioferro.eu\/de\/wp-json\/wp\/v2\/product\/161456\/revisions"}],"wp:featuredmedia":[{"embeddable":true,"href":"https:\/\/www.fabioferro.eu\/de\/wp-json\/wp\/v2\/media\/161303"}],"wp:attachment":[{"href":"https:\/\/www.fabioferro.eu\/de\/wp-json\/wp\/v2\/media?parent=161456"}],"wp:term":[{"taxonomy":"product_brand","embeddable":true,"href":"https:\/\/www.fabioferro.eu\/de\/wp-json\/wp\/v2\/product_brand?post=161456"},{"taxonomy":"product_cat","embeddable":true,"href":"https:\/\/www.fabioferro.eu\/de\/wp-json\/wp\/v2\/product_cat?post=161456"},{"taxonomy":"product_tag","embeddable":true,"href":"https:\/\/www.fabioferro.eu\/de\/wp-json\/wp\/v2\/product_tag?post=161456"}],"curies":[{"name":"wp","href":"https:\/\/api.w.org\/{rel}","templated":true}]}}