{"id":161473,"date":"2024-10-10T17:19:57","date_gmt":"2024-10-10T15:19:57","guid":{"rendered":"https:\/\/www.fabioferro.eu\/.html?post_type=product&#038;p=161473"},"modified":"2026-01-22T21:22:22","modified_gmt":"2026-01-22T20:22:22","slug":"festina-chrono-sport-junior-rot-weiss-quarz-365-mm-uhr","status":"publish","type":"product","link":"https:\/\/www.fabioferro.eu\/de\/festina-chrono-sport-junior-rot-weiss-quarz-365-mm-uhr.html","title":{"rendered":"Festina Chrono Sport Junior Rot Wei\u00df Quarz 36,5 mm Uhr"},"content":{"rendered":"<p>Edelstahlgeh\u00e4use mit einem Durchmesser von 36,5 mm und einer Dicke von 10,65 mm, wasserdicht bis 5 bar\/50 m, wei\u00dfes Zifferblatt mit drei Hilfszifferbl\u00e4ttern f\u00fcr die Stunden-, Sekunden- und kleine Sekundenanzeige, gew\u00f6lbtes, geh\u00e4rtetes Mineralglas, verstellbares Edelstahlarmband, Miyota-Quarzwerk mit Stunden-, Minuten- und Sekundenanzeige, offizielle Festina-Box und Garantie.<\/p>\n","protected":false},"excerpt":{"rendered":"<p>Eine Sportuhr, die in puncto Stil und Pr\u00e4zision un\u00fcbertroffen ist.<\/p>\n","protected":false},"featured_media":161285,"comment_status":"open","ping_status":"closed","template":"","meta":[],"product_brand":[171],"product_cat":[5998],"product_tag":[7442],"class_list":{"0":"post-161473","1":"product","2":"type-product","3":"status-publish","4":"has-post-thumbnail","6":"product_brand-festina","7":"product_cat-festina-herrenuhren","8":"product_tag-verfugbar","10":"first","11":"outofstock","12":"sale","13":"taxable","14":"shipping-taxable","15":"purchasable","16":"product-type-simple"},"exclude_global_add_ons":[],"addons":[],"df_price":95.2,"df_sale_price":95.2,"df_regular_price":119,"df_image_link":"https:\/\/cdn02.fabioferro.eu\/wp-content\/uploads\/orologio-festina-chrono-quartz-bianco-acciaio-f20457-1.jpg","_links":{"self":[{"href":"https:\/\/www.fabioferro.eu\/de\/wp-json\/wp\/v2\/product\/161473","targetHints":{"allow":["GET"]}}],"collection":[{"href":"https:\/\/www.fabioferro.eu\/de\/wp-json\/wp\/v2\/product"}],"about":[{"href":"https:\/\/www.fabioferro.eu\/de\/wp-json\/wp\/v2\/types\/product"}],"replies":[{"embeddable":true,"href":"https:\/\/www.fabioferro.eu\/de\/wp-json\/wp\/v2\/comments?post=161473"}],"version-history":[{"count":0,"href":"https:\/\/www.fabioferro.eu\/de\/wp-json\/wp\/v2\/product\/161473\/revisions"}],"wp:featuredmedia":[{"embeddable":true,"href":"https:\/\/www.fabioferro.eu\/de\/wp-json\/wp\/v2\/media\/161285"}],"wp:attachment":[{"href":"https:\/\/www.fabioferro.eu\/de\/wp-json\/wp\/v2\/media?parent=161473"}],"wp:term":[{"taxonomy":"product_brand","embeddable":true,"href":"https:\/\/www.fabioferro.eu\/de\/wp-json\/wp\/v2\/product_brand?post=161473"},{"taxonomy":"product_cat","embeddable":true,"href":"https:\/\/www.fabioferro.eu\/de\/wp-json\/wp\/v2\/product_cat?post=161473"},{"taxonomy":"product_tag","embeddable":true,"href":"https:\/\/www.fabioferro.eu\/de\/wp-json\/wp\/v2\/product_tag?post=161473"}],"curies":[{"name":"wp","href":"https:\/\/api.w.org\/{rel}","templated":true}]}}