{"id":161493,"date":"2024-10-10T17:30:56","date_gmt":"2024-10-10T15:30:56","guid":{"rendered":"https:\/\/www.fabioferro.eu\/.html?post_type=product&#038;p=161493"},"modified":"2025-05-29T17:16:32","modified_gmt":"2025-05-29T15:16:32","slug":"festina-classic-time-keramik-quarz-35-mm-uhr","status":"publish","type":"product","link":"https:\/\/www.fabioferro.eu\/de\/festina-classic-time-keramik-quarz-35-mm-uhr.html","title":{"rendered":"Festina Classic Time Keramik Quarz 35 mm Uhr"},"content":{"rendered":"<p>Edelstahlgeh\u00e4use mit einem Durchmesser von 35 mm und einer Dicke von 8,4 mm, wasserdicht bis 5 bar\/50 m, wei\u00dfes Zifferblatt mit Zeigern und Indexen aus Zirkonen, die im Dunkeln nicht sichtbar sind, geh\u00e4rtetes, gew\u00f6lbtes Mineralglas, verstellbares Armband aus Edelstahl und Keramik, Miyota-Quarzwerk mit Stunden-, Minuten- und Sekundenanzeige, Box und offizielle Festina-Garantie.<\/p>\n","protected":false},"excerpt":{"rendered":"<p>Eine Sportuhr, die in puncto Stil und Pr\u00e4zision un\u00fcbertroffen ist.<\/p>\n","protected":false},"featured_media":161294,"comment_status":"open","ping_status":"closed","template":"","meta":[],"product_brand":[171],"product_cat":[5976],"product_tag":[7442],"class_list":{"0":"post-161493","1":"product","2":"type-product","3":"status-publish","4":"has-post-thumbnail","6":"product_brand-festina","7":"product_cat-festina-damenuhren","8":"product_tag-verfugbar","10":"first","11":"instock","12":"sale","13":"taxable","14":"shipping-taxable","15":"purchasable","16":"product-type-simple"},"exclude_global_add_ons":[],"addons":[],"df_price":119.2,"df_sale_price":119.2,"df_regular_price":149,"df_image_link":"https:\/\/cdn02.fabioferro.eu\/wp-content\/uploads\/orologio-festina-bianco-ceramica-f20499-1.jpg","_links":{"self":[{"href":"https:\/\/www.fabioferro.eu\/de\/wp-json\/wp\/v2\/product\/161493","targetHints":{"allow":["GET"]}}],"collection":[{"href":"https:\/\/www.fabioferro.eu\/de\/wp-json\/wp\/v2\/product"}],"about":[{"href":"https:\/\/www.fabioferro.eu\/de\/wp-json\/wp\/v2\/types\/product"}],"replies":[{"embeddable":true,"href":"https:\/\/www.fabioferro.eu\/de\/wp-json\/wp\/v2\/comments?post=161493"}],"version-history":[{"count":0,"href":"https:\/\/www.fabioferro.eu\/de\/wp-json\/wp\/v2\/product\/161493\/revisions"}],"wp:featuredmedia":[{"embeddable":true,"href":"https:\/\/www.fabioferro.eu\/de\/wp-json\/wp\/v2\/media\/161294"}],"wp:attachment":[{"href":"https:\/\/www.fabioferro.eu\/de\/wp-json\/wp\/v2\/media?parent=161493"}],"wp:term":[{"taxonomy":"product_brand","embeddable":true,"href":"https:\/\/www.fabioferro.eu\/de\/wp-json\/wp\/v2\/product_brand?post=161493"},{"taxonomy":"product_cat","embeddable":true,"href":"https:\/\/www.fabioferro.eu\/de\/wp-json\/wp\/v2\/product_cat?post=161493"},{"taxonomy":"product_tag","embeddable":true,"href":"https:\/\/www.fabioferro.eu\/de\/wp-json\/wp\/v2\/product_tag?post=161493"}],"curies":[{"name":"wp","href":"https:\/\/api.w.org\/{rel}","templated":true}]}}