{"id":161515,"date":"2024-10-10T17:55:24","date_gmt":"2024-10-10T15:55:24","guid":{"rendered":"https:\/\/www.fabioferro.eu\/.html?post_type=product&#038;p=161515"},"modified":"2025-03-06T15:27:38","modified_gmt":"2025-03-06T14:27:38","slug":"festina-chrono-bike-stahl-quarz-44-5-mm-uhr","status":"publish","type":"product","link":"https:\/\/www.fabioferro.eu\/de\/festina-chrono-bike-stahl-quarz-44-5-mm-uhr.html","title":{"rendered":"Festina Chrono Bike Stahl Quarz 44.5 mm Uhr"},"content":{"rendered":"<p>Edelstahlgeh\u00e4use mit einem Durchmesser von 44,5 mm und einer Dicke von 12,45 mm. Wasserdicht bis 10 bar\/100 m. Blaues Zifferblatt mit grauen Zeigern und Indexen, die auch im Dunkeln gut sichtbar sind. Geh\u00e4rtetes Mineralglas, sto\u00dffest. Edelstahlarmband mit Faltschlie\u00dfe, verstellbar. Miyota-Quarzwerk mit Stunden-, Minuten- und Sekundenanzeige sowie drei Chronofunktionen. Wird mit offizieller Festina-Box und Garantie geliefert.<\/p>\n","protected":false},"excerpt":{"rendered":"<p>Eine Sportuhr, die in puncto Stil und Pr\u00e4zision un\u00fcbertroffen ist.<\/p>\n","protected":false},"featured_media":161312,"comment_status":"open","ping_status":"closed","template":"","meta":[],"product_brand":[171],"product_cat":[5998],"product_tag":[7442],"class_list":{"0":"post-161515","1":"product","2":"type-product","3":"status-publish","4":"has-post-thumbnail","6":"product_brand-festina","7":"product_cat-festina-herrenuhren","8":"product_tag-verfugbar","10":"first","11":"outofstock","12":"sale","13":"taxable","14":"shipping-taxable","15":"purchasable","16":"product-type-simple"},"exclude_global_add_ons":[],"addons":[],"df_price":159.2,"df_sale_price":159.2,"df_regular_price":199,"df_image_link":"https:\/\/cdn02.fabioferro.eu\/wp-content\/uploads\/orologio-fetina-chrono-automatico-acciaio-f20671-1.jpg","_links":{"self":[{"href":"https:\/\/www.fabioferro.eu\/de\/wp-json\/wp\/v2\/product\/161515","targetHints":{"allow":["GET"]}}],"collection":[{"href":"https:\/\/www.fabioferro.eu\/de\/wp-json\/wp\/v2\/product"}],"about":[{"href":"https:\/\/www.fabioferro.eu\/de\/wp-json\/wp\/v2\/types\/product"}],"replies":[{"embeddable":true,"href":"https:\/\/www.fabioferro.eu\/de\/wp-json\/wp\/v2\/comments?post=161515"}],"version-history":[{"count":0,"href":"https:\/\/www.fabioferro.eu\/de\/wp-json\/wp\/v2\/product\/161515\/revisions"}],"wp:featuredmedia":[{"embeddable":true,"href":"https:\/\/www.fabioferro.eu\/de\/wp-json\/wp\/v2\/media\/161312"}],"wp:attachment":[{"href":"https:\/\/www.fabioferro.eu\/de\/wp-json\/wp\/v2\/media?parent=161515"}],"wp:term":[{"taxonomy":"product_brand","embeddable":true,"href":"https:\/\/www.fabioferro.eu\/de\/wp-json\/wp\/v2\/product_brand?post=161515"},{"taxonomy":"product_cat","embeddable":true,"href":"https:\/\/www.fabioferro.eu\/de\/wp-json\/wp\/v2\/product_cat?post=161515"},{"taxonomy":"product_tag","embeddable":true,"href":"https:\/\/www.fabioferro.eu\/de\/wp-json\/wp\/v2\/product_tag?post=161515"}],"curies":[{"name":"wp","href":"https:\/\/api.w.org\/{rel}","templated":true}]}}