{"id":161624,"date":"2023-05-23T16:52:38","date_gmt":"2023-05-23T14:52:38","guid":{"rendered":"https:\/\/www.fabioferro.eu\/.html?post_type=product&#038;p=161624"},"modified":"2025-04-03T10:41:15","modified_gmt":"2025-04-03T08:41:15","slug":"madi-laguna-luce-ohrringe-mit-blauem-hydrothermalquarz-copy","status":"publish","type":"product","link":"https:\/\/www.fabioferro.eu\/de\/madi-laguna-luce-ohrringe-mit-blauem-hydrothermalquarz-copy.html","title":{"rendered":"Madi Laguna Luce Ohrringe mit blauem Hydrothermalquarz"},"content":{"rendered":"<p>Ohrringe aus 925er Silber mit Ros\u00e9vergoldung, besetzt mit wei\u00dfen Zirkonen im Brillantschliff. Vollst\u00e4ndig in Italien handgefertigt. Praktischer und bequemer Clip- und Stiftverschluss. Die Hauptsteine sind blaue hydrothermale Quarze. Wird mit der offiziellen Schachtel und Garantie von Mad\u00ec geliefert.<\/p>\n","protected":false},"excerpt":{"rendered":"<p>Zwei Juwelen von unverwechselbarem Licht und Farbe, immer bereit, getragen zu werden.<\/p>\n","protected":false},"featured_media":161627,"comment_status":"open","ping_status":"closed","template":"","meta":[],"product_brand":[],"product_cat":[5921],"product_tag":[7442],"class_list":{"0":"post-161624","1":"product","2":"type-product","3":"status-publish","4":"has-post-thumbnail","6":"product_cat-madi-ohrringe","7":"product_tag-verfugbar","9":"first","10":"instock","11":"sale","12":"taxable","13":"shipping-taxable","14":"purchasable","15":"product-type-simple"},"exclude_global_add_ons":[],"addons":[],"df_price":143.55,"df_sale_price":143.55,"df_regular_price":159.5,"df_image_link":"https:\/\/cdn02.fabioferro.eu\/wp-content\/uploads\/orecchini-madi-collezione-luce-in-argento-rosato-39075.jpg","_links":{"self":[{"href":"https:\/\/www.fabioferro.eu\/de\/wp-json\/wp\/v2\/product\/161624","targetHints":{"allow":["GET"]}}],"collection":[{"href":"https:\/\/www.fabioferro.eu\/de\/wp-json\/wp\/v2\/product"}],"about":[{"href":"https:\/\/www.fabioferro.eu\/de\/wp-json\/wp\/v2\/types\/product"}],"replies":[{"embeddable":true,"href":"https:\/\/www.fabioferro.eu\/de\/wp-json\/wp\/v2\/comments?post=161624"}],"version-history":[{"count":0,"href":"https:\/\/www.fabioferro.eu\/de\/wp-json\/wp\/v2\/product\/161624\/revisions"}],"wp:featuredmedia":[{"embeddable":true,"href":"https:\/\/www.fabioferro.eu\/de\/wp-json\/wp\/v2\/media\/161627"}],"wp:attachment":[{"href":"https:\/\/www.fabioferro.eu\/de\/wp-json\/wp\/v2\/media?parent=161624"}],"wp:term":[{"taxonomy":"product_brand","embeddable":true,"href":"https:\/\/www.fabioferro.eu\/de\/wp-json\/wp\/v2\/product_brand?post=161624"},{"taxonomy":"product_cat","embeddable":true,"href":"https:\/\/www.fabioferro.eu\/de\/wp-json\/wp\/v2\/product_cat?post=161624"},{"taxonomy":"product_tag","embeddable":true,"href":"https:\/\/www.fabioferro.eu\/de\/wp-json\/wp\/v2\/product_tag?post=161624"}],"curies":[{"name":"wp","href":"https:\/\/api.w.org\/{rel}","templated":true}]}}