{"id":161701,"date":"2024-10-12T09:23:17","date_gmt":"2024-10-12T07:23:17","guid":{"rendered":"https:\/\/www.fabioferro.eu\/.html?post_type=product&#038;p=161701"},"modified":"2026-01-09T16:22:32","modified_gmt":"2026-01-09T15:22:32","slug":"fope-armband-prima-flex-it-kollektion-in-weissgold-mit-schwarzen-diamanten","status":"publish","type":"product","link":"https:\/\/www.fabioferro.eu\/de\/fope-armband-prima-flex-it-kollektion-in-weissgold-mit-schwarzen-diamanten.html","title":{"rendered":"Fope Armband Prima Flex It Kollektion in Wei\u00dfgold mit schwarzen Diamanten"},"content":{"rendered":"<p>Ein Schmuckst\u00fcck, das von erfahrenen Kunsthandwerkern vollst\u00e4ndig aus gl\u00e4nzendem 18 Karat Wei\u00dfgold und schwarzen Diamanten gefertigt wurde.<span class=\"Apple-converted-space\"> <\/span><\/p>\n<p>Das feinmaschige Netz ist 3 mm dick. Das zentrale Element hat eine H\u00f6he von 7 mm. Es ist mit schwarzen Brillanten von 0,18 Karat besetzt. Gegen\u00fcber dem zentralen Element befindet sich eine Platte aus Wei\u00dfgold, auf der das FOPE-Zeichen und andere Produktionsstempel eingraviert sind.<span class=\"Apple-converted-space\"> <\/span><\/p>\n<p>Das Armband ist dank Dutzender kleiner Wei\u00dfgoldfedern, die entlang der Glieder versteckt sind, vollkommen elastisch. Patentierte Flex&#8217;it-Technologie.<span class=\"Apple-converted-space\"> <\/span>Jedes Armband wird mit 12.000 Ziehungen getestet, bevor es auf den Markt kommt, um seine Zuverl\u00e4ssigkeit und Qualit\u00e4t im Laufe der Zeit zu beweisen.<\/p>\n<p>Armband handgefertigt von Handwerkern aus Vicenza. Qualit\u00e4t Made in Italy.<\/p>\n<p>Mit einem eleganten Etui und internationaler Fope-Garantie.<\/p>\n<p><img decoding=\"async\" class=\"alignnone size-full wp-image-205465\" src=\"http:\/\/cdn02.fabioferro.eu\/wp-content\/uploads\/tabelle-misure-bracciali.jpg\" alt=\"\" width=\"1900\" height=\"153\" title=\"\" srcset=\"https:\/\/cdn02.fabioferro.eu\/wp-content\/uploads\/tabelle-misure-bracciali.jpg 1900w, https:\/\/cdn02.fabioferro.eu\/wp-content\/uploads\/tabelle-misure-bracciali-768x62.jpg 768w, https:\/\/cdn02.fabioferro.eu\/wp-content\/uploads\/tabelle-misure-bracciali-1536x124.jpg 1536w, https:\/\/cdn02.fabioferro.eu\/wp-content\/uploads\/tabelle-misure-bracciali-990x80.jpg 990w, https:\/\/cdn02.fabioferro.eu\/wp-content\/uploads\/tabelle-misure-bracciali-441x36.jpg 441w, https:\/\/cdn02.fabioferro.eu\/wp-content\/uploads\/tabelle-misure-bracciali-600x48.jpg 600w, https:\/\/cdn02.fabioferro.eu\/wp-content\/uploads\/tabelle-misure-bracciali-150x12.jpg 150w\" sizes=\"(max-width: 1900px) 100vw, 1900px\" \/><\/p>\n","protected":false},"excerpt":{"rendered":"<p>Ein extrem helles und gl\u00e4nzendes Armband dank der Verwendung von Wei\u00dfgold und Diamanten. In Italien handgefertigter Schmuck.<\/p>\n","protected":false},"featured_media":163833,"comment_status":"open","ping_status":"closed","template":"","meta":[],"product_brand":[154],"product_cat":[6161],"product_tag":[],"class_list":{"0":"post-161701","1":"product","2":"type-product","3":"status-publish","4":"has-post-thumbnail","6":"product_brand-fope","7":"product_cat-fope-armbander","9":"first","10":"instock","11":"taxable","12":"shipping-taxable","13":"purchasable","14":"product-type-variable","15":"has-default-attributes"},"exclude_global_add_ons":[],"addons":[],"df_price":2930,"df_sale_price":"","df_regular_price":2930,"df_image_link":"https:\/\/cdn02.fabioferro.eu\/wp-content\/uploads\/bracciale-fope-collezione-solo-in-oro-bianco-con-diamanti-neri-74508BX_BN_B_X1X.jpg","_links":{"self":[{"href":"https:\/\/www.fabioferro.eu\/de\/wp-json\/wp\/v2\/product\/161701","targetHints":{"allow":["GET"]}}],"collection":[{"href":"https:\/\/www.fabioferro.eu\/de\/wp-json\/wp\/v2\/product"}],"about":[{"href":"https:\/\/www.fabioferro.eu\/de\/wp-json\/wp\/v2\/types\/product"}],"replies":[{"embeddable":true,"href":"https:\/\/www.fabioferro.eu\/de\/wp-json\/wp\/v2\/comments?post=161701"}],"version-history":[{"count":1,"href":"https:\/\/www.fabioferro.eu\/de\/wp-json\/wp\/v2\/product\/161701\/revisions"}],"predecessor-version":[{"id":206420,"href":"https:\/\/www.fabioferro.eu\/de\/wp-json\/wp\/v2\/product\/161701\/revisions\/206420"}],"wp:featuredmedia":[{"embeddable":true,"href":"https:\/\/www.fabioferro.eu\/de\/wp-json\/wp\/v2\/media\/163833"}],"wp:attachment":[{"href":"https:\/\/www.fabioferro.eu\/de\/wp-json\/wp\/v2\/media?parent=161701"}],"wp:term":[{"taxonomy":"product_brand","embeddable":true,"href":"https:\/\/www.fabioferro.eu\/de\/wp-json\/wp\/v2\/product_brand?post=161701"},{"taxonomy":"product_cat","embeddable":true,"href":"https:\/\/www.fabioferro.eu\/de\/wp-json\/wp\/v2\/product_cat?post=161701"},{"taxonomy":"product_tag","embeddable":true,"href":"https:\/\/www.fabioferro.eu\/de\/wp-json\/wp\/v2\/product_tag?post=161701"}],"curies":[{"name":"wp","href":"https:\/\/api.w.org\/{rel}","templated":true}]}}