{"id":161849,"date":"2024-10-15T09:36:28","date_gmt":"2024-10-15T07:36:28","guid":{"rendered":"https:\/\/www.fabioferro.eu\/.html?post_type=product&#038;p=161849"},"modified":"2026-01-09T16:21:33","modified_gmt":"2026-01-09T15:21:33","slug":"eka-flex-it-collection-fope-choker-halskette-large-rose-gold-mit-schwarzem-diamant","status":"publish","type":"product","link":"https:\/\/www.fabioferro.eu\/de\/eka-flex-it-collection-fope-choker-halskette-large-rose-gold-mit-schwarzem-diamant.html","title":{"rendered":"Eka Flex It Collection Fope Choker Halskette Large Rose Gold mit schwarzem Diamant"},"content":{"rendered":"<p class=\"p1\">Diese in pr\u00e4ziser Handarbeit aus 18 Karat Ros\u00e9gold gefertigte Halskette besticht durch ihr elegantes und einzigartiges Design.<\/p>\n<p class=\"p1\">Ein schwarzer Diamant von 0,05 Karat in der Mitte sorgt f\u00fcr einen Hauch von Raffinesse.<\/p>\n<p class=\"p1\">Die Halskette ist auch in Wei\u00df- und Gelbgold erh\u00e4ltlich und bietet Vielseitigkeit und Stil f\u00fcr verschiedene Anl\u00e4sse, w\u00e4hrend sie gleichzeitig eine diskrete Eleganz bewahrt.<\/p>\n<p class=\"p1\">Dank der Flex&#8217;it-Technologie verf\u00fcgt das Schmuckst\u00fcck \u00fcber eine flexible Struktur mit d\u00fcnnen internen Federn, die f\u00fcr einen bequemen Sitz und m\u00fcheloses Tragen sorgen.<\/p>\n<p class=\"p1\">Die Halskette ist in einem eleganten Etui verpackt und wird mit einer internationalen Garantie geliefert, die ihre hohe Qualit\u00e4t und Langlebigkeit bezeugt.<\/p>\n<p><img decoding=\"async\" class=\"alignnone size-full wp-image-204889\" src=\"http:\/\/cdn02.fabioferro.eu\/wp-content\/uploads\/misure-collane-fope-internazionale.jpg\" alt=\"\" width=\"1500\" height=\"1875\" title=\"\" srcset=\"https:\/\/cdn02.fabioferro.eu\/wp-content\/uploads\/misure-collane-fope-internazionale.jpg 1500w, https:\/\/cdn02.fabioferro.eu\/wp-content\/uploads\/misure-collane-fope-internazionale-768x960.jpg 768w, https:\/\/cdn02.fabioferro.eu\/wp-content\/uploads\/misure-collane-fope-internazionale-1229x1536.jpg 1229w, https:\/\/cdn02.fabioferro.eu\/wp-content\/uploads\/misure-collane-fope-internazionale-990x1238.jpg 990w, https:\/\/cdn02.fabioferro.eu\/wp-content\/uploads\/misure-collane-fope-internazionale-441x551.jpg 441w, https:\/\/cdn02.fabioferro.eu\/wp-content\/uploads\/misure-collane-fope-internazionale-600x750.jpg 600w, https:\/\/cdn02.fabioferro.eu\/wp-content\/uploads\/misure-collane-fope-internazionale-150x188.jpg 150w\" sizes=\"(max-width: 1500px) 100vw, 1500px\" \/><\/p>\n","protected":false},"excerpt":{"rendered":"<p class=\"p1\">Ein Accessoire, das Geschichten von Eleganz und Leidenschaft f\u00fcr innovatives Design erz\u00e4hlt.<\/p>\n","protected":false},"featured_media":161856,"comment_status":"open","ping_status":"closed","template":"","meta":[],"product_brand":[154],"product_cat":[6203],"product_tag":[],"class_list":{"0":"post-161849","1":"product","2":"type-product","3":"status-publish","4":"has-post-thumbnail","6":"product_brand-fope","7":"product_cat-fope-halsketten","9":"first","10":"instock","11":"taxable","12":"shipping-taxable","13":"purchasable","14":"product-type-variable","15":"has-default-attributes"},"exclude_global_add_ons":[],"addons":[],"df_price":15210,"df_sale_price":"","df_regular_price":15210,"df_image_link":"https:\/\/cdn02.fabioferro.eu\/wp-content\/uploads\/collana-choker-fope-collezione-eka-flex-it-grande-in-oro-rosa-con-diamante-nero.jpg","_links":{"self":[{"href":"https:\/\/www.fabioferro.eu\/de\/wp-json\/wp\/v2\/product\/161849","targetHints":{"allow":["GET"]}}],"collection":[{"href":"https:\/\/www.fabioferro.eu\/de\/wp-json\/wp\/v2\/product"}],"about":[{"href":"https:\/\/www.fabioferro.eu\/de\/wp-json\/wp\/v2\/types\/product"}],"replies":[{"embeddable":true,"href":"https:\/\/www.fabioferro.eu\/de\/wp-json\/wp\/v2\/comments?post=161849"}],"version-history":[{"count":1,"href":"https:\/\/www.fabioferro.eu\/de\/wp-json\/wp\/v2\/product\/161849\/revisions"}],"predecessor-version":[{"id":206325,"href":"https:\/\/www.fabioferro.eu\/de\/wp-json\/wp\/v2\/product\/161849\/revisions\/206325"}],"wp:featuredmedia":[{"embeddable":true,"href":"https:\/\/www.fabioferro.eu\/de\/wp-json\/wp\/v2\/media\/161856"}],"wp:attachment":[{"href":"https:\/\/www.fabioferro.eu\/de\/wp-json\/wp\/v2\/media?parent=161849"}],"wp:term":[{"taxonomy":"product_brand","embeddable":true,"href":"https:\/\/www.fabioferro.eu\/de\/wp-json\/wp\/v2\/product_brand?post=161849"},{"taxonomy":"product_cat","embeddable":true,"href":"https:\/\/www.fabioferro.eu\/de\/wp-json\/wp\/v2\/product_cat?post=161849"},{"taxonomy":"product_tag","embeddable":true,"href":"https:\/\/www.fabioferro.eu\/de\/wp-json\/wp\/v2\/product_tag?post=161849"}],"curies":[{"name":"wp","href":"https:\/\/api.w.org\/{rel}","templated":true}]}}