{"id":161876,"date":"2024-10-15T09:41:40","date_gmt":"2024-10-15T07:41:40","guid":{"rendered":"https:\/\/www.fabioferro.eu\/.html?post_type=product&#038;p=161876"},"modified":"2026-01-09T16:21:29","modified_gmt":"2026-01-09T15:21:29","slug":"fope-flex-it-halskette-eka-kollektion-aus-gelbgold-und-schwarzen-diamanten","status":"publish","type":"product","link":"https:\/\/www.fabioferro.eu\/de\/fope-flex-it-halskette-eka-kollektion-aus-gelbgold-und-schwarzen-diamanten.html","title":{"rendered":"Fope Flex It Halskette Eka Kollektion aus Gelbgold und schwarzen Diamanten"},"content":{"rendered":"<p class=\"p1\">Fope Halskette aus der Kollektion Eka aus kostbarem 18-kar\u00e4tigem Gelbgold.<\/p>\n<p class=\"p1\">Das zentrale Element l\u00e4uft frei an der Kette entlang und ist mit sorgf\u00e4ltig gefassten schwarzen Diamanten mit einem Gesamtgewicht von 0,20 Karat verziert.<\/p>\n<p class=\"p1\">Die Diamanten, die mit G f\u00fcr die Farbe und VS1 f\u00fcr die Reinheit eingestuft sind, garantieren ausgezeichnete Qualit\u00e4t und Brillanz.<\/p>\n<p class=\"p1\">Vollst\u00e4ndig handgefertigt in der historischen Stadt Vicenza, repr\u00e4sentiert es das Beste der italienischen Handwerkskunst.<\/p>\n<p class=\"p1\">Es wird in einer edlen Schachtel pr\u00e4sentiert, die von der offiziellen Garantie von Fope begleitet wird.<\/p>\n<p><img decoding=\"async\" class=\"alignnone size-full wp-image-204889\" src=\"http:\/\/cdn02.fabioferro.eu\/wp-content\/uploads\/misure-collane-fope-internazionale.jpg\" alt=\"\" width=\"1500\" height=\"1875\" title=\"\" srcset=\"https:\/\/cdn02.fabioferro.eu\/wp-content\/uploads\/misure-collane-fope-internazionale.jpg 1500w, https:\/\/cdn02.fabioferro.eu\/wp-content\/uploads\/misure-collane-fope-internazionale-768x960.jpg 768w, https:\/\/cdn02.fabioferro.eu\/wp-content\/uploads\/misure-collane-fope-internazionale-1229x1536.jpg 1229w, https:\/\/cdn02.fabioferro.eu\/wp-content\/uploads\/misure-collane-fope-internazionale-990x1238.jpg 990w, https:\/\/cdn02.fabioferro.eu\/wp-content\/uploads\/misure-collane-fope-internazionale-441x551.jpg 441w, https:\/\/cdn02.fabioferro.eu\/wp-content\/uploads\/misure-collane-fope-internazionale-600x750.jpg 600w, https:\/\/cdn02.fabioferro.eu\/wp-content\/uploads\/misure-collane-fope-internazionale-150x188.jpg 150w\" sizes=\"(max-width: 1500px) 100vw, 1500px\" \/><\/p>\n","protected":false},"excerpt":{"rendered":"<p>Ein k\u00fchnes Schmuckst\u00fcck, das Eleganz und Innovation in einem einzigartigen Design von Fope vereint.<\/p>\n","protected":false},"featured_media":161888,"comment_status":"open","ping_status":"closed","template":"","meta":[],"product_brand":[154],"product_cat":[6203,6187],"product_tag":[],"class_list":{"0":"post-161876","1":"product","2":"type-product","3":"status-publish","4":"has-post-thumbnail","6":"product_brand-fope","7":"product_cat-fope-halsketten","8":"product_cat-fope-herrenschmuck","10":"first","11":"instock","12":"taxable","13":"shipping-taxable","14":"purchasable","15":"product-type-variable","16":"has-default-attributes"},"exclude_global_add_ons":[],"addons":[],"df_price":3940,"df_sale_price":"","df_regular_price":3940,"df_image_link":"https:\/\/cdn02.fabioferro.eu\/wp-content\/uploads\/collana-fope-flex-it-collezione-eka-in-oro-giallo-e-diamanti-neri.jpg","_links":{"self":[{"href":"https:\/\/www.fabioferro.eu\/de\/wp-json\/wp\/v2\/product\/161876","targetHints":{"allow":["GET"]}}],"collection":[{"href":"https:\/\/www.fabioferro.eu\/de\/wp-json\/wp\/v2\/product"}],"about":[{"href":"https:\/\/www.fabioferro.eu\/de\/wp-json\/wp\/v2\/types\/product"}],"replies":[{"embeddable":true,"href":"https:\/\/www.fabioferro.eu\/de\/wp-json\/wp\/v2\/comments?post=161876"}],"version-history":[{"count":1,"href":"https:\/\/www.fabioferro.eu\/de\/wp-json\/wp\/v2\/product\/161876\/revisions"}],"predecessor-version":[{"id":206320,"href":"https:\/\/www.fabioferro.eu\/de\/wp-json\/wp\/v2\/product\/161876\/revisions\/206320"}],"wp:featuredmedia":[{"embeddable":true,"href":"https:\/\/www.fabioferro.eu\/de\/wp-json\/wp\/v2\/media\/161888"}],"wp:attachment":[{"href":"https:\/\/www.fabioferro.eu\/de\/wp-json\/wp\/v2\/media?parent=161876"}],"wp:term":[{"taxonomy":"product_brand","embeddable":true,"href":"https:\/\/www.fabioferro.eu\/de\/wp-json\/wp\/v2\/product_brand?post=161876"},{"taxonomy":"product_cat","embeddable":true,"href":"https:\/\/www.fabioferro.eu\/de\/wp-json\/wp\/v2\/product_cat?post=161876"},{"taxonomy":"product_tag","embeddable":true,"href":"https:\/\/www.fabioferro.eu\/de\/wp-json\/wp\/v2\/product_tag?post=161876"}],"curies":[{"name":"wp","href":"https:\/\/api.w.org\/{rel}","templated":true}]}}