{"id":161897,"date":"2024-10-15T09:48:59","date_gmt":"2024-10-15T07:48:59","guid":{"rendered":"https:\/\/www.fabioferro.eu\/.html?post_type=product&#038;p=161897"},"modified":"2026-01-09T16:21:51","modified_gmt":"2026-01-09T15:21:51","slug":"fope-flex-it-halskette-eka-kollektion-in-rosegold-und-schwarzen-diamanten","status":"publish","type":"product","link":"https:\/\/www.fabioferro.eu\/de\/fope-flex-it-halskette-eka-kollektion-in-rosegold-und-schwarzen-diamanten.html","title":{"rendered":"Fope Flex It Halskette Eka Kollektion in Ros\u00e9gold und schwarzen Diamanten"},"content":{"rendered":"<p class=\"p1\">Halskette aus der Kollektion Eka von Fope aus hochwertigem 18-kar\u00e4tigem Ros\u00e9gold.<\/p>\n<p class=\"p1\">Das zentrale Element bewegt sich frei an der Kette entlang. Es ist mit schwarzen Diamanten von insgesamt 0,20 Karat besetzt, fein gefasst, Farbe G, Reinheit VS1.<\/p>\n<p class=\"p1\">Diese vollst\u00e4ndig in Vicenza handgefertigte Halskette ist ein authentisches Beispiel f\u00fcr italienische Handwerkskunst.<\/p>\n<p class=\"p1\">Es ist in einer eleganten Schachtel verpackt und wird mit der offiziellen Fope-Garantie geliefert, einem Symbol f\u00fcr Qualit\u00e4t und Zuverl\u00e4ssigkeit.<\/p>\n<p class=\"p1\"><img decoding=\"async\" class=\"alignnone size-full wp-image-204889\" src=\"http:\/\/cdn02.fabioferro.eu\/wp-content\/uploads\/misure-collane-fope-internazionale.jpg\" alt=\"\" width=\"1500\" height=\"1875\" title=\"\" srcset=\"https:\/\/cdn02.fabioferro.eu\/wp-content\/uploads\/misure-collane-fope-internazionale.jpg 1500w, https:\/\/cdn02.fabioferro.eu\/wp-content\/uploads\/misure-collane-fope-internazionale-768x960.jpg 768w, https:\/\/cdn02.fabioferro.eu\/wp-content\/uploads\/misure-collane-fope-internazionale-1229x1536.jpg 1229w, https:\/\/cdn02.fabioferro.eu\/wp-content\/uploads\/misure-collane-fope-internazionale-990x1238.jpg 990w, https:\/\/cdn02.fabioferro.eu\/wp-content\/uploads\/misure-collane-fope-internazionale-441x551.jpg 441w, https:\/\/cdn02.fabioferro.eu\/wp-content\/uploads\/misure-collane-fope-internazionale-600x750.jpg 600w, https:\/\/cdn02.fabioferro.eu\/wp-content\/uploads\/misure-collane-fope-internazionale-150x188.jpg 150w\" sizes=\"(max-width: 1500px) 100vw, 1500px\" \/><\/p>\n","protected":false},"excerpt":{"rendered":"<p class=\"p1\">Ein au\u00dfergew\u00f6hnliches Accessoire, das Raffinesse und modernen Stil vermittelt.<\/p>\n","protected":false},"featured_media":161900,"comment_status":"open","ping_status":"closed","template":"","meta":[],"product_brand":[154],"product_cat":[6203,6187],"product_tag":[],"class_list":{"0":"post-161897","1":"product","2":"type-product","3":"status-publish","4":"has-post-thumbnail","6":"product_brand-fope","7":"product_cat-fope-halsketten","8":"product_cat-fope-herrenschmuck","10":"first","11":"instock","12":"taxable","13":"shipping-taxable","14":"purchasable","15":"product-type-variable","16":"has-default-attributes"},"exclude_global_add_ons":[],"addons":[],"df_price":3940,"df_sale_price":"","df_regular_price":3940,"df_image_link":"https:\/\/cdn02.fabioferro.eu\/wp-content\/uploads\/collana-fope-flex-it-collezione-eka-in-oro-rosa-e-diamanti-neri.jpg","_links":{"self":[{"href":"https:\/\/www.fabioferro.eu\/de\/wp-json\/wp\/v2\/product\/161897","targetHints":{"allow":["GET"]}}],"collection":[{"href":"https:\/\/www.fabioferro.eu\/de\/wp-json\/wp\/v2\/product"}],"about":[{"href":"https:\/\/www.fabioferro.eu\/de\/wp-json\/wp\/v2\/types\/product"}],"replies":[{"embeddable":true,"href":"https:\/\/www.fabioferro.eu\/de\/wp-json\/wp\/v2\/comments?post=161897"}],"version-history":[{"count":1,"href":"https:\/\/www.fabioferro.eu\/de\/wp-json\/wp\/v2\/product\/161897\/revisions"}],"predecessor-version":[{"id":206365,"href":"https:\/\/www.fabioferro.eu\/de\/wp-json\/wp\/v2\/product\/161897\/revisions\/206365"}],"wp:featuredmedia":[{"embeddable":true,"href":"https:\/\/www.fabioferro.eu\/de\/wp-json\/wp\/v2\/media\/161900"}],"wp:attachment":[{"href":"https:\/\/www.fabioferro.eu\/de\/wp-json\/wp\/v2\/media?parent=161897"}],"wp:term":[{"taxonomy":"product_brand","embeddable":true,"href":"https:\/\/www.fabioferro.eu\/de\/wp-json\/wp\/v2\/product_brand?post=161897"},{"taxonomy":"product_cat","embeddable":true,"href":"https:\/\/www.fabioferro.eu\/de\/wp-json\/wp\/v2\/product_cat?post=161897"},{"taxonomy":"product_tag","embeddable":true,"href":"https:\/\/www.fabioferro.eu\/de\/wp-json\/wp\/v2\/product_tag?post=161897"}],"curies":[{"name":"wp","href":"https:\/\/api.w.org\/{rel}","templated":true}]}}