{"id":161987,"date":"2024-10-15T19:06:19","date_gmt":"2024-10-15T17:06:19","guid":{"rendered":"https:\/\/www.fabioferro.eu\/valentina-ferragni-schloss-halskette-silber.html"},"modified":"2024-10-15T19:06:19","modified_gmt":"2024-10-15T17:06:19","slug":"valentina-ferragni-schloss-halskette-silber","status":"publish","type":"product","link":"https:\/\/www.fabioferro.eu\/de\/valentina-ferragni-schloss-halskette-silber.html","title":{"rendered":"Valentina Ferragni Schloss-Halskette Silber"},"content":{"rendered":"<p>In Italien handgefertigte Halskette aus 925er Silber, Doppelkette mit Doppelanh\u00e4nger, Kettenl\u00e4nge 43,5 cm, nickelfrei, mit Original Valentina Ferragni Box und Garantie.<\/p>\n","protected":false},"excerpt":{"rendered":"<p>Ein superschickes Schmuckst\u00fcck mit h\u00f6chster handwerklicher Qualit\u00e4t!<\/p>\n","protected":false},"featured_media":161940,"comment_status":"open","ping_status":"closed","template":"","meta":[],"product_brand":[206],"product_cat":[15],"product_tag":[7442],"class_list":{"0":"post-161987","1":"product","2":"type-product","3":"status-publish","4":"has-post-thumbnail","6":"product_brand-valentina-ferragni-studio","7":"product_cat-senza-categoria","8":"product_tag-verfugbar","10":"first","11":"outofstock","12":"sale","13":"taxable","14":"shipping-taxable","15":"purchasable","16":"product-type-simple"},"exclude_global_add_ons":[],"addons":[],"df_price":70,"df_sale_price":70,"df_regular_price":140,"df_image_link":"https:\/\/cdn02.fabioferro.eu\/wp-content\/uploads\/collana-valentina-ferragni-lucchetti-silver-co-13.jpg","_links":{"self":[{"href":"https:\/\/www.fabioferro.eu\/de\/wp-json\/wp\/v2\/product\/161987","targetHints":{"allow":["GET"]}}],"collection":[{"href":"https:\/\/www.fabioferro.eu\/de\/wp-json\/wp\/v2\/product"}],"about":[{"href":"https:\/\/www.fabioferro.eu\/de\/wp-json\/wp\/v2\/types\/product"}],"replies":[{"embeddable":true,"href":"https:\/\/www.fabioferro.eu\/de\/wp-json\/wp\/v2\/comments?post=161987"}],"version-history":[{"count":0,"href":"https:\/\/www.fabioferro.eu\/de\/wp-json\/wp\/v2\/product\/161987\/revisions"}],"wp:featuredmedia":[{"embeddable":true,"href":"https:\/\/www.fabioferro.eu\/de\/wp-json\/wp\/v2\/media\/161940"}],"wp:attachment":[{"href":"https:\/\/www.fabioferro.eu\/de\/wp-json\/wp\/v2\/media?parent=161987"}],"wp:term":[{"taxonomy":"product_brand","embeddable":true,"href":"https:\/\/www.fabioferro.eu\/de\/wp-json\/wp\/v2\/product_brand?post=161987"},{"taxonomy":"product_cat","embeddable":true,"href":"https:\/\/www.fabioferro.eu\/de\/wp-json\/wp\/v2\/product_cat?post=161987"},{"taxonomy":"product_tag","embeddable":true,"href":"https:\/\/www.fabioferro.eu\/de\/wp-json\/wp\/v2\/product_tag?post=161987"}],"curies":[{"name":"wp","href":"https:\/\/api.w.org\/{rel}","templated":true}]}}