{"id":162034,"date":"2024-10-16T10:25:29","date_gmt":"2024-10-16T08:25:29","guid":{"rendered":"https:\/\/www.fabioferro.eu\/giovanni-raspini-charm-mini-brief-kristall.html"},"modified":"2025-07-16T17:36:46","modified_gmt":"2025-07-16T15:36:46","slug":"giovanni-raspini-charm-mini-brief-kristall","status":"publish","type":"product","link":"https:\/\/www.fabioferro.eu\/de\/giovanni-raspini-charm-mini-brief-kristall.html","title":{"rendered":"Giovanni Raspini Charm Mini Brief Kristall"},"content":{"rendered":"<p>Anh\u00e4nger mit Anfangsbuchstaben, handgefertigt aus 925er Silber, H\u00f6he 1,2 cm, ohne das obere Glied von 0,8 cm, hergestellt in Italien, mit Verpackung und offizieller Garantie von Giovanni Raspini.<\/p>\n","protected":false},"excerpt":{"rendered":"<p>W\u00e4hlen Sie Ihren Anfangsbuchstaben und beginnen Sie mit der Herstellung des Schmuckst\u00fccks Ihrer Tr\u00e4ume!<\/p>\n","protected":false},"featured_media":157803,"comment_status":"open","ping_status":"closed","template":"","meta":[],"product_brand":[],"product_cat":[7576,7578],"product_tag":[],"class_list":{"0":"post-162034","1":"product","2":"type-product","3":"status-publish","4":"has-post-thumbnail","6":"product_cat-giovanni-raspini-reize","7":"product_cat-raspini-charms-fur-veranstaltung-de","9":"first","10":"instock","11":"sale","12":"taxable","13":"shipping-taxable","14":"purchasable","15":"product-type-variable","16":"has-default-attributes"},"exclude_global_add_ons":[],"addons":[],"df_price":31.5,"df_sale_price":"","df_regular_price":31.5,"df_image_link":"https:\/\/cdn02.fabioferro.eu\/wp-content\/uploads\/charm-giovanni-raspini-mini-x-crystal-12139.jpg","_links":{"self":[{"href":"https:\/\/www.fabioferro.eu\/de\/wp-json\/wp\/v2\/product\/162034","targetHints":{"allow":["GET"]}}],"collection":[{"href":"https:\/\/www.fabioferro.eu\/de\/wp-json\/wp\/v2\/product"}],"about":[{"href":"https:\/\/www.fabioferro.eu\/de\/wp-json\/wp\/v2\/types\/product"}],"replies":[{"embeddable":true,"href":"https:\/\/www.fabioferro.eu\/de\/wp-json\/wp\/v2\/comments?post=162034"}],"version-history":[{"count":1,"href":"https:\/\/www.fabioferro.eu\/de\/wp-json\/wp\/v2\/product\/162034\/revisions"}],"predecessor-version":[{"id":186775,"href":"https:\/\/www.fabioferro.eu\/de\/wp-json\/wp\/v2\/product\/162034\/revisions\/186775"}],"wp:featuredmedia":[{"embeddable":true,"href":"https:\/\/www.fabioferro.eu\/de\/wp-json\/wp\/v2\/media\/157803"}],"wp:attachment":[{"href":"https:\/\/www.fabioferro.eu\/de\/wp-json\/wp\/v2\/media?parent=162034"}],"wp:term":[{"taxonomy":"product_brand","embeddable":true,"href":"https:\/\/www.fabioferro.eu\/de\/wp-json\/wp\/v2\/product_brand?post=162034"},{"taxonomy":"product_cat","embeddable":true,"href":"https:\/\/www.fabioferro.eu\/de\/wp-json\/wp\/v2\/product_cat?post=162034"},{"taxonomy":"product_tag","embeddable":true,"href":"https:\/\/www.fabioferro.eu\/de\/wp-json\/wp\/v2\/product_tag?post=162034"}],"curies":[{"name":"wp","href":"https:\/\/api.w.org\/{rel}","templated":true}]}}