{"id":162218,"date":"2024-10-16T17:25:40","date_gmt":"2024-10-16T15:25:40","guid":{"rendered":"https:\/\/www.fabioferro.eu\/giovanni-raspini-bond-armband-taurus-eye.html"},"modified":"2024-10-30T09:25:39","modified_gmt":"2024-10-30T08:25:39","slug":"giovanni-raspini-bond-armband-taurus-eye","status":"publish","type":"product","link":"https:\/\/www.fabioferro.eu\/de\/giovanni-raspini-bond-armband-taurus-eye.html","title":{"rendered":"Giovanni Raspini Bond Armband Taurus Eye"},"content":{"rendered":"<p>Armband aus 925er Sterlingsilber und nat\u00fcrlichem Stierauge. Die L\u00e4nge der Gr\u00f6\u00dfe M ist 20 cm, die L\u00e4nge der Gr\u00f6\u00dfe L ist 22 cm. Hergestellt in Italien. Verschluss mit Karabiner und Gl\u00fcckshorn. Wird mit Box und offizieller Giovanni Raspini Garantie geliefert.<\/p>\n","protected":false},"excerpt":{"rendered":"<p>Ein Armband mit einem starken Charakter, das dank seiner Farben und Formen seine eigene Geschichte zu erz\u00e4hlen wei\u00df.<\/p>\n","protected":false},"featured_media":162423,"comment_status":"open","ping_status":"closed","template":"","meta":[],"product_brand":[],"product_cat":[7597],"product_tag":[],"class_list":{"0":"post-162218","1":"product","2":"type-product","3":"status-publish","4":"has-post-thumbnail","6":"product_cat-armbander-giovanni-raspini-manner","8":"first","9":"instock","10":"sale","11":"taxable","12":"shipping-taxable","13":"purchasable","14":"product-type-variable","15":"has-default-attributes"},"exclude_global_add_ons":[],"addons":[],"df_price":198,"df_sale_price":"","df_regular_price":198,"df_image_link":"https:\/\/cdn02.fabioferro.eu\/wp-content\/uploads\/bracciale-giovanni-raspini-bond-occhio-di-toro-12212.jpg","_links":{"self":[{"href":"https:\/\/www.fabioferro.eu\/de\/wp-json\/wp\/v2\/product\/162218","targetHints":{"allow":["GET"]}}],"collection":[{"href":"https:\/\/www.fabioferro.eu\/de\/wp-json\/wp\/v2\/product"}],"about":[{"href":"https:\/\/www.fabioferro.eu\/de\/wp-json\/wp\/v2\/types\/product"}],"replies":[{"embeddable":true,"href":"https:\/\/www.fabioferro.eu\/de\/wp-json\/wp\/v2\/comments?post=162218"}],"version-history":[{"count":0,"href":"https:\/\/www.fabioferro.eu\/de\/wp-json\/wp\/v2\/product\/162218\/revisions"}],"wp:featuredmedia":[{"embeddable":true,"href":"https:\/\/www.fabioferro.eu\/de\/wp-json\/wp\/v2\/media\/162423"}],"wp:attachment":[{"href":"https:\/\/www.fabioferro.eu\/de\/wp-json\/wp\/v2\/media?parent=162218"}],"wp:term":[{"taxonomy":"product_brand","embeddable":true,"href":"https:\/\/www.fabioferro.eu\/de\/wp-json\/wp\/v2\/product_brand?post=162218"},{"taxonomy":"product_cat","embeddable":true,"href":"https:\/\/www.fabioferro.eu\/de\/wp-json\/wp\/v2\/product_cat?post=162218"},{"taxonomy":"product_tag","embeddable":true,"href":"https:\/\/www.fabioferro.eu\/de\/wp-json\/wp\/v2\/product_tag?post=162218"}],"curies":[{"name":"wp","href":"https:\/\/api.w.org\/{rel}","templated":true}]}}