{"id":162266,"date":"2024-10-16T17:39:24","date_gmt":"2024-10-16T15:39:24","guid":{"rendered":"https:\/\/www.fabioferro.eu\/.html?post_type=product&#038;p=162266"},"modified":"2025-03-06T15:35:45","modified_gmt":"2025-03-06T14:35:45","slug":"giovanni-raspini-grosses-tango-lapis-armband","status":"publish","type":"product","link":"https:\/\/www.fabioferro.eu\/de\/giovanni-raspini-grosses-tango-lapis-armband.html","title":{"rendered":"Giovanni Raspini Gro\u00dfes Tango Lapis Armband"},"content":{"rendered":"<p>Armband aus 925er Sterlingsilber und nat\u00fcrlichem Lapislazuli. Die L\u00e4nge der Gr\u00f6\u00dfe M ist 20 cm, die L\u00e4nge der Gr\u00f6\u00dfe L ist 22 cm. Hergestellt in Italien. Verschluss mit Karabiner und Gl\u00fcckshorn. Wird mit Box und offizieller Giovanni Raspini Garantie geliefert.<\/p>\n","protected":false},"excerpt":{"rendered":"<p>Ein Armband mit einem starken Charakter, das dank seiner Farben und Formen seine eigene Geschichte zu erz\u00e4hlen wei\u00df.<\/p>\n","protected":false},"featured_media":162419,"comment_status":"open","ping_status":"closed","template":"","meta":[],"product_brand":[],"product_cat":[7597],"product_tag":[],"class_list":{"0":"post-162266","1":"product","2":"type-product","3":"status-publish","4":"has-post-thumbnail","6":"product_cat-armbander-giovanni-raspini-manner","8":"first","9":"instock","10":"sale","11":"taxable","12":"shipping-taxable","13":"purchasable","14":"product-type-variable","15":"has-default-attributes"},"exclude_global_add_ons":[],"addons":[],"df_price":211.5,"df_sale_price":"","df_regular_price":211.5,"df_image_link":"https:\/\/cdn02.fabioferro.eu\/wp-content\/uploads\/bracciale-giovanni-raspini-big-tango-lapislazzuli-12215.jpg","_links":{"self":[{"href":"https:\/\/www.fabioferro.eu\/de\/wp-json\/wp\/v2\/product\/162266","targetHints":{"allow":["GET"]}}],"collection":[{"href":"https:\/\/www.fabioferro.eu\/de\/wp-json\/wp\/v2\/product"}],"about":[{"href":"https:\/\/www.fabioferro.eu\/de\/wp-json\/wp\/v2\/types\/product"}],"replies":[{"embeddable":true,"href":"https:\/\/www.fabioferro.eu\/de\/wp-json\/wp\/v2\/comments?post=162266"}],"version-history":[{"count":0,"href":"https:\/\/www.fabioferro.eu\/de\/wp-json\/wp\/v2\/product\/162266\/revisions"}],"wp:featuredmedia":[{"embeddable":true,"href":"https:\/\/www.fabioferro.eu\/de\/wp-json\/wp\/v2\/media\/162419"}],"wp:attachment":[{"href":"https:\/\/www.fabioferro.eu\/de\/wp-json\/wp\/v2\/media?parent=162266"}],"wp:term":[{"taxonomy":"product_brand","embeddable":true,"href":"https:\/\/www.fabioferro.eu\/de\/wp-json\/wp\/v2\/product_brand?post=162266"},{"taxonomy":"product_cat","embeddable":true,"href":"https:\/\/www.fabioferro.eu\/de\/wp-json\/wp\/v2\/product_cat?post=162266"},{"taxonomy":"product_tag","embeddable":true,"href":"https:\/\/www.fabioferro.eu\/de\/wp-json\/wp\/v2\/product_tag?post=162266"}],"curies":[{"name":"wp","href":"https:\/\/api.w.org\/{rel}","templated":true}]}}