{"id":162519,"date":"2024-10-16T19:43:26","date_gmt":"2024-10-16T17:43:26","guid":{"rendered":"https:\/\/www.fabioferro.eu\/.html?post_type=product&#038;p=162519"},"modified":"2025-03-06T11:28:21","modified_gmt":"2025-03-06T10:28:21","slug":"giovanni-raspini-dadini-grosses-armband","status":"publish","type":"product","link":"https:\/\/www.fabioferro.eu\/de\/giovanni-raspini-dadini-grosses-armband.html","title":{"rendered":"Giovanni Raspini Dadini Gro\u00dfes Armband"},"content":{"rendered":"<p>Armband aus 925er Silber mit besonderer Verarbeitung. Die L\u00e4nge der Gr\u00f6\u00dfe M ist 20 cm, die L\u00e4nge der Gr\u00f6\u00dfe L ist 22 cm. Hergestellt in Italien. Verschluss mit Karabiner und Gl\u00fcckshorn. Wird mit Box und offizieller Giovanni Raspini Garantie geliefert.<\/p>\n","protected":false},"excerpt":{"rendered":"<p>Ein Armband mit einem starken Charakter, das dank seiner spektakul\u00e4ren Formen seine eigene Geschichte zu erz\u00e4hlen wei\u00df.<\/p>\n","protected":false},"featured_media":162567,"comment_status":"open","ping_status":"closed","template":"","meta":[],"product_brand":[155],"product_cat":[7597],"product_tag":[],"class_list":{"0":"post-162519","1":"product","2":"type-product","3":"status-publish","4":"has-post-thumbnail","6":"product_brand-raspini","7":"product_cat-armbander-giovanni-raspini-manner","9":"first","10":"instock","11":"sale","12":"taxable","13":"shipping-taxable","14":"purchasable","15":"product-type-variable","16":"has-default-attributes"},"exclude_global_add_ons":[],"addons":[],"df_price":139.5,"df_sale_price":"","df_regular_price":139.5,"df_image_link":"https:\/\/cdn02.fabioferro.eu\/wp-content\/uploads\/bracciale-giovanni-raspini-dadini-big-12228.jpg","_links":{"self":[{"href":"https:\/\/www.fabioferro.eu\/de\/wp-json\/wp\/v2\/product\/162519","targetHints":{"allow":["GET"]}}],"collection":[{"href":"https:\/\/www.fabioferro.eu\/de\/wp-json\/wp\/v2\/product"}],"about":[{"href":"https:\/\/www.fabioferro.eu\/de\/wp-json\/wp\/v2\/types\/product"}],"replies":[{"embeddable":true,"href":"https:\/\/www.fabioferro.eu\/de\/wp-json\/wp\/v2\/comments?post=162519"}],"version-history":[{"count":0,"href":"https:\/\/www.fabioferro.eu\/de\/wp-json\/wp\/v2\/product\/162519\/revisions"}],"wp:featuredmedia":[{"embeddable":true,"href":"https:\/\/www.fabioferro.eu\/de\/wp-json\/wp\/v2\/media\/162567"}],"wp:attachment":[{"href":"https:\/\/www.fabioferro.eu\/de\/wp-json\/wp\/v2\/media?parent=162519"}],"wp:term":[{"taxonomy":"product_brand","embeddable":true,"href":"https:\/\/www.fabioferro.eu\/de\/wp-json\/wp\/v2\/product_brand?post=162519"},{"taxonomy":"product_cat","embeddable":true,"href":"https:\/\/www.fabioferro.eu\/de\/wp-json\/wp\/v2\/product_cat?post=162519"},{"taxonomy":"product_tag","embeddable":true,"href":"https:\/\/www.fabioferro.eu\/de\/wp-json\/wp\/v2\/product_tag?post=162519"}],"curies":[{"name":"wp","href":"https:\/\/api.w.org\/{rel}","templated":true}]}}