{"id":162820,"date":"2024-10-17T19:06:11","date_gmt":"2024-10-17T17:06:11","guid":{"rendered":"https:\/\/www.fabioferro.eu\/.html?post_type=product&#038;p=162820"},"modified":"2026-01-09T16:22:16","modified_gmt":"2026-01-09T15:22:16","slug":"fope-flex-it-vendome-kollektion-armband-in-weissgold","status":"publish","type":"product","link":"https:\/\/www.fabioferro.eu\/de\/fope-flex-it-vendome-kollektion-armband-in-weissgold.html","title":{"rendered":"Fope Flex It Vendome Kollektion Armband in Wei\u00dfgold"},"content":{"rendered":"<p>FOPE Herrenschmuck ist in drei Goldfarben erh\u00e4ltlich und hat eine 24-monatige Garantie auf Herstellungsfehler, die von unserem offiziellen Servicecenter \u00fcberpr\u00fcft wird. Wenn Sie sich um Ihren Schmuck k\u00fcmmern, halten Sie ihn f\u00fcr immer. <\/p>\n<p>Fope Collection Flex&#8217;it Vendome Armband aus 750\/1000 Wei\u00dfgold mit patentiertem elastischem Glied.<\/p>\n<p>Das Armband der Flex&#8217;it-Konstruktion enth\u00e4lt im Inneren Dutzende von Federn aus Ros\u00e9gold, die es erm\u00f6glichen, dass das Armband selbst, das keine Schlie\u00dfe hat, immer leistungsf\u00e4hig und sicher am Handgelenk bleibt.<\/p>\n<p>Das Netz ist 6,50 mm breit und 4 mm dick.<\/p>\n<p>Das zentrale Motiv aus 9 mm Wei\u00dfgold und 6,50 mm dick ist mit schwarzen Diamanten im Brillantschliff von 0,11 Karat besetzt. Befestigt an einem elastischen Armband. <\/p>\n<p>Neuer Artikel mit eleganter Pr\u00e4sentationsbox und original Fope-Garantie.<\/p>\n<p><img decoding=\"async\" class=\"alignnone size-full wp-image-86002\" src=\"https:\/\/cdn02.fabioferro.eu\/wp-content\/uploads\/tabella-misure-fope-bracciali.jpg\" alt=\"\" width=\"1267\" height=\"160\" title=\"\" srcset=\"https:\/\/cdn02.fabioferro.eu\/wp-content\/uploads\/tabella-misure-fope-bracciali.jpg 1267w, https:\/\/cdn02.fabioferro.eu\/wp-content\/uploads\/tabella-misure-fope-bracciali-768x97.jpg 768w, https:\/\/cdn02.fabioferro.eu\/wp-content\/uploads\/tabella-misure-fope-bracciali-990x125.jpg 990w, https:\/\/cdn02.fabioferro.eu\/wp-content\/uploads\/tabella-misure-fope-bracciali-441x56.jpg 441w, https:\/\/cdn02.fabioferro.eu\/wp-content\/uploads\/tabella-misure-fope-bracciali-600x76.jpg 600w, https:\/\/cdn02.fabioferro.eu\/wp-content\/uploads\/tabella-misure-fope-bracciali-150x19.jpg 150w\" sizes=\"(max-width: 1267px) 100vw, 1267px\" \/><\/p>\n","protected":false},"excerpt":{"rendered":"<p>Ein einzigartiges Schmuckst\u00fcck von Fope. Fein, elegant, bereit f\u00fcr jede Gelegenheit. <\/p>\n","protected":false},"featured_media":162838,"comment_status":"open","ping_status":"closed","template":"","meta":[],"product_brand":[154],"product_cat":[6187],"product_tag":[],"class_list":{"0":"post-162820","1":"product","2":"type-product","3":"status-publish","4":"has-post-thumbnail","6":"product_brand-fope","7":"product_cat-fope-herrenschmuck","9":"first","10":"instock","11":"taxable","12":"shipping-taxable","13":"purchasable","14":"product-type-variable","15":"has-default-attributes"},"exclude_global_add_ons":[],"addons":[],"df_price":5100,"df_sale_price":"","df_regular_price":5100,"df_image_link":"https:\/\/cdn02.fabioferro.eu\/wp-content\/uploads\/bracciale-fope-collezione-vendome-in-oro-bianco-con-diamanti-neri-73301BX_PN_B_X1X.jpg","_links":{"self":[{"href":"https:\/\/www.fabioferro.eu\/de\/wp-json\/wp\/v2\/product\/162820","targetHints":{"allow":["GET"]}}],"collection":[{"href":"https:\/\/www.fabioferro.eu\/de\/wp-json\/wp\/v2\/product"}],"about":[{"href":"https:\/\/www.fabioferro.eu\/de\/wp-json\/wp\/v2\/types\/product"}],"replies":[{"embeddable":true,"href":"https:\/\/www.fabioferro.eu\/de\/wp-json\/wp\/v2\/comments?post=162820"}],"version-history":[{"count":1,"href":"https:\/\/www.fabioferro.eu\/de\/wp-json\/wp\/v2\/product\/162820\/revisions"}],"predecessor-version":[{"id":206405,"href":"https:\/\/www.fabioferro.eu\/de\/wp-json\/wp\/v2\/product\/162820\/revisions\/206405"}],"wp:featuredmedia":[{"embeddable":true,"href":"https:\/\/www.fabioferro.eu\/de\/wp-json\/wp\/v2\/media\/162838"}],"wp:attachment":[{"href":"https:\/\/www.fabioferro.eu\/de\/wp-json\/wp\/v2\/media?parent=162820"}],"wp:term":[{"taxonomy":"product_brand","embeddable":true,"href":"https:\/\/www.fabioferro.eu\/de\/wp-json\/wp\/v2\/product_brand?post=162820"},{"taxonomy":"product_cat","embeddable":true,"href":"https:\/\/www.fabioferro.eu\/de\/wp-json\/wp\/v2\/product_cat?post=162820"},{"taxonomy":"product_tag","embeddable":true,"href":"https:\/\/www.fabioferro.eu\/de\/wp-json\/wp\/v2\/product_tag?post=162820"}],"curies":[{"name":"wp","href":"https:\/\/api.w.org\/{rel}","templated":true}]}}