{"id":163313,"date":"2024-10-18T10:05:31","date_gmt":"2024-10-18T08:05:31","guid":{"rendered":"https:\/\/www.fabioferro.eu\/eka-flex-it-kollektion-fope-choker-halskette-aus-rosegold-mit-diamant-2.html"},"modified":"2026-01-09T16:21:35","modified_gmt":"2026-01-09T15:21:35","slug":"eka-flex-it-kollektion-fope-choker-halskette-aus-rosegold-mit-diamant-2","status":"publish","type":"product","link":"https:\/\/www.fabioferro.eu\/de\/eka-flex-it-kollektion-fope-choker-halskette-aus-rosegold-mit-diamant-2.html","title":{"rendered":"Eka Flex It Kollektion Fope Choker Halskette aus Ros\u00e9gold mit Diamant"},"content":{"rendered":"<p class=\"p1\">Halskette aus 18 Karat Ros\u00e9gold aus der Fope-Kollektion, die die Spitze der italienischen Handwerkskunst darstellt.<\/p>\n<p class=\"p1\">In der Mitte ist ein wei\u00dfer Diamant von 0,01 Karat fachm\u00e4nnisch gefasst, der das Schmuckst\u00fcck mit einem Hauch von raffiniertem Licht bereichert.<\/p>\n<p class=\"p1\">Das Design der Halskette passt zu jedem Stil und macht sie zu einem idealen Accessoire f\u00fcr jeden Anlass und jede Situation.<\/p>\n<p class=\"p1\">Die Flex&#8217;it-Technologie sorgt f\u00fcr eine bequeme Passform, dank interner Goldfedern, die f\u00fcr Flexibilit\u00e4t sorgen.<\/p>\n<p class=\"p1\">Die Halskette wird in einem luxuri\u00f6sen Etui pr\u00e4sentiert und verf\u00fcgt \u00fcber eine internationale Garantie, die ihre Qualit\u00e4t und Haltbarkeit bescheinigt.<\/p>\n<p class=\"p1\"><img decoding=\"async\" class=\"alignnone size-full wp-image-204889\" src=\"http:\/\/cdn02.fabioferro.eu\/wp-content\/uploads\/misure-collane-fope-internazionale.jpg\" alt=\"\" width=\"1500\" height=\"1875\" title=\"\" srcset=\"https:\/\/cdn02.fabioferro.eu\/wp-content\/uploads\/misure-collane-fope-internazionale.jpg 1500w, https:\/\/cdn02.fabioferro.eu\/wp-content\/uploads\/misure-collane-fope-internazionale-768x960.jpg 768w, https:\/\/cdn02.fabioferro.eu\/wp-content\/uploads\/misure-collane-fope-internazionale-1229x1536.jpg 1229w, https:\/\/cdn02.fabioferro.eu\/wp-content\/uploads\/misure-collane-fope-internazionale-990x1238.jpg 990w, https:\/\/cdn02.fabioferro.eu\/wp-content\/uploads\/misure-collane-fope-internazionale-441x551.jpg 441w, https:\/\/cdn02.fabioferro.eu\/wp-content\/uploads\/misure-collane-fope-internazionale-600x750.jpg 600w, https:\/\/cdn02.fabioferro.eu\/wp-content\/uploads\/misure-collane-fope-internazionale-150x188.jpg 150w\" sizes=\"(max-width: 1500px) 100vw, 1500px\" \/><\/p>\n","protected":false},"excerpt":{"rendered":"<p class=\"p1\">Ein einzigartiges Schmuckst\u00fcck, das hochwertige Handwerkskunst und anspruchsvolles Design vereint.<\/p>\n","protected":false},"featured_media":162986,"comment_status":"open","ping_status":"closed","template":"","meta":[],"product_brand":[154],"product_cat":[6203],"product_tag":[],"class_list":{"0":"post-163313","1":"product","2":"type-product","3":"status-publish","4":"has-post-thumbnail","6":"product_brand-fope","7":"product_cat-fope-halsketten","9":"first","10":"instock","11":"taxable","12":"shipping-taxable","13":"purchasable","14":"product-type-variable","15":"has-default-attributes"},"exclude_global_add_ons":[],"addons":[],"df_price":6030,"df_sale_price":"","df_regular_price":6030,"df_image_link":"https:\/\/cdn02.fabioferro.eu\/wp-content\/uploads\/collana-choker-fope-collezione-eka-flex-it-in-oro-rosa-con-diamante-1.jpg","_links":{"self":[{"href":"https:\/\/www.fabioferro.eu\/de\/wp-json\/wp\/v2\/product\/163313","targetHints":{"allow":["GET"]}}],"collection":[{"href":"https:\/\/www.fabioferro.eu\/de\/wp-json\/wp\/v2\/product"}],"about":[{"href":"https:\/\/www.fabioferro.eu\/de\/wp-json\/wp\/v2\/types\/product"}],"replies":[{"embeddable":true,"href":"https:\/\/www.fabioferro.eu\/de\/wp-json\/wp\/v2\/comments?post=163313"}],"version-history":[{"count":1,"href":"https:\/\/www.fabioferro.eu\/de\/wp-json\/wp\/v2\/product\/163313\/revisions"}],"predecessor-version":[{"id":206330,"href":"https:\/\/www.fabioferro.eu\/de\/wp-json\/wp\/v2\/product\/163313\/revisions\/206330"}],"wp:featuredmedia":[{"embeddable":true,"href":"https:\/\/www.fabioferro.eu\/de\/wp-json\/wp\/v2\/media\/162986"}],"wp:attachment":[{"href":"https:\/\/www.fabioferro.eu\/de\/wp-json\/wp\/v2\/media?parent=163313"}],"wp:term":[{"taxonomy":"product_brand","embeddable":true,"href":"https:\/\/www.fabioferro.eu\/de\/wp-json\/wp\/v2\/product_brand?post=163313"},{"taxonomy":"product_cat","embeddable":true,"href":"https:\/\/www.fabioferro.eu\/de\/wp-json\/wp\/v2\/product_cat?post=163313"},{"taxonomy":"product_tag","embeddable":true,"href":"https:\/\/www.fabioferro.eu\/de\/wp-json\/wp\/v2\/product_tag?post=163313"}],"curies":[{"name":"wp","href":"https:\/\/api.w.org\/{rel}","templated":true}]}}