{"id":164799,"date":"2024-10-29T09:34:05","date_gmt":"2024-10-29T08:34:05","guid":{"rendered":"https:\/\/www.fabioferro.eu\/fope-prima-collection-halskette-aus-weissgold-mit-schwarzem-diamanten-pave.html"},"modified":"2026-01-09T16:16:46","modified_gmt":"2026-01-09T15:16:46","slug":"fope-prima-collection-halskette-aus-weissgold-mit-schwarzem-diamanten-pave","status":"publish","type":"product","link":"https:\/\/www.fabioferro.eu\/de\/fope-prima-collection-halskette-aus-weissgold-mit-schwarzem-diamanten-pave.html","title":{"rendered":"Fope Prima Collection Halskette aus Wei\u00dfgold mit schwarzem Diamanten Pave"},"content":{"rendered":"<p class=\"p1\">Diese Halskette aus 18 Karat Wei\u00dfgold mit tadelloser Handwerkskunst besticht durch ihre Eleganz und Raffinesse.<\/p>\n<p class=\"p1\">Ein schwarzes Diamantpav\u00e9 von 0,2 Karat, das sorgf\u00e4ltig in der Mitte gefasst ist, bereichert das Schmuckst\u00fcck mit raffiniertem Licht.<\/p>\n<p class=\"p1\">Der klassische Karabinerverschluss sorgt f\u00fcr Praktikabilit\u00e4t und Sicherheit, so dass diese Halskette einfach zu tragen ist und sich f\u00fcr jeden Anlass eignet.<\/p>\n<p class=\"p1\">Jedes St\u00fcck ist ein Kunstwerk, das die Exzellenz italienischer Handwerkskunst widerspiegelt und perfekt f\u00fcr alle ist, die ein stilvolles Schmuckst\u00fcck suchen.<\/p>\n<p class=\"p1\">Die Halskette wird in einem luxuri\u00f6sen Etui pr\u00e4sentiert und verf\u00fcgt \u00fcber eine internationale Garantie, die ihre Qualit\u00e4t und Haltbarkeit bescheinigt.<\/p>\n<p><img decoding=\"async\" class=\"alignnone size-full wp-image-204889\" src=\"http:\/\/cdn02.fabioferro.eu\/wp-content\/uploads\/misure-collane-fope-internazionale.jpg\" alt=\"\" width=\"1500\" height=\"1875\" title=\"\" srcset=\"https:\/\/cdn02.fabioferro.eu\/wp-content\/uploads\/misure-collane-fope-internazionale.jpg 1500w, https:\/\/cdn02.fabioferro.eu\/wp-content\/uploads\/misure-collane-fope-internazionale-768x960.jpg 768w, https:\/\/cdn02.fabioferro.eu\/wp-content\/uploads\/misure-collane-fope-internazionale-1229x1536.jpg 1229w, https:\/\/cdn02.fabioferro.eu\/wp-content\/uploads\/misure-collane-fope-internazionale-990x1238.jpg 990w, https:\/\/cdn02.fabioferro.eu\/wp-content\/uploads\/misure-collane-fope-internazionale-441x551.jpg 441w, https:\/\/cdn02.fabioferro.eu\/wp-content\/uploads\/misure-collane-fope-internazionale-600x750.jpg 600w, https:\/\/cdn02.fabioferro.eu\/wp-content\/uploads\/misure-collane-fope-internazionale-150x188.jpg 150w\" sizes=\"(max-width: 1500px) 100vw, 1500px\" \/><\/p>\n","protected":false},"excerpt":{"rendered":"<p class=\"p1\">Die mit schwarzen Diamanten besetzte FOPE-Halskette ist ein Schmuckst\u00fcck, das Eleganz und hochwertige Handwerkskunst ausdr\u00fcckt.<\/p>\n","protected":false},"featured_media":164595,"comment_status":"open","ping_status":"closed","template":"","meta":[],"product_brand":[154],"product_cat":[6203,6187],"product_tag":[],"class_list":{"0":"post-164799","1":"product","2":"type-product","3":"status-publish","4":"has-post-thumbnail","6":"product_brand-fope","7":"product_cat-fope-halsketten","8":"product_cat-fope-herrenschmuck","10":"first","11":"instock","12":"taxable","13":"shipping-taxable","14":"purchasable","15":"product-type-variable","16":"has-default-attributes"},"exclude_global_add_ons":[],"addons":[],"df_price":4840,"df_sale_price":"","df_regular_price":4840,"df_image_link":"https:\/\/cdn02.fabioferro.eu\/wp-content\/uploads\/collana-fope-collezione-prima-in-oro-bianco-con-pave-di-diamanti-neri.jpg","_links":{"self":[{"href":"https:\/\/www.fabioferro.eu\/de\/wp-json\/wp\/v2\/product\/164799","targetHints":{"allow":["GET"]}}],"collection":[{"href":"https:\/\/www.fabioferro.eu\/de\/wp-json\/wp\/v2\/product"}],"about":[{"href":"https:\/\/www.fabioferro.eu\/de\/wp-json\/wp\/v2\/types\/product"}],"replies":[{"embeddable":true,"href":"https:\/\/www.fabioferro.eu\/de\/wp-json\/wp\/v2\/comments?post=164799"}],"version-history":[{"count":1,"href":"https:\/\/www.fabioferro.eu\/de\/wp-json\/wp\/v2\/product\/164799\/revisions"}],"predecessor-version":[{"id":206178,"href":"https:\/\/www.fabioferro.eu\/de\/wp-json\/wp\/v2\/product\/164799\/revisions\/206178"}],"wp:featuredmedia":[{"embeddable":true,"href":"https:\/\/www.fabioferro.eu\/de\/wp-json\/wp\/v2\/media\/164595"}],"wp:attachment":[{"href":"https:\/\/www.fabioferro.eu\/de\/wp-json\/wp\/v2\/media?parent=164799"}],"wp:term":[{"taxonomy":"product_brand","embeddable":true,"href":"https:\/\/www.fabioferro.eu\/de\/wp-json\/wp\/v2\/product_brand?post=164799"},{"taxonomy":"product_cat","embeddable":true,"href":"https:\/\/www.fabioferro.eu\/de\/wp-json\/wp\/v2\/product_cat?post=164799"},{"taxonomy":"product_tag","embeddable":true,"href":"https:\/\/www.fabioferro.eu\/de\/wp-json\/wp\/v2\/product_tag?post=164799"}],"curies":[{"name":"wp","href":"https:\/\/api.w.org\/{rel}","templated":true}]}}