{"id":164803,"date":"2024-10-29T09:17:07","date_gmt":"2024-10-29T08:17:07","guid":{"rendered":"https:\/\/www.fabioferro.eu\/fope-prima-kollektion-gelbgold-ring.html"},"modified":"2026-01-09T16:16:30","modified_gmt":"2026-01-09T15:16:30","slug":"fope-prima-kollektion-gelbgold-ring","status":"publish","type":"product","link":"https:\/\/www.fabioferro.eu\/de\/fope-prima-kollektion-gelbgold-ring.html","title":{"rendered":"Fope Prima Kollektion Gelbgold Ring"},"content":{"rendered":"<p class=\"p1\">Fope Ring aus 18-kar\u00e4tigem Gelbgold, von erfahrenen Kunsthandwerkern kunstvoll gefertigt.<\/p>\n<p class=\"p1\">Die gl\u00e4nzende Oberfl\u00e4che reflektiert das Licht und hebt das auf der Au\u00dfenseite eingravierte Fope-Logo hervor.<\/p>\n<p class=\"p1\">Das elegante und schlichte Design macht diesen Ring zu einem perfekten Accessoire f\u00fcr jede Gelegenheit.<\/p>\n<p class=\"p1\">Der in einer luxuri\u00f6sen Schachtel verpackte Ring wird mit einer internationalen Garantie geliefert, die seine dauerhafte Qualit\u00e4t bezeugt.<\/p>\n<p><img decoding=\"async\" class=\"alignnone size-full wp-image-205373\" src=\"http:\/\/cdn02.fabioferro.eu\/wp-content\/uploads\/tabella-misure-anelli-standard-no-flexit-1.jpg\" alt=\"\" width=\"1266\" height=\"723\" title=\"\" srcset=\"https:\/\/cdn02.fabioferro.eu\/wp-content\/uploads\/tabella-misure-anelli-standard-no-flexit-1.jpg 1266w, https:\/\/cdn02.fabioferro.eu\/wp-content\/uploads\/tabella-misure-anelli-standard-no-flexit-1-768x439.jpg 768w, https:\/\/cdn02.fabioferro.eu\/wp-content\/uploads\/tabella-misure-anelli-standard-no-flexit-1-990x565.jpg 990w, https:\/\/cdn02.fabioferro.eu\/wp-content\/uploads\/tabella-misure-anelli-standard-no-flexit-1-441x252.jpg 441w, https:\/\/cdn02.fabioferro.eu\/wp-content\/uploads\/tabella-misure-anelli-standard-no-flexit-1-600x343.jpg 600w, https:\/\/cdn02.fabioferro.eu\/wp-content\/uploads\/tabella-misure-anelli-standard-no-flexit-1-150x86.jpg 150w\" sizes=\"(max-width: 1266px) 100vw, 1266px\" \/><\/p>\n","protected":false},"excerpt":{"rendered":"<p class=\"p1\">Fope Ring aus Gelbgold, ein schlichtes Schmuckst\u00fcck, das Luxus und zeitlosen Stil ausdr\u00fcckt.<\/p>\n","protected":false},"featured_media":164711,"comment_status":"open","ping_status":"closed","template":"","meta":[],"product_brand":[154],"product_cat":[6139],"product_tag":[],"class_list":{"0":"post-164803","1":"product","2":"type-product","3":"status-publish","4":"has-post-thumbnail","6":"product_brand-fope","7":"product_cat-fope-ringe","9":"first","10":"instock","11":"taxable","12":"shipping-taxable","13":"purchasable","14":"product-type-variable","15":"has-default-attributes"},"exclude_global_add_ons":[],"addons":[],"df_price":1130,"df_sale_price":"","df_regular_price":1130,"df_image_link":"https:\/\/cdn02.fabioferro.eu\/wp-content\/uploads\/anello-fope-collezione-prima-in-oro-giallo.jpg","_links":{"self":[{"href":"https:\/\/www.fabioferro.eu\/de\/wp-json\/wp\/v2\/product\/164803","targetHints":{"allow":["GET"]}}],"collection":[{"href":"https:\/\/www.fabioferro.eu\/de\/wp-json\/wp\/v2\/product"}],"about":[{"href":"https:\/\/www.fabioferro.eu\/de\/wp-json\/wp\/v2\/types\/product"}],"replies":[{"embeddable":true,"href":"https:\/\/www.fabioferro.eu\/de\/wp-json\/wp\/v2\/comments?post=164803"}],"version-history":[{"count":1,"href":"https:\/\/www.fabioferro.eu\/de\/wp-json\/wp\/v2\/product\/164803\/revisions"}],"predecessor-version":[{"id":206168,"href":"https:\/\/www.fabioferro.eu\/de\/wp-json\/wp\/v2\/product\/164803\/revisions\/206168"}],"wp:featuredmedia":[{"embeddable":true,"href":"https:\/\/www.fabioferro.eu\/de\/wp-json\/wp\/v2\/media\/164711"}],"wp:attachment":[{"href":"https:\/\/www.fabioferro.eu\/de\/wp-json\/wp\/v2\/media?parent=164803"}],"wp:term":[{"taxonomy":"product_brand","embeddable":true,"href":"https:\/\/www.fabioferro.eu\/de\/wp-json\/wp\/v2\/product_brand?post=164803"},{"taxonomy":"product_cat","embeddable":true,"href":"https:\/\/www.fabioferro.eu\/de\/wp-json\/wp\/v2\/product_cat?post=164803"},{"taxonomy":"product_tag","embeddable":true,"href":"https:\/\/www.fabioferro.eu\/de\/wp-json\/wp\/v2\/product_tag?post=164803"}],"curies":[{"name":"wp","href":"https:\/\/api.w.org\/{rel}","templated":true}]}}