{"id":164804,"date":"2024-10-29T09:34:32","date_gmt":"2024-10-29T08:34:32","guid":{"rendered":"https:\/\/www.fabioferro.eu\/fope-eka-collection-ring-aus-weissgold-mit-diamantpflaster.html"},"modified":"2026-01-09T16:17:11","modified_gmt":"2026-01-09T15:17:11","slug":"fope-eka-collection-ring-aus-weissgold-mit-diamantpflaster","status":"publish","type":"product","link":"https:\/\/www.fabioferro.eu\/de\/fope-eka-collection-ring-aus-weissgold-mit-diamantpflaster.html","title":{"rendered":"Fope Eka Collection Ring aus Wei\u00dfgold mit Diamantpflaster"},"content":{"rendered":"<p>Ein Ring von raffinierter Eleganz aus der Fope-Kollektion, gekonnt gefertigt aus 18 Karat Wei\u00dfgold.<\/p>\n<p class=\"p1\">Das Band, das mit einem Pav\u00e9 aus 0,22 Karat Diamanten verziert ist, f\u00e4ngt das Licht mit zeitloser Eleganz ein und verleiht ihm einen Hauch von kostbarem Glanz.<\/p>\n<p class=\"p1\">Einzigartiger Ring, handgefertigt von Kunsthandwerkern aus Vicenza. Ein Beispiel f\u00fcr authentische Qualit\u00e4t Made in Italy. <\/p>\n<p class=\"p1\">Dieses Schmuckst\u00fcck wird in einem exklusiven Etui pr\u00e4sentiert und verf\u00fcgt \u00fcber eine internationale Garantie, die seine au\u00dfergew\u00f6hnliche Widerstandsf\u00e4higkeit und seinen dauerhaften Wert bescheinigt.<\/p>\n<p><img decoding=\"async\" class=\"alignnone size-full wp-image-205373\" src=\"http:\/\/cdn02.fabioferro.eu\/wp-content\/uploads\/tabella-misure-anelli-standard-no-flexit-1.jpg\" alt=\"\" width=\"1266\" height=\"723\" title=\"\" srcset=\"https:\/\/cdn02.fabioferro.eu\/wp-content\/uploads\/tabella-misure-anelli-standard-no-flexit-1.jpg 1266w, https:\/\/cdn02.fabioferro.eu\/wp-content\/uploads\/tabella-misure-anelli-standard-no-flexit-1-768x439.jpg 768w, https:\/\/cdn02.fabioferro.eu\/wp-content\/uploads\/tabella-misure-anelli-standard-no-flexit-1-990x565.jpg 990w, https:\/\/cdn02.fabioferro.eu\/wp-content\/uploads\/tabella-misure-anelli-standard-no-flexit-1-441x252.jpg 441w, https:\/\/cdn02.fabioferro.eu\/wp-content\/uploads\/tabella-misure-anelli-standard-no-flexit-1-600x343.jpg 600w, https:\/\/cdn02.fabioferro.eu\/wp-content\/uploads\/tabella-misure-anelli-standard-no-flexit-1-150x86.jpg 150w\" sizes=\"(max-width: 1266px) 100vw, 1266px\" \/><\/p>\n","protected":false},"excerpt":{"rendered":"<p class=\"p1\">Fope Ring aus Wei\u00dfgold, ein Sinnbild f\u00fcr zeitlose Eleganz.<\/p>\n","protected":false},"featured_media":164457,"comment_status":"open","ping_status":"closed","template":"","meta":[],"product_brand":[154],"product_cat":[6139],"product_tag":[],"class_list":{"0":"post-164804","1":"product","2":"type-product","3":"status-publish","4":"has-post-thumbnail","6":"product_brand-fope","7":"product_cat-fope-ringe","9":"first","10":"instock","11":"taxable","12":"shipping-taxable","13":"purchasable","14":"product-type-variable","15":"has-default-attributes"},"exclude_global_add_ons":[],"addons":[],"df_price":2510,"df_sale_price":"","df_regular_price":2510,"df_image_link":"https:\/\/cdn02.fabioferro.eu\/wp-content\/uploads\/anello-fope-collezione-eka-in-oro-bianco-con-pave-di-diamanti.jpg","_links":{"self":[{"href":"https:\/\/www.fabioferro.eu\/de\/wp-json\/wp\/v2\/product\/164804","targetHints":{"allow":["GET"]}}],"collection":[{"href":"https:\/\/www.fabioferro.eu\/de\/wp-json\/wp\/v2\/product"}],"about":[{"href":"https:\/\/www.fabioferro.eu\/de\/wp-json\/wp\/v2\/types\/product"}],"replies":[{"embeddable":true,"href":"https:\/\/www.fabioferro.eu\/de\/wp-json\/wp\/v2\/comments?post=164804"}],"version-history":[{"count":2,"href":"https:\/\/www.fabioferro.eu\/de\/wp-json\/wp\/v2\/product\/164804\/revisions"}],"predecessor-version":[{"id":206187,"href":"https:\/\/www.fabioferro.eu\/de\/wp-json\/wp\/v2\/product\/164804\/revisions\/206187"}],"wp:featuredmedia":[{"embeddable":true,"href":"https:\/\/www.fabioferro.eu\/de\/wp-json\/wp\/v2\/media\/164457"}],"wp:attachment":[{"href":"https:\/\/www.fabioferro.eu\/de\/wp-json\/wp\/v2\/media?parent=164804"}],"wp:term":[{"taxonomy":"product_brand","embeddable":true,"href":"https:\/\/www.fabioferro.eu\/de\/wp-json\/wp\/v2\/product_brand?post=164804"},{"taxonomy":"product_cat","embeddable":true,"href":"https:\/\/www.fabioferro.eu\/de\/wp-json\/wp\/v2\/product_cat?post=164804"},{"taxonomy":"product_tag","embeddable":true,"href":"https:\/\/www.fabioferro.eu\/de\/wp-json\/wp\/v2\/product_tag?post=164804"}],"curies":[{"name":"wp","href":"https:\/\/api.w.org\/{rel}","templated":true}]}}