{"id":164845,"date":"2024-10-29T15:54:17","date_gmt":"2024-10-29T14:54:17","guid":{"rendered":"https:\/\/www.fabioferro.eu\/fope-prima-kollektion-ring-aus-weissgold.html"},"modified":"2026-01-09T16:16:44","modified_gmt":"2026-01-09T15:16:44","slug":"fope-prima-kollektion-ring-aus-weissgold","status":"publish","type":"product","link":"https:\/\/www.fabioferro.eu\/de\/fope-prima-kollektion-ring-aus-weissgold.html","title":{"rendered":"Fope Prima Kollektion Ring aus Wei\u00dfgold"},"content":{"rendered":"<p class=\"p1\">Exklusiver Ring aus der Fope-Kollektion aus 18 Karat Wei\u00dfgold, ein Ausdruck der italienischen Goldschmiedekunst.<\/p>\n<p class=\"p1\">Seine elegante Struktur zeigt das Fope-Logo in einer raffinierten Gravur.<\/p>\n<p class=\"p1\">Das minimalistische Design wird durch die tadellose Verarbeitung unterstrichen und verleiht ihm einen raffinierten und modernen Look.<\/p>\n<p class=\"p1\">Jedes St\u00fcck ist sorgf\u00e4ltig in einer luxuri\u00f6sen Schachtel verpackt und wird von einer internationalen Garantie begleitet, die seine Haltbarkeit und seinen Wert bescheinigt.<\/p>\n<p><img decoding=\"async\" class=\"alignnone size-full wp-image-205373\" src=\"http:\/\/cdn02.fabioferro.eu\/wp-content\/uploads\/tabella-misure-anelli-standard-no-flexit-1.jpg\" alt=\"\" width=\"1266\" height=\"723\" title=\"\" srcset=\"https:\/\/cdn02.fabioferro.eu\/wp-content\/uploads\/tabella-misure-anelli-standard-no-flexit-1.jpg 1266w, https:\/\/cdn02.fabioferro.eu\/wp-content\/uploads\/tabella-misure-anelli-standard-no-flexit-1-768x439.jpg 768w, https:\/\/cdn02.fabioferro.eu\/wp-content\/uploads\/tabella-misure-anelli-standard-no-flexit-1-990x565.jpg 990w, https:\/\/cdn02.fabioferro.eu\/wp-content\/uploads\/tabella-misure-anelli-standard-no-flexit-1-441x252.jpg 441w, https:\/\/cdn02.fabioferro.eu\/wp-content\/uploads\/tabella-misure-anelli-standard-no-flexit-1-600x343.jpg 600w, https:\/\/cdn02.fabioferro.eu\/wp-content\/uploads\/tabella-misure-anelli-standard-no-flexit-1-150x86.jpg 150w\" sizes=\"(max-width: 1266px) 100vw, 1266px\" \/><\/p>\n","protected":false},"excerpt":{"rendered":"<p class=\"p1\">Fope Ring aus Wei\u00dfgold, ein Symbol f\u00fcr Eleganz und Raffinesse f\u00fcr jeden Anlass.<\/p>\n","protected":false},"featured_media":164691,"comment_status":"open","ping_status":"closed","template":"","meta":[],"product_brand":[154],"product_cat":[6139],"product_tag":[],"class_list":{"0":"post-164845","1":"product","2":"type-product","3":"status-publish","4":"has-post-thumbnail","6":"product_brand-fope","7":"product_cat-fope-ringe","9":"first","10":"instock","11":"taxable","12":"shipping-taxable","13":"purchasable","14":"product-type-variable","15":"has-default-attributes"},"exclude_global_add_ons":[],"addons":[],"df_price":1130,"df_sale_price":"","df_regular_price":1130,"df_image_link":"https:\/\/cdn02.fabioferro.eu\/wp-content\/uploads\/anello-fope-collezione-prima-in-oro-bianco.jpg","_links":{"self":[{"href":"https:\/\/www.fabioferro.eu\/de\/wp-json\/wp\/v2\/product\/164845","targetHints":{"allow":["GET"]}}],"collection":[{"href":"https:\/\/www.fabioferro.eu\/de\/wp-json\/wp\/v2\/product"}],"about":[{"href":"https:\/\/www.fabioferro.eu\/de\/wp-json\/wp\/v2\/types\/product"}],"replies":[{"embeddable":true,"href":"https:\/\/www.fabioferro.eu\/de\/wp-json\/wp\/v2\/comments?post=164845"}],"version-history":[{"count":1,"href":"https:\/\/www.fabioferro.eu\/de\/wp-json\/wp\/v2\/product\/164845\/revisions"}],"predecessor-version":[{"id":206176,"href":"https:\/\/www.fabioferro.eu\/de\/wp-json\/wp\/v2\/product\/164845\/revisions\/206176"}],"wp:featuredmedia":[{"embeddable":true,"href":"https:\/\/www.fabioferro.eu\/de\/wp-json\/wp\/v2\/media\/164691"}],"wp:attachment":[{"href":"https:\/\/www.fabioferro.eu\/de\/wp-json\/wp\/v2\/media?parent=164845"}],"wp:term":[{"taxonomy":"product_brand","embeddable":true,"href":"https:\/\/www.fabioferro.eu\/de\/wp-json\/wp\/v2\/product_brand?post=164845"},{"taxonomy":"product_cat","embeddable":true,"href":"https:\/\/www.fabioferro.eu\/de\/wp-json\/wp\/v2\/product_cat?post=164845"},{"taxonomy":"product_tag","embeddable":true,"href":"https:\/\/www.fabioferro.eu\/de\/wp-json\/wp\/v2\/product_tag?post=164845"}],"curies":[{"name":"wp","href":"https:\/\/api.w.org\/{rel}","templated":true}]}}