{"id":164887,"date":"2024-10-25T13:45:41","date_gmt":"2024-10-25T11:45:41","guid":{"rendered":"https:\/\/www.fabioferro.eu\/fope-vendome-kollektion-flex-it-armband-aus-weissgold-mit-diamant.html"},"modified":"2026-01-09T16:18:35","modified_gmt":"2026-01-09T15:18:35","slug":"fope-vendome-kollektion-flex-it-armband-aus-weissgold-mit-diamant","status":"publish","type":"product","link":"https:\/\/www.fabioferro.eu\/de\/fope-vendome-kollektion-flex-it-armband-aus-weissgold-mit-diamant.html","title":{"rendered":"Fope Vendome Kollektion Flex It Armband aus Wei\u00dfgold mit Diamant"},"content":{"rendered":"<p class=\"p1\">Fope Armband aus 18-kar\u00e4tigem Wei\u00dfgold, das mit handwerklichem Geschick und viel Liebe zum Detail gefertigt wurde.<\/p>\n<p class=\"p1\">In der Mitte ist ein wei\u00dfer Diamant von 0,01 Karat pr\u00e4zise gefasst, der die Textur des Schmuckst\u00fccks mit einem Hauch von raffiniertem Licht erhellt.<\/p>\n<p class=\"p1\">Die Flex&#8217;it-Technologie sorgt dank interner Goldfedern f\u00fcr eine bequeme und anpassungsf\u00e4hige Passform, so dass keine Verschl\u00fcsse erforderlich sind.<\/p>\n<p class=\"p1\">Jedes Armband durchl\u00e4uft strenge Widerstandstests, die Qualit\u00e4t und Langlebigkeit garantieren. Dabei wurden mehr als 12.000 Zugzyklen durchgef\u00fchrt.<\/p>\n<p class=\"p1\">Handgefertigt in Italien, geliefert in einem eleganten Etui mit dem internationalen Garantiezertifikat von Fope.<\/p>\n<p><img decoding=\"async\" class=\"alignnone size-full wp-image-205465\" src=\"http:\/\/cdn02.fabioferro.eu\/wp-content\/uploads\/tabelle-misure-bracciali.jpg\" alt=\"\" width=\"1900\" height=\"153\" title=\"\" srcset=\"https:\/\/cdn02.fabioferro.eu\/wp-content\/uploads\/tabelle-misure-bracciali.jpg 1900w, https:\/\/cdn02.fabioferro.eu\/wp-content\/uploads\/tabelle-misure-bracciali-768x62.jpg 768w, https:\/\/cdn02.fabioferro.eu\/wp-content\/uploads\/tabelle-misure-bracciali-1536x124.jpg 1536w, https:\/\/cdn02.fabioferro.eu\/wp-content\/uploads\/tabelle-misure-bracciali-990x80.jpg 990w, https:\/\/cdn02.fabioferro.eu\/wp-content\/uploads\/tabelle-misure-bracciali-441x36.jpg 441w, https:\/\/cdn02.fabioferro.eu\/wp-content\/uploads\/tabelle-misure-bracciali-600x48.jpg 600w, https:\/\/cdn02.fabioferro.eu\/wp-content\/uploads\/tabelle-misure-bracciali-150x12.jpg 150w\" sizes=\"(max-width: 1900px) 100vw, 1900px\" \/><\/p>\n","protected":false},"excerpt":{"rendered":"<p class=\"p1\">Fope Armband aus Wei\u00dfgold mit einem Diamanten, das durch sein klassisches und raffiniertes Design bezaubert.<\/p>\n","protected":false},"featured_media":163961,"comment_status":"open","ping_status":"closed","template":"","meta":[],"product_brand":[154],"product_cat":[6161],"product_tag":[],"class_list":{"0":"post-164887","1":"product","2":"type-product","3":"status-publish","4":"has-post-thumbnail","6":"product_brand-fope","7":"product_cat-fope-armbander","9":"first","10":"instock","11":"taxable","12":"shipping-taxable","13":"purchasable","14":"product-type-variable","15":"has-default-attributes"},"exclude_global_add_ons":[],"addons":[],"df_price":5100,"df_sale_price":"","df_regular_price":5100,"df_image_link":"https:\/\/cdn02.fabioferro.eu\/wp-content\/uploads\/bracciale-fope-collezione-vendome-in-oro-bianco-con-diamante.jpg","_links":{"self":[{"href":"https:\/\/www.fabioferro.eu\/de\/wp-json\/wp\/v2\/product\/164887","targetHints":{"allow":["GET"]}}],"collection":[{"href":"https:\/\/www.fabioferro.eu\/de\/wp-json\/wp\/v2\/product"}],"about":[{"href":"https:\/\/www.fabioferro.eu\/de\/wp-json\/wp\/v2\/types\/product"}],"replies":[{"embeddable":true,"href":"https:\/\/www.fabioferro.eu\/de\/wp-json\/wp\/v2\/comments?post=164887"}],"version-history":[{"count":1,"href":"https:\/\/www.fabioferro.eu\/de\/wp-json\/wp\/v2\/product\/164887\/revisions"}],"predecessor-version":[{"id":206226,"href":"https:\/\/www.fabioferro.eu\/de\/wp-json\/wp\/v2\/product\/164887\/revisions\/206226"}],"wp:featuredmedia":[{"embeddable":true,"href":"https:\/\/www.fabioferro.eu\/de\/wp-json\/wp\/v2\/media\/163961"}],"wp:attachment":[{"href":"https:\/\/www.fabioferro.eu\/de\/wp-json\/wp\/v2\/media?parent=164887"}],"wp:term":[{"taxonomy":"product_brand","embeddable":true,"href":"https:\/\/www.fabioferro.eu\/de\/wp-json\/wp\/v2\/product_brand?post=164887"},{"taxonomy":"product_cat","embeddable":true,"href":"https:\/\/www.fabioferro.eu\/de\/wp-json\/wp\/v2\/product_cat?post=164887"},{"taxonomy":"product_tag","embeddable":true,"href":"https:\/\/www.fabioferro.eu\/de\/wp-json\/wp\/v2\/product_tag?post=164887"}],"curies":[{"name":"wp","href":"https:\/\/api.w.org\/{rel}","templated":true}]}}