{"id":164928,"date":"2024-10-25T13:46:03","date_gmt":"2024-10-25T11:46:03","guid":{"rendered":"https:\/\/www.fabioferro.eu\/fope-prima-collection-ring-aus-weissgold-mit-diamantpflaster.html"},"modified":"2026-01-09T16:18:42","modified_gmt":"2026-01-09T15:18:42","slug":"fope-prima-collection-ring-aus-weissgold-mit-diamantpflaster","status":"publish","type":"product","link":"https:\/\/www.fabioferro.eu\/de\/fope-prima-collection-ring-aus-weissgold-mit-diamantpflaster.html","title":{"rendered":"Fope Prima Collection Ring aus Wei\u00dfgold mit Diamantpflaster"},"content":{"rendered":"<p class=\"p1\">Edler Ring aus 18-kar\u00e4tigem Wei\u00dfgold, der sorgf\u00e4ltig bearbeitet wurde, um seinen Glanz und seine Brillanz hervorzuheben.<\/p>\n<p class=\"p1\">Ein Diamantenpav\u00e9 von insgesamt 0,09 Karat verleiht dem Ring einen Hauch von zeitloser Eleganz und au\u00dfergew\u00f6hnlichem Funkeln.<\/p>\n<p class=\"p1\">Die Fope-Marke und die Fabrikstempel sind auf der Innenseite des Rings eingraviert und unterstreichen seine Echtheit.<\/p>\n<p class=\"p1\">Der Ring ist in einem edlen Etui verpackt und wird mit einer internationalen Garantie geliefert, die seine Qualit\u00e4t und Haltbarkeit bescheinigt.<\/p>\n<p><img decoding=\"async\" class=\"alignnone size-full wp-image-205373\" src=\"http:\/\/cdn02.fabioferro.eu\/wp-content\/uploads\/tabella-misure-anelli-standard-no-flexit-1.jpg\" alt=\"\" width=\"1266\" height=\"723\" title=\"\" srcset=\"https:\/\/cdn02.fabioferro.eu\/wp-content\/uploads\/tabella-misure-anelli-standard-no-flexit-1.jpg 1266w, https:\/\/cdn02.fabioferro.eu\/wp-content\/uploads\/tabella-misure-anelli-standard-no-flexit-1-768x439.jpg 768w, https:\/\/cdn02.fabioferro.eu\/wp-content\/uploads\/tabella-misure-anelli-standard-no-flexit-1-990x565.jpg 990w, https:\/\/cdn02.fabioferro.eu\/wp-content\/uploads\/tabella-misure-anelli-standard-no-flexit-1-441x252.jpg 441w, https:\/\/cdn02.fabioferro.eu\/wp-content\/uploads\/tabella-misure-anelli-standard-no-flexit-1-600x343.jpg 600w, https:\/\/cdn02.fabioferro.eu\/wp-content\/uploads\/tabella-misure-anelli-standard-no-flexit-1-150x86.jpg 150w\" sizes=\"(max-width: 1266px) 100vw, 1266px\" \/><\/p>\n","protected":false},"excerpt":{"rendered":"<p class=\"p1\">FOPE Ring aus Wei\u00dfgold mit Diamanten, ein Schmuckst\u00fcck, das Luxus und Raffinesse verk\u00f6rpert.<\/p>\n","protected":false},"featured_media":164110,"comment_status":"open","ping_status":"closed","template":"","meta":[],"product_brand":[154],"product_cat":[6139],"product_tag":[],"class_list":{"0":"post-164928","1":"product","2":"type-product","3":"status-publish","4":"has-post-thumbnail","6":"product_brand-fope","7":"product_cat-fope-ringe","9":"first","10":"instock","11":"taxable","12":"shipping-taxable","13":"purchasable","14":"product-type-variable","15":"has-default-attributes"},"exclude_global_add_ons":[],"addons":[],"df_price":1740,"df_sale_price":"","df_regular_price":1740,"df_image_link":"https:\/\/cdn02.fabioferro.eu\/wp-content\/uploads\/anello-fope-collezione-prima-in-oro-bianco-con-pave-di-diamanti.jpg","_links":{"self":[{"href":"https:\/\/www.fabioferro.eu\/de\/wp-json\/wp\/v2\/product\/164928","targetHints":{"allow":["GET"]}}],"collection":[{"href":"https:\/\/www.fabioferro.eu\/de\/wp-json\/wp\/v2\/product"}],"about":[{"href":"https:\/\/www.fabioferro.eu\/de\/wp-json\/wp\/v2\/types\/product"}],"replies":[{"embeddable":true,"href":"https:\/\/www.fabioferro.eu\/de\/wp-json\/wp\/v2\/comments?post=164928"}],"version-history":[{"count":1,"href":"https:\/\/www.fabioferro.eu\/de\/wp-json\/wp\/v2\/product\/164928\/revisions"}],"predecessor-version":[{"id":206232,"href":"https:\/\/www.fabioferro.eu\/de\/wp-json\/wp\/v2\/product\/164928\/revisions\/206232"}],"wp:featuredmedia":[{"embeddable":true,"href":"https:\/\/www.fabioferro.eu\/de\/wp-json\/wp\/v2\/media\/164110"}],"wp:attachment":[{"href":"https:\/\/www.fabioferro.eu\/de\/wp-json\/wp\/v2\/media?parent=164928"}],"wp:term":[{"taxonomy":"product_brand","embeddable":true,"href":"https:\/\/www.fabioferro.eu\/de\/wp-json\/wp\/v2\/product_brand?post=164928"},{"taxonomy":"product_cat","embeddable":true,"href":"https:\/\/www.fabioferro.eu\/de\/wp-json\/wp\/v2\/product_cat?post=164928"},{"taxonomy":"product_tag","embeddable":true,"href":"https:\/\/www.fabioferro.eu\/de\/wp-json\/wp\/v2\/product_tag?post=164928"}],"curies":[{"name":"wp","href":"https:\/\/api.w.org\/{rel}","templated":true}]}}