{"id":164957,"date":"2024-10-25T13:46:08","date_gmt":"2024-10-25T11:46:08","guid":{"rendered":"https:\/\/www.fabioferro.eu\/fope-solo-flex-it-collection-armband-aus-weiss-und-rosegold-mit-diamant.html"},"modified":"2026-01-09T16:18:43","modified_gmt":"2026-01-09T15:18:43","slug":"fope-solo-flex-it-collection-armband-aus-weiss-und-rosegold-mit-diamant","status":"publish","type":"product","link":"https:\/\/www.fabioferro.eu\/de\/fope-solo-flex-it-collection-armband-aus-weiss-und-rosegold-mit-diamant.html","title":{"rendered":"Fope Solo Flex It Collection Armband aus Wei\u00df- und Ros\u00e9gold mit Diamant"},"content":{"rendered":"<p class=\"p1\">Fope Armband aus 18 Karat Wei\u00df- und Ros\u00e9gold.<\/p>\n<p class=\"p1\">In der Mitte des Schmuckst\u00fccks befindet sich ein Diamant von 0,01 Karat, der f\u00fcr Glanz und Raffinesse sorgt.<\/p>\n<p class=\"p1\">Dank der Flex&#8217;it-Technologie bietet das Armband einen flexiblen und bequemen Sitz ohne Verschl\u00fcsse.<\/p>\n<p class=\"p1\">Mit mehr als 12.000 Zugzyklen wird jedes St\u00fcck auf au\u00dfergew\u00f6hnliche Haltbarkeit getestet.<\/p>\n<p class=\"p1\">Dieses in Italien handgefertigte Schmuckst\u00fcck ist ein Meisterwerk der Goldschmiedekunst.<\/p>\n<p class=\"p1\">Pr\u00e4sentiert in einem eleganten Etui mit internationalem Garantiezertifikat von Fope.<\/p>\n<p><img decoding=\"async\" class=\"alignnone size-full wp-image-205465\" src=\"http:\/\/cdn02.fabioferro.eu\/wp-content\/uploads\/tabelle-misure-bracciali.jpg\" alt=\"\" width=\"1900\" height=\"153\" title=\"\" srcset=\"https:\/\/cdn02.fabioferro.eu\/wp-content\/uploads\/tabelle-misure-bracciali.jpg 1900w, https:\/\/cdn02.fabioferro.eu\/wp-content\/uploads\/tabelle-misure-bracciali-768x62.jpg 768w, https:\/\/cdn02.fabioferro.eu\/wp-content\/uploads\/tabelle-misure-bracciali-1536x124.jpg 1536w, https:\/\/cdn02.fabioferro.eu\/wp-content\/uploads\/tabelle-misure-bracciali-990x80.jpg 990w, https:\/\/cdn02.fabioferro.eu\/wp-content\/uploads\/tabelle-misure-bracciali-441x36.jpg 441w, https:\/\/cdn02.fabioferro.eu\/wp-content\/uploads\/tabelle-misure-bracciali-600x48.jpg 600w, https:\/\/cdn02.fabioferro.eu\/wp-content\/uploads\/tabelle-misure-bracciali-150x12.jpg 150w\" sizes=\"(max-width: 1900px) 100vw, 1900px\" \/><\/p>\n","protected":false},"excerpt":{"rendered":"<p class=\"p1\">Zeitlose Eleganz, ein Wei\u00df- und Ros\u00e9goldarmband mit unvergleichlichen Details.<\/p>\n","protected":false},"featured_media":164084,"comment_status":"open","ping_status":"closed","template":"","meta":[],"product_brand":[154],"product_cat":[6161],"product_tag":[],"class_list":{"0":"post-164957","1":"product","2":"type-product","3":"status-publish","4":"has-post-thumbnail","6":"product_brand-fope","7":"product_cat-fope-armbander","9":"first","10":"instock","11":"taxable","12":"shipping-taxable","13":"purchasable","14":"product-type-variable","15":"has-default-attributes"},"exclude_global_add_ons":[],"addons":[],"df_price":4000,"df_sale_price":"","df_regular_price":4000,"df_image_link":"https:\/\/cdn02.fabioferro.eu\/wp-content\/uploads\/bracciale-fope-collezione-solo-flex-it-in-oro-bianco-e-rosa-con-diamante.jpg","_links":{"self":[{"href":"https:\/\/www.fabioferro.eu\/de\/wp-json\/wp\/v2\/product\/164957","targetHints":{"allow":["GET"]}}],"collection":[{"href":"https:\/\/www.fabioferro.eu\/de\/wp-json\/wp\/v2\/product"}],"about":[{"href":"https:\/\/www.fabioferro.eu\/de\/wp-json\/wp\/v2\/types\/product"}],"replies":[{"embeddable":true,"href":"https:\/\/www.fabioferro.eu\/de\/wp-json\/wp\/v2\/comments?post=164957"}],"version-history":[{"count":1,"href":"https:\/\/www.fabioferro.eu\/de\/wp-json\/wp\/v2\/product\/164957\/revisions"}],"predecessor-version":[{"id":206233,"href":"https:\/\/www.fabioferro.eu\/de\/wp-json\/wp\/v2\/product\/164957\/revisions\/206233"}],"wp:featuredmedia":[{"embeddable":true,"href":"https:\/\/www.fabioferro.eu\/de\/wp-json\/wp\/v2\/media\/164084"}],"wp:attachment":[{"href":"https:\/\/www.fabioferro.eu\/de\/wp-json\/wp\/v2\/media?parent=164957"}],"wp:term":[{"taxonomy":"product_brand","embeddable":true,"href":"https:\/\/www.fabioferro.eu\/de\/wp-json\/wp\/v2\/product_brand?post=164957"},{"taxonomy":"product_cat","embeddable":true,"href":"https:\/\/www.fabioferro.eu\/de\/wp-json\/wp\/v2\/product_cat?post=164957"},{"taxonomy":"product_tag","embeddable":true,"href":"https:\/\/www.fabioferro.eu\/de\/wp-json\/wp\/v2\/product_tag?post=164957"}],"curies":[{"name":"wp","href":"https:\/\/api.w.org\/{rel}","templated":true}]}}