{"id":165009,"date":"2024-10-27T14:26:17","date_gmt":"2024-10-27T13:26:17","guid":{"rendered":"https:\/\/www.fabioferro.eu\/fope-eka-collection-gelbgold-ring-mit-diamant-pave.html"},"modified":"2026-01-09T16:16:55","modified_gmt":"2026-01-09T15:16:55","slug":"fope-eka-collection-gelbgold-ring-mit-diamant-pave","status":"publish","type":"product","link":"https:\/\/www.fabioferro.eu\/de\/fope-eka-collection-gelbgold-ring-mit-diamant-pave.html","title":{"rendered":"Fope Eka Collection Gelbgold Ring mit Diamant Pave"},"content":{"rendered":"<p>Luxuri\u00f6ser Ring aus der Fope-Kollektion, handgefertigt aus 18-kar\u00e4tigem Gelbgold f\u00fcr zeitlosen Charme.<\/p>\n<p class=\"p1\">Das Brillantpav\u00e9 mit insgesamt 0,22 Karat ragt in der Mitte des Rings hervor und strahlt ein magnetisches und raffiniertes Licht aus.<\/p>\n<p class=\"p1\">Ring handgefertigt von geschickten Kunsthandwerkern in Vicenza, Made in Italy.<\/p>\n<p class=\"p1\">Der Ring ist in einem eleganten Etui verpackt und wird mit einer internationalen Garantie geliefert, einem Symbol f\u00fcr Exzellenz und Langlebigkeit.<\/p>\n<p><img decoding=\"async\" class=\"alignnone size-full wp-image-205373\" src=\"http:\/\/cdn02.fabioferro.eu\/wp-content\/uploads\/tabella-misure-anelli-standard-no-flexit-1.jpg\" alt=\"\" width=\"1266\" height=\"723\" title=\"\" srcset=\"https:\/\/cdn02.fabioferro.eu\/wp-content\/uploads\/tabella-misure-anelli-standard-no-flexit-1.jpg 1266w, https:\/\/cdn02.fabioferro.eu\/wp-content\/uploads\/tabella-misure-anelli-standard-no-flexit-1-768x439.jpg 768w, https:\/\/cdn02.fabioferro.eu\/wp-content\/uploads\/tabella-misure-anelli-standard-no-flexit-1-990x565.jpg 990w, https:\/\/cdn02.fabioferro.eu\/wp-content\/uploads\/tabella-misure-anelli-standard-no-flexit-1-441x252.jpg 441w, https:\/\/cdn02.fabioferro.eu\/wp-content\/uploads\/tabella-misure-anelli-standard-no-flexit-1-600x343.jpg 600w, https:\/\/cdn02.fabioferro.eu\/wp-content\/uploads\/tabella-misure-anelli-standard-no-flexit-1-150x86.jpg 150w\" sizes=\"(max-width: 1266px) 100vw, 1266px\" \/><\/p>\n","protected":false},"excerpt":{"rendered":"<p class=\"p1\">Ein Ring von Fope aus Gelbgold f\u00fcr klassische und raffinierte Sch\u00f6nheit.<\/p>\n","protected":false},"featured_media":164470,"comment_status":"open","ping_status":"closed","template":"","meta":[],"product_brand":[154],"product_cat":[6139],"product_tag":[],"class_list":{"0":"post-165009","1":"product","2":"type-product","3":"status-publish","4":"has-post-thumbnail","6":"product_brand-fope","7":"product_cat-fope-ringe","9":"first","10":"instock","11":"taxable","12":"shipping-taxable","13":"purchasable","14":"product-type-variable","15":"has-default-attributes"},"exclude_global_add_ons":[],"addons":[],"df_price":2510,"df_sale_price":"","df_regular_price":2510,"df_image_link":"https:\/\/cdn02.fabioferro.eu\/wp-content\/uploads\/anello-fope-collezione-eka-in-oro-giallo-con-pave-di-diamanti.jpg","_links":{"self":[{"href":"https:\/\/www.fabioferro.eu\/de\/wp-json\/wp\/v2\/product\/165009","targetHints":{"allow":["GET"]}}],"collection":[{"href":"https:\/\/www.fabioferro.eu\/de\/wp-json\/wp\/v2\/product"}],"about":[{"href":"https:\/\/www.fabioferro.eu\/de\/wp-json\/wp\/v2\/types\/product"}],"replies":[{"embeddable":true,"href":"https:\/\/www.fabioferro.eu\/de\/wp-json\/wp\/v2\/comments?post=165009"}],"version-history":[{"count":2,"href":"https:\/\/www.fabioferro.eu\/de\/wp-json\/wp\/v2\/product\/165009\/revisions"}],"predecessor-version":[{"id":206181,"href":"https:\/\/www.fabioferro.eu\/de\/wp-json\/wp\/v2\/product\/165009\/revisions\/206181"}],"wp:featuredmedia":[{"embeddable":true,"href":"https:\/\/www.fabioferro.eu\/de\/wp-json\/wp\/v2\/media\/164470"}],"wp:attachment":[{"href":"https:\/\/www.fabioferro.eu\/de\/wp-json\/wp\/v2\/media?parent=165009"}],"wp:term":[{"taxonomy":"product_brand","embeddable":true,"href":"https:\/\/www.fabioferro.eu\/de\/wp-json\/wp\/v2\/product_brand?post=165009"},{"taxonomy":"product_cat","embeddable":true,"href":"https:\/\/www.fabioferro.eu\/de\/wp-json\/wp\/v2\/product_cat?post=165009"},{"taxonomy":"product_tag","embeddable":true,"href":"https:\/\/www.fabioferro.eu\/de\/wp-json\/wp\/v2\/product_tag?post=165009"}],"curies":[{"name":"wp","href":"https:\/\/api.w.org\/{rel}","templated":true}]}}