{"id":165032,"date":"2024-10-27T14:29:08","date_gmt":"2024-10-27T13:29:08","guid":{"rendered":"https:\/\/www.fabioferro.eu\/fope-eka-collection-ring-aus-rosegold-mit-diamantpflaster.html"},"modified":"2026-01-09T16:22:54","modified_gmt":"2026-01-09T15:22:54","slug":"fope-eka-collection-ring-aus-rosegold-mit-diamantpflaster","status":"publish","type":"product","link":"https:\/\/www.fabioferro.eu\/de\/fope-eka-collection-ring-aus-rosegold-mit-diamantpflaster.html","title":{"rendered":"Fope Eka Collection Ring aus Ros\u00e9gold mit Diamantpflaster"},"content":{"rendered":"<p>Eleganter Ring von Fope aus 18-kar\u00e4tigem Ros\u00e9gold, das Ergebnis von Handwerkskunst, die Tradition und modernes Design verbindet.<\/p>\n<p class=\"p1\">Ein Pav\u00e9 aus perfekt gefassten Diamanten von insgesamt 0,22 Karat schm\u00fcckt den Ring und verleiht ihm eine au\u00dfergew\u00f6hnliche Brillanz.<\/p>\n<p class=\"p1\">Ring handgefertigt von Kunsthandwerkern aus Vicenza. Qualit\u00e4t Made in Italy.<\/p>\n<p class=\"p1\">Der Ring ist in einem luxuri\u00f6sen Etui untergebracht und wird mit einer internationalen Garantie geliefert, die von seiner Exzellenz zeugt.<\/p>\n<p><img decoding=\"async\" class=\"alignnone size-full wp-image-205373\" src=\"http:\/\/cdn02.fabioferro.eu\/wp-content\/uploads\/tabella-misure-anelli-standard-no-flexit-1.jpg\" alt=\"\" width=\"1266\" height=\"723\" title=\"\" srcset=\"https:\/\/cdn02.fabioferro.eu\/wp-content\/uploads\/tabella-misure-anelli-standard-no-flexit-1.jpg 1266w, https:\/\/cdn02.fabioferro.eu\/wp-content\/uploads\/tabella-misure-anelli-standard-no-flexit-1-768x439.jpg 768w, https:\/\/cdn02.fabioferro.eu\/wp-content\/uploads\/tabella-misure-anelli-standard-no-flexit-1-990x565.jpg 990w, https:\/\/cdn02.fabioferro.eu\/wp-content\/uploads\/tabella-misure-anelli-standard-no-flexit-1-441x252.jpg 441w, https:\/\/cdn02.fabioferro.eu\/wp-content\/uploads\/tabella-misure-anelli-standard-no-flexit-1-600x343.jpg 600w, https:\/\/cdn02.fabioferro.eu\/wp-content\/uploads\/tabella-misure-anelli-standard-no-flexit-1-150x86.jpg 150w\" sizes=\"(max-width: 1266px) 100vw, 1266px\" \/><\/p>\n","protected":false},"excerpt":{"rendered":"<p class=\"p1\">Ein Ring aus Ros\u00e9gold von Fope, eine Wahl von Luxus und Eleganz<\/p>\n","protected":false},"featured_media":164482,"comment_status":"open","ping_status":"closed","template":"","meta":[],"product_brand":[154],"product_cat":[6139],"product_tag":[],"class_list":{"0":"post-165032","1":"product","2":"type-product","3":"status-publish","4":"has-post-thumbnail","6":"product_brand-fope","7":"product_cat-fope-ringe","9":"first","10":"instock","11":"taxable","12":"shipping-taxable","13":"purchasable","14":"product-type-variable","15":"has-default-attributes"},"exclude_global_add_ons":[],"addons":[],"df_price":2510,"df_sale_price":"","df_regular_price":2510,"df_image_link":"https:\/\/cdn02.fabioferro.eu\/wp-content\/uploads\/anello-fope-collezione-eka-in-oro-rosa-con-pave-di-diamanti.jpg","_links":{"self":[{"href":"https:\/\/www.fabioferro.eu\/de\/wp-json\/wp\/v2\/product\/165032","targetHints":{"allow":["GET"]}}],"collection":[{"href":"https:\/\/www.fabioferro.eu\/de\/wp-json\/wp\/v2\/product"}],"about":[{"href":"https:\/\/www.fabioferro.eu\/de\/wp-json\/wp\/v2\/types\/product"}],"replies":[{"embeddable":true,"href":"https:\/\/www.fabioferro.eu\/de\/wp-json\/wp\/v2\/comments?post=165032"}],"version-history":[{"count":2,"href":"https:\/\/www.fabioferro.eu\/de\/wp-json\/wp\/v2\/product\/165032\/revisions"}],"predecessor-version":[{"id":206393,"href":"https:\/\/www.fabioferro.eu\/de\/wp-json\/wp\/v2\/product\/165032\/revisions\/206393"}],"wp:featuredmedia":[{"embeddable":true,"href":"https:\/\/www.fabioferro.eu\/de\/wp-json\/wp\/v2\/media\/164482"}],"wp:attachment":[{"href":"https:\/\/www.fabioferro.eu\/de\/wp-json\/wp\/v2\/media?parent=165032"}],"wp:term":[{"taxonomy":"product_brand","embeddable":true,"href":"https:\/\/www.fabioferro.eu\/de\/wp-json\/wp\/v2\/product_brand?post=165032"},{"taxonomy":"product_cat","embeddable":true,"href":"https:\/\/www.fabioferro.eu\/de\/wp-json\/wp\/v2\/product_cat?post=165032"},{"taxonomy":"product_tag","embeddable":true,"href":"https:\/\/www.fabioferro.eu\/de\/wp-json\/wp\/v2\/product_tag?post=165032"}],"curies":[{"name":"wp","href":"https:\/\/api.w.org\/{rel}","templated":true}]}}