{"id":165178,"date":"2024-10-29T09:33:39","date_gmt":"2024-10-29T08:33:39","guid":{"rendered":"https:\/\/www.fabioferro.eu\/fope-vendome-kollektion-flex-it-armband-aus-weissgold-mit-schwarzem-diamant-pave.html"},"modified":"2026-01-09T16:17:52","modified_gmt":"2026-01-09T15:17:52","slug":"fope-vendome-kollektion-flex-it-armband-aus-weissgold-mit-schwarzem-diamant-pave","status":"publish","type":"product","link":"https:\/\/www.fabioferro.eu\/de\/fope-vendome-kollektion-flex-it-armband-aus-weissgold-mit-schwarzem-diamant-pave.html","title":{"rendered":"Fope Vendome Kollektion Flex It Armband aus Wei\u00dfgold mit schwarzem Diamant Pave"},"content":{"rendered":"<p class=\"p1\">Das Fope Armband aus 18 Karat Wei\u00dfgold ist eine perfekte Kombination aus modernem Design und feinem Schmuckhandwerk.<\/p>\n<p class=\"p1\">In der Mitte verleiht ein sorgf\u00e4ltig gefasstes Pav\u00e9 aus schwarzen Diamanten von insgesamt 0,11 Karat dem Armband Eleganz.<\/p>\n<p class=\"p1\">Die Flex&#8217;it-Technologie, die es nur bei Fope gibt, erm\u00f6glicht dank der Integration d\u00fcnner interner Federn eine au\u00dfergew\u00f6hnliche Flexibilit\u00e4t und sorgt f\u00fcr eine bequeme Passform, ohne dass Verschl\u00fcsse erforderlich sind.<\/p>\n<p class=\"p1\">Strenge Festigkeitstests mit mehr als 12.000 bestandenen Zugzyklen gew\u00e4hrleisten die Qualit\u00e4t und Haltbarkeit jedes einzelnen Teils, bevor es verkauft wird.<\/p>\n<p class=\"p1\">Sie wird in einem edlen Etui mit internationalem Garantiezertifikat geliefert und ist ein Symbol f\u00fcr italienische Handwerkskunst.<\/p>\n<p><img decoding=\"async\" class=\"alignnone size-full wp-image-205465\" src=\"http:\/\/cdn02.fabioferro.eu\/wp-content\/uploads\/tabelle-misure-bracciali.jpg\" alt=\"\" width=\"1900\" height=\"153\" title=\"\" srcset=\"https:\/\/cdn02.fabioferro.eu\/wp-content\/uploads\/tabelle-misure-bracciali.jpg 1900w, https:\/\/cdn02.fabioferro.eu\/wp-content\/uploads\/tabelle-misure-bracciali-768x62.jpg 768w, https:\/\/cdn02.fabioferro.eu\/wp-content\/uploads\/tabelle-misure-bracciali-1536x124.jpg 1536w, https:\/\/cdn02.fabioferro.eu\/wp-content\/uploads\/tabelle-misure-bracciali-990x80.jpg 990w, https:\/\/cdn02.fabioferro.eu\/wp-content\/uploads\/tabelle-misure-bracciali-441x36.jpg 441w, https:\/\/cdn02.fabioferro.eu\/wp-content\/uploads\/tabelle-misure-bracciali-600x48.jpg 600w, https:\/\/cdn02.fabioferro.eu\/wp-content\/uploads\/tabelle-misure-bracciali-150x12.jpg 150w\" sizes=\"(max-width: 1900px) 100vw, 1900px\" \/><\/p>\n","protected":false},"excerpt":{"rendered":"<p class=\"p1\">Ein Armband aus Wei\u00dfgold, das Luxus und Komfort ohne Kompromisse vereint.<\/p>\n","protected":false},"featured_media":164235,"comment_status":"open","ping_status":"closed","template":"","meta":[],"product_brand":[154],"product_cat":[6161],"product_tag":[],"class_list":{"0":"post-165178","1":"product","2":"type-product","3":"status-publish","4":"has-post-thumbnail","6":"product_brand-fope","7":"product_cat-fope-armbander","9":"first","10":"instock","11":"taxable","12":"shipping-taxable","13":"purchasable","14":"product-type-variable","15":"has-default-attributes"},"exclude_global_add_ons":[],"addons":[],"df_price":5100,"df_sale_price":"","df_regular_price":5100,"df_image_link":"https:\/\/cdn02.fabioferro.eu\/wp-content\/uploads\/bracciale-fope-collezione-vendome-flex-it-in-oro-bianco-con-pave-di-diamanti-neri.jpg","_links":{"self":[{"href":"https:\/\/www.fabioferro.eu\/de\/wp-json\/wp\/v2\/product\/165178","targetHints":{"allow":["GET"]}}],"collection":[{"href":"https:\/\/www.fabioferro.eu\/de\/wp-json\/wp\/v2\/product"}],"about":[{"href":"https:\/\/www.fabioferro.eu\/de\/wp-json\/wp\/v2\/types\/product"}],"replies":[{"embeddable":true,"href":"https:\/\/www.fabioferro.eu\/de\/wp-json\/wp\/v2\/comments?post=165178"}],"version-history":[{"count":2,"href":"https:\/\/www.fabioferro.eu\/de\/wp-json\/wp\/v2\/product\/165178\/revisions"}],"predecessor-version":[{"id":206199,"href":"https:\/\/www.fabioferro.eu\/de\/wp-json\/wp\/v2\/product\/165178\/revisions\/206199"}],"wp:featuredmedia":[{"embeddable":true,"href":"https:\/\/www.fabioferro.eu\/de\/wp-json\/wp\/v2\/media\/164235"}],"wp:attachment":[{"href":"https:\/\/www.fabioferro.eu\/de\/wp-json\/wp\/v2\/media?parent=165178"}],"wp:term":[{"taxonomy":"product_brand","embeddable":true,"href":"https:\/\/www.fabioferro.eu\/de\/wp-json\/wp\/v2\/product_brand?post=165178"},{"taxonomy":"product_cat","embeddable":true,"href":"https:\/\/www.fabioferro.eu\/de\/wp-json\/wp\/v2\/product_cat?post=165178"},{"taxonomy":"product_tag","embeddable":true,"href":"https:\/\/www.fabioferro.eu\/de\/wp-json\/wp\/v2\/product_tag?post=165178"}],"curies":[{"name":"wp","href":"https:\/\/api.w.org\/{rel}","templated":true}]}}