{"id":165192,"date":"2024-10-29T09:21:36","date_gmt":"2024-10-29T08:21:36","guid":{"rendered":"https:\/\/www.fabioferro.eu\/fope-prima-kollektion-rose-gold-ring.html"},"modified":"2026-01-09T16:16:34","modified_gmt":"2026-01-09T15:16:34","slug":"fope-prima-kollektion-rose-gold-ring","status":"publish","type":"product","link":"https:\/\/www.fabioferro.eu\/de\/fope-prima-kollektion-rose-gold-ring.html","title":{"rendered":"Fope Prima Kollektion Rose Gold Ring"},"content":{"rendered":"<p class=\"p1\">Fope Ring aus der Prima Kollektion aus 18 Karat Ros\u00e9gold.<\/p>\n<p class=\"p1\">Auf der Au\u00dfenseite des Schmuckst\u00fccks befindet sich die raffinierte Gravur der Marke Fope.<\/p>\n<p class=\"p1\">Die Kombination aus raffiniertem Design und edlen Materialien macht diesen Ring zu einem Meisterwerk an Eleganz und Charme.<\/p>\n<p>Ein Ring mit einem schlichten und modernen Stil, der zu jedem Anlass passt.<\/p>\n<p class=\"p1\">Es wird in einer exklusiven Schachtel geliefert und verf\u00fcgt \u00fcber eine internationale Garantie, die seine Haltbarkeit und Qualit\u00e4t garantiert.<\/p>\n<p><img decoding=\"async\" class=\"alignnone size-full wp-image-205373\" src=\"http:\/\/cdn02.fabioferro.eu\/wp-content\/uploads\/tabella-misure-anelli-standard-no-flexit-1.jpg\" alt=\"\" width=\"1266\" height=\"723\" title=\"\" srcset=\"https:\/\/cdn02.fabioferro.eu\/wp-content\/uploads\/tabella-misure-anelli-standard-no-flexit-1.jpg 1266w, https:\/\/cdn02.fabioferro.eu\/wp-content\/uploads\/tabella-misure-anelli-standard-no-flexit-1-768x439.jpg 768w, https:\/\/cdn02.fabioferro.eu\/wp-content\/uploads\/tabella-misure-anelli-standard-no-flexit-1-990x565.jpg 990w, https:\/\/cdn02.fabioferro.eu\/wp-content\/uploads\/tabella-misure-anelli-standard-no-flexit-1-441x252.jpg 441w, https:\/\/cdn02.fabioferro.eu\/wp-content\/uploads\/tabella-misure-anelli-standard-no-flexit-1-600x343.jpg 600w, https:\/\/cdn02.fabioferro.eu\/wp-content\/uploads\/tabella-misure-anelli-standard-no-flexit-1-150x86.jpg 150w\" sizes=\"(max-width: 1266px) 100vw, 1266px\" \/><\/p>\n","protected":false},"excerpt":{"rendered":"<p class=\"p1\">Ein kostbares Schmuckst\u00fcck, das jeden Look mit Klasse und Raffinesse bereichert.<\/p>\n","protected":false},"featured_media":164723,"comment_status":"open","ping_status":"closed","template":"","meta":[],"product_brand":[154],"product_cat":[6139],"product_tag":[],"class_list":{"0":"post-165192","1":"product","2":"type-product","3":"status-publish","4":"has-post-thumbnail","6":"product_brand-fope","7":"product_cat-fope-ringe","9":"first","10":"instock","11":"taxable","12":"shipping-taxable","13":"purchasable","14":"product-type-variable","15":"has-default-attributes"},"exclude_global_add_ons":[],"addons":[],"df_price":1130,"df_sale_price":"","df_regular_price":1130,"df_image_link":"https:\/\/cdn02.fabioferro.eu\/wp-content\/uploads\/anello-fope-collezione-prima-in-oro-rosa.jpg","_links":{"self":[{"href":"https:\/\/www.fabioferro.eu\/de\/wp-json\/wp\/v2\/product\/165192","targetHints":{"allow":["GET"]}}],"collection":[{"href":"https:\/\/www.fabioferro.eu\/de\/wp-json\/wp\/v2\/product"}],"about":[{"href":"https:\/\/www.fabioferro.eu\/de\/wp-json\/wp\/v2\/types\/product"}],"replies":[{"embeddable":true,"href":"https:\/\/www.fabioferro.eu\/de\/wp-json\/wp\/v2\/comments?post=165192"}],"version-history":[{"count":1,"href":"https:\/\/www.fabioferro.eu\/de\/wp-json\/wp\/v2\/product\/165192\/revisions"}],"predecessor-version":[{"id":206170,"href":"https:\/\/www.fabioferro.eu\/de\/wp-json\/wp\/v2\/product\/165192\/revisions\/206170"}],"wp:featuredmedia":[{"embeddable":true,"href":"https:\/\/www.fabioferro.eu\/de\/wp-json\/wp\/v2\/media\/164723"}],"wp:attachment":[{"href":"https:\/\/www.fabioferro.eu\/de\/wp-json\/wp\/v2\/media?parent=165192"}],"wp:term":[{"taxonomy":"product_brand","embeddable":true,"href":"https:\/\/www.fabioferro.eu\/de\/wp-json\/wp\/v2\/product_brand?post=165192"},{"taxonomy":"product_cat","embeddable":true,"href":"https:\/\/www.fabioferro.eu\/de\/wp-json\/wp\/v2\/product_cat?post=165192"},{"taxonomy":"product_tag","embeddable":true,"href":"https:\/\/www.fabioferro.eu\/de\/wp-json\/wp\/v2\/product_tag?post=165192"}],"curies":[{"name":"wp","href":"https:\/\/api.w.org\/{rel}","templated":true}]}}