{"id":165328,"date":"2024-10-21T09:51:17","date_gmt":"2024-10-21T07:51:17","guid":{"rendered":"https:\/\/www.fabioferro.eu\/fope-eka-kollektion-gelbgold-ring.html"},"modified":"2026-01-09T16:21:18","modified_gmt":"2026-01-09T15:21:18","slug":"fope-eka-kollektion-gelbgold-ring","status":"publish","type":"product","link":"https:\/\/www.fabioferro.eu\/de\/fope-eka-kollektion-gelbgold-ring.html","title":{"rendered":"Fope Eka Kollektion Gelbgold Ring"},"content":{"rendered":"<p>Raffinierter Ring aus 18 Karat Gelbgold, eine handgefertigte Kreation, die den Glanz des Metalls mit einem exklusiven Design einf\u00e4ngt.<\/p>\n<p class=\"p1\">Der Ring ist das Ergebnis der Handwerkskunst von Kunsthandwerkern aus Vicenza, die jedes Schmuckst\u00fcck mit Leidenschaft und Pr\u00e4zision herstellen, ein Symbol f\u00fcr Made in Italy.<\/p>\n<p>Auf der Innenseite des Rings befinden sich die Fope-Marke und die Fabrikstempel.<\/p>\n<p class=\"p1\">Sie wird von einem luxuri\u00f6sen Etui begleitet und verf\u00fcgt \u00fcber eine internationale Fope-Garantie, die ihre dauerhafte Qualit\u00e4t best\u00e4tigt.<\/p>\n<p><img decoding=\"async\" class=\"alignnone size-full wp-image-205373\" src=\"http:\/\/cdn02.fabioferro.eu\/wp-content\/uploads\/tabella-misure-anelli-standard-no-flexit-1.jpg\" alt=\"\" width=\"1266\" height=\"723\" title=\"\" srcset=\"https:\/\/cdn02.fabioferro.eu\/wp-content\/uploads\/tabella-misure-anelli-standard-no-flexit-1.jpg 1266w, https:\/\/cdn02.fabioferro.eu\/wp-content\/uploads\/tabella-misure-anelli-standard-no-flexit-1-768x439.jpg 768w, https:\/\/cdn02.fabioferro.eu\/wp-content\/uploads\/tabella-misure-anelli-standard-no-flexit-1-990x565.jpg 990w, https:\/\/cdn02.fabioferro.eu\/wp-content\/uploads\/tabella-misure-anelli-standard-no-flexit-1-441x252.jpg 441w, https:\/\/cdn02.fabioferro.eu\/wp-content\/uploads\/tabella-misure-anelli-standard-no-flexit-1-600x343.jpg 600w, https:\/\/cdn02.fabioferro.eu\/wp-content\/uploads\/tabella-misure-anelli-standard-no-flexit-1-150x86.jpg 150w\" sizes=\"(max-width: 1266px) 100vw, 1266px\" \/><\/p>\n","protected":false},"excerpt":{"rendered":"<p class=\"p1\">Ein Schmuckst\u00fcck, das die traditionelle Handwerkskunst und das hervorragende Made in Italy feiert.<\/p>\n","protected":false},"featured_media":163622,"comment_status":"open","ping_status":"closed","template":"","meta":[],"product_brand":[154],"product_cat":[6139],"product_tag":[],"class_list":{"0":"post-165328","1":"product","2":"type-product","3":"status-publish","4":"has-post-thumbnail","6":"product_brand-fope","7":"product_cat-fope-ringe","9":"first","10":"instock","11":"taxable","12":"shipping-taxable","13":"purchasable","14":"product-type-variable","15":"has-default-attributes"},"exclude_global_add_ons":[],"addons":[],"df_price":1190,"df_sale_price":"","df_regular_price":1190,"df_image_link":"https:\/\/cdn02.fabioferro.eu\/wp-content\/uploads\/anello-fope-collezione-eka-in-oro-giallo.jpg","_links":{"self":[{"href":"https:\/\/www.fabioferro.eu\/de\/wp-json\/wp\/v2\/product\/165328","targetHints":{"allow":["GET"]}}],"collection":[{"href":"https:\/\/www.fabioferro.eu\/de\/wp-json\/wp\/v2\/product"}],"about":[{"href":"https:\/\/www.fabioferro.eu\/de\/wp-json\/wp\/v2\/types\/product"}],"replies":[{"embeddable":true,"href":"https:\/\/www.fabioferro.eu\/de\/wp-json\/wp\/v2\/comments?post=165328"}],"version-history":[{"count":2,"href":"https:\/\/www.fabioferro.eu\/de\/wp-json\/wp\/v2\/product\/165328\/revisions"}],"predecessor-version":[{"id":206304,"href":"https:\/\/www.fabioferro.eu\/de\/wp-json\/wp\/v2\/product\/165328\/revisions\/206304"}],"wp:featuredmedia":[{"embeddable":true,"href":"https:\/\/www.fabioferro.eu\/de\/wp-json\/wp\/v2\/media\/163622"}],"wp:attachment":[{"href":"https:\/\/www.fabioferro.eu\/de\/wp-json\/wp\/v2\/media?parent=165328"}],"wp:term":[{"taxonomy":"product_brand","embeddable":true,"href":"https:\/\/www.fabioferro.eu\/de\/wp-json\/wp\/v2\/product_brand?post=165328"},{"taxonomy":"product_cat","embeddable":true,"href":"https:\/\/www.fabioferro.eu\/de\/wp-json\/wp\/v2\/product_cat?post=165328"},{"taxonomy":"product_tag","embeddable":true,"href":"https:\/\/www.fabioferro.eu\/de\/wp-json\/wp\/v2\/product_tag?post=165328"}],"curies":[{"name":"wp","href":"https:\/\/api.w.org\/{rel}","templated":true}]}}