{"id":165359,"date":"2024-10-21T10:03:35","date_gmt":"2024-10-21T08:03:35","guid":{"rendered":"https:\/\/www.fabioferro.eu\/fope-essentials-collection-flex-it-ring-in-weiss-und-gelbgold-2.html"},"modified":"2026-01-09T16:21:26","modified_gmt":"2026-01-09T15:21:26","slug":"fope-essentials-collection-flex-it-ring-in-weiss-und-gelbgold-2","status":"publish","type":"product","link":"https:\/\/www.fabioferro.eu\/de\/fope-essentials-collection-flex-it-ring-in-weiss-und-gelbgold-2.html","title":{"rendered":"Fope Essentials Collection Flex It Ring in Wei\u00df- und Gelbgold"},"content":{"rendered":"<p>Ein eleganter Ring aus der Kollektion Essentials von Fope, geschmiedet aus 18 Karat Wei\u00df- und Gelbgold.<\/p>\n<p class=\"p1\">Die Verflechtung des Rings ist handgefertigt und wird durch ein zentrales Detail aus Wei\u00dfgold erg\u00e4nzt, das dem Schmuckst\u00fcck eine unverwechselbare Leuchtkraft und einen Hauch von Klasse verleiht.<\/p>\n<p class=\"p1\">Dank der patentierten Flex&#8217;it-Technologie l\u00e4sst sich der Ring bequem tragen und passt sich den Bewegungen an, ohne dass herk\u00f6mmliche Verschl\u00fcsse erforderlich sind.<\/p>\n<p class=\"p1\">Jeder Ring wird mit mehr als 12.000 Z\u00fcgen getestet, um die h\u00f6chste Qualit\u00e4t und Widerstandsf\u00e4higkeit zu gew\u00e4hrleisten &#8211; ein Beweis f\u00fcr die hervorragende Handwerkskunst von Fope.<\/p>\n<p class=\"p1\">Sorgf\u00e4ltig verpackt in einer eleganten Schachtel und begleitet von einer internationalen Fope-Garantie.<\/p>\n<p><img decoding=\"async\" class=\"alignnone size-full wp-image-205376\" src=\"http:\/\/cdn02.fabioferro.eu\/wp-content\/uploads\/tabella-misure-anelli-completa-1.jpg\" alt=\"\" width=\"1900\" height=\"153\" title=\"\" srcset=\"https:\/\/cdn02.fabioferro.eu\/wp-content\/uploads\/tabella-misure-anelli-completa-1.jpg 1900w, https:\/\/cdn02.fabioferro.eu\/wp-content\/uploads\/tabella-misure-anelli-completa-1-768x62.jpg 768w, https:\/\/cdn02.fabioferro.eu\/wp-content\/uploads\/tabella-misure-anelli-completa-1-1536x124.jpg 1536w, https:\/\/cdn02.fabioferro.eu\/wp-content\/uploads\/tabella-misure-anelli-completa-1-990x80.jpg 990w, https:\/\/cdn02.fabioferro.eu\/wp-content\/uploads\/tabella-misure-anelli-completa-1-441x36.jpg 441w, https:\/\/cdn02.fabioferro.eu\/wp-content\/uploads\/tabella-misure-anelli-completa-1-600x48.jpg 600w, https:\/\/cdn02.fabioferro.eu\/wp-content\/uploads\/tabella-misure-anelli-completa-1-150x12.jpg 150w\" sizes=\"(max-width: 1900px) 100vw, 1900px\" \/> <img decoding=\"async\" class=\"alignnone size-full wp-image-205373\" src=\"http:\/\/cdn02.fabioferro.eu\/wp-content\/uploads\/tabella-misure-anelli-standard-no-flexit-1.jpg\" alt=\"\" width=\"1266\" height=\"723\" title=\"\" srcset=\"https:\/\/cdn02.fabioferro.eu\/wp-content\/uploads\/tabella-misure-anelli-standard-no-flexit-1.jpg 1266w, https:\/\/cdn02.fabioferro.eu\/wp-content\/uploads\/tabella-misure-anelli-standard-no-flexit-1-768x439.jpg 768w, https:\/\/cdn02.fabioferro.eu\/wp-content\/uploads\/tabella-misure-anelli-standard-no-flexit-1-990x565.jpg 990w, https:\/\/cdn02.fabioferro.eu\/wp-content\/uploads\/tabella-misure-anelli-standard-no-flexit-1-441x252.jpg 441w, https:\/\/cdn02.fabioferro.eu\/wp-content\/uploads\/tabella-misure-anelli-standard-no-flexit-1-600x343.jpg 600w, https:\/\/cdn02.fabioferro.eu\/wp-content\/uploads\/tabella-misure-anelli-standard-no-flexit-1-150x86.jpg 150w\" sizes=\"(max-width: 1266px) 100vw, 1266px\" \/><\/p>\n","protected":false},"excerpt":{"rendered":"<p class=\"p1\">Ein stilvolles Schmuckst\u00fcck, das durch seine zeitlose Eleganz gl\u00e4nzt.<\/p>\n","protected":false},"featured_media":163644,"comment_status":"open","ping_status":"closed","template":"","meta":[],"product_brand":[154],"product_cat":[6139],"product_tag":[],"class_list":{"0":"post-165359","1":"product","2":"type-product","3":"status-publish","4":"has-post-thumbnail","6":"product_brand-fope","7":"product_cat-fope-ringe","9":"first","10":"instock","11":"taxable","12":"shipping-taxable","13":"purchasable","14":"product-type-variable","15":"has-default-attributes"},"exclude_global_add_ons":[],"addons":[],"df_price":1040,"df_sale_price":"","df_regular_price":1040,"df_image_link":"https:\/\/cdn02.fabioferro.eu\/wp-content\/uploads\/anello-fope-collezione-essentials-flex-it-in-oro-bianco-e-giallo.jpg","_links":{"self":[{"href":"https:\/\/www.fabioferro.eu\/de\/wp-json\/wp\/v2\/product\/165359","targetHints":{"allow":["GET"]}}],"collection":[{"href":"https:\/\/www.fabioferro.eu\/de\/wp-json\/wp\/v2\/product"}],"about":[{"href":"https:\/\/www.fabioferro.eu\/de\/wp-json\/wp\/v2\/types\/product"}],"replies":[{"embeddable":true,"href":"https:\/\/www.fabioferro.eu\/de\/wp-json\/wp\/v2\/comments?post=165359"}],"version-history":[{"count":2,"href":"https:\/\/www.fabioferro.eu\/de\/wp-json\/wp\/v2\/product\/165359\/revisions"}],"predecessor-version":[{"id":206316,"href":"https:\/\/www.fabioferro.eu\/de\/wp-json\/wp\/v2\/product\/165359\/revisions\/206316"}],"wp:featuredmedia":[{"embeddable":true,"href":"https:\/\/www.fabioferro.eu\/de\/wp-json\/wp\/v2\/media\/163644"}],"wp:attachment":[{"href":"https:\/\/www.fabioferro.eu\/de\/wp-json\/wp\/v2\/media?parent=165359"}],"wp:term":[{"taxonomy":"product_brand","embeddable":true,"href":"https:\/\/www.fabioferro.eu\/de\/wp-json\/wp\/v2\/product_brand?post=165359"},{"taxonomy":"product_cat","embeddable":true,"href":"https:\/\/www.fabioferro.eu\/de\/wp-json\/wp\/v2\/product_cat?post=165359"},{"taxonomy":"product_tag","embeddable":true,"href":"https:\/\/www.fabioferro.eu\/de\/wp-json\/wp\/v2\/product_tag?post=165359"}],"curies":[{"name":"wp","href":"https:\/\/api.w.org\/{rel}","templated":true}]}}