{"id":165417,"date":"2024-10-21T10:29:37","date_gmt":"2024-10-21T08:29:37","guid":{"rendered":"https:\/\/www.fabioferro.eu\/fope-vendome-collection-flex-it-armband-in-rose-und-gelbgold.html"},"modified":"2026-01-09T16:21:15","modified_gmt":"2026-01-09T15:21:15","slug":"fope-vendome-collection-flex-it-armband-in-rose-und-gelbgold","status":"publish","type":"product","link":"https:\/\/www.fabioferro.eu\/de\/fope-vendome-collection-flex-it-armband-in-rose-und-gelbgold.html","title":{"rendered":"Fope Vendome Collection Flex It Armband in Rose und Gelbgold"},"content":{"rendered":"<p class=\"p1\">Ein exquisites Armband aus der Fope-Kollektion, das in 18-kar\u00e4tigem Ros\u00e9- und Gelbgold mit handwerklichem Geschick gefertigt wurde.<\/p>\n<p class=\"p1\">Ein mit 0,01 Karat gefasster Diamant verleiht dem Armband eine leuchtende Note und macht es zu einem wahren Objekt der Begierde.<\/p>\n<p class=\"p1\">Dank der Flex&#8217;it-Technologie ist das Schmuckst\u00fcck verschlusslos und bietet eine komfortable und flexible Passform.<\/p>\n<p class=\"p1\">Jedes Teil wird strengen Tests unterzogen und durchl\u00e4uft mehr als 12.000 Zugzyklen, um h\u00f6chste Qualit\u00e4t zu gew\u00e4hrleisten.<\/p>\n<p class=\"p1\">Handgefertigt in Italien, ist jedes Armband ein Symbol f\u00fcr hervorragende Handwerkskunst.<\/p>\n<p class=\"p1\">Wird in einer eleganten Schachtel mit einem internationalen Fope-Garantiezertifikat geliefert.<\/p>\n<p><img decoding=\"async\" class=\"alignnone size-full wp-image-205465\" src=\"http:\/\/cdn02.fabioferro.eu\/wp-content\/uploads\/tabelle-misure-bracciali.jpg\" alt=\"\" width=\"1900\" height=\"153\" title=\"\" srcset=\"https:\/\/cdn02.fabioferro.eu\/wp-content\/uploads\/tabelle-misure-bracciali.jpg 1900w, https:\/\/cdn02.fabioferro.eu\/wp-content\/uploads\/tabelle-misure-bracciali-768x62.jpg 768w, https:\/\/cdn02.fabioferro.eu\/wp-content\/uploads\/tabelle-misure-bracciali-1536x124.jpg 1536w, https:\/\/cdn02.fabioferro.eu\/wp-content\/uploads\/tabelle-misure-bracciali-990x80.jpg 990w, https:\/\/cdn02.fabioferro.eu\/wp-content\/uploads\/tabelle-misure-bracciali-441x36.jpg 441w, https:\/\/cdn02.fabioferro.eu\/wp-content\/uploads\/tabelle-misure-bracciali-600x48.jpg 600w, https:\/\/cdn02.fabioferro.eu\/wp-content\/uploads\/tabelle-misure-bracciali-150x12.jpg 150w\" sizes=\"(max-width: 1900px) 100vw, 1900px\" \/><\/p>\n","protected":false},"excerpt":{"rendered":"<p class=\"p1\">Ein Juwel aus der Fope-Linie, das Eleganz und Innovation in jedem Detail vereint.<\/p>\n","protected":false},"featured_media":163685,"comment_status":"open","ping_status":"closed","template":"","meta":[],"product_brand":[154],"product_cat":[6161],"product_tag":[],"class_list":{"0":"post-165417","1":"product","2":"type-product","3":"status-publish","4":"has-post-thumbnail","6":"product_brand-fope","7":"product_cat-fope-armbander","9":"first","10":"instock","11":"taxable","12":"shipping-taxable","13":"purchasable","14":"product-type-variable","15":"has-default-attributes"},"exclude_global_add_ons":[],"addons":[],"df_price":5100,"df_sale_price":"","df_regular_price":5100,"df_image_link":"https:\/\/cdn02.fabioferro.eu\/wp-content\/uploads\/bracciale-fope-collezione-vendome-flex-it-in-oro-rosa-e-giallo.jpg","_links":{"self":[{"href":"https:\/\/www.fabioferro.eu\/de\/wp-json\/wp\/v2\/product\/165417","targetHints":{"allow":["GET"]}}],"collection":[{"href":"https:\/\/www.fabioferro.eu\/de\/wp-json\/wp\/v2\/product"}],"about":[{"href":"https:\/\/www.fabioferro.eu\/de\/wp-json\/wp\/v2\/types\/product"}],"replies":[{"embeddable":true,"href":"https:\/\/www.fabioferro.eu\/de\/wp-json\/wp\/v2\/comments?post=165417"}],"version-history":[{"count":1,"href":"https:\/\/www.fabioferro.eu\/de\/wp-json\/wp\/v2\/product\/165417\/revisions"}],"predecessor-version":[{"id":206299,"href":"https:\/\/www.fabioferro.eu\/de\/wp-json\/wp\/v2\/product\/165417\/revisions\/206299"}],"wp:featuredmedia":[{"embeddable":true,"href":"https:\/\/www.fabioferro.eu\/de\/wp-json\/wp\/v2\/media\/163685"}],"wp:attachment":[{"href":"https:\/\/www.fabioferro.eu\/de\/wp-json\/wp\/v2\/media?parent=165417"}],"wp:term":[{"taxonomy":"product_brand","embeddable":true,"href":"https:\/\/www.fabioferro.eu\/de\/wp-json\/wp\/v2\/product_brand?post=165417"},{"taxonomy":"product_cat","embeddable":true,"href":"https:\/\/www.fabioferro.eu\/de\/wp-json\/wp\/v2\/product_cat?post=165417"},{"taxonomy":"product_tag","embeddable":true,"href":"https:\/\/www.fabioferro.eu\/de\/wp-json\/wp\/v2\/product_tag?post=165417"}],"curies":[{"name":"wp","href":"https:\/\/api.w.org\/{rel}","templated":true}]}}