{"id":165436,"date":"2024-10-22T18:02:32","date_gmt":"2024-10-22T16:02:32","guid":{"rendered":"https:\/\/www.fabioferro.eu\/fope-vendome-collection-flex-it-armband-in-weiss-und-rosegold.html"},"modified":"2026-01-09T16:28:04","modified_gmt":"2026-01-09T15:28:04","slug":"fope-vendome-collection-flex-it-armband-in-weiss-und-rosegold","status":"publish","type":"product","link":"https:\/\/www.fabioferro.eu\/de\/fope-vendome-collection-flex-it-armband-in-weiss-und-rosegold.html","title":{"rendered":"Fope Vendome Collection Flex It Armband in Wei\u00df und Ros\u00e9gold"},"content":{"rendered":"<p class=\"p1\">Armband aus der Fope Kollektion aus 18 Karat Wei\u00df- und Ros\u00e9gold.<\/p>\n<p class=\"p1\">Ein mit 0,01 Karat gefasster Diamant unterstreicht das elegante Design und verleiht dem Armband einen Hauch von Licht und Raffinesse.<\/p>\n<p class=\"p1\">Die Flex&#8217;it-Technologie bietet au\u00dfergew\u00f6hnliche Flexibilit\u00e4t, macht Befestigungen \u00fcberfl\u00fcssig und sorgt f\u00fcr eine perfekte Passform.<\/p>\n<p class=\"p1\">Jedes Armband wird strengen Tests unterzogen und durchl\u00e4uft \u00fcber 12.000 Zugzyklen, um maximale Qualit\u00e4t und Haltbarkeit zu gew\u00e4hrleisten.<\/p>\n<p class=\"p1\">Handgefertigt in Italien, ist jedes St\u00fcck ein wahres Kunstwerk.<\/p>\n<p class=\"p1\">Wird in einem luxuri\u00f6sen Etui geliefert, komplett mit dem internationalen Fope-Garantiezertifikat.<\/p>\n<p><img decoding=\"async\" class=\"alignnone size-full wp-image-205465\" src=\"http:\/\/cdn02.fabioferro.eu\/wp-content\/uploads\/tabelle-misure-bracciali.jpg\" alt=\"\" width=\"1900\" height=\"153\" title=\"\" srcset=\"https:\/\/cdn02.fabioferro.eu\/wp-content\/uploads\/tabelle-misure-bracciali.jpg 1900w, https:\/\/cdn02.fabioferro.eu\/wp-content\/uploads\/tabelle-misure-bracciali-768x62.jpg 768w, https:\/\/cdn02.fabioferro.eu\/wp-content\/uploads\/tabelle-misure-bracciali-1536x124.jpg 1536w, https:\/\/cdn02.fabioferro.eu\/wp-content\/uploads\/tabelle-misure-bracciali-990x80.jpg 990w, https:\/\/cdn02.fabioferro.eu\/wp-content\/uploads\/tabelle-misure-bracciali-441x36.jpg 441w, https:\/\/cdn02.fabioferro.eu\/wp-content\/uploads\/tabelle-misure-bracciali-600x48.jpg 600w, https:\/\/cdn02.fabioferro.eu\/wp-content\/uploads\/tabelle-misure-bracciali-150x12.jpg 150w\" sizes=\"(max-width: 1900px) 100vw, 1900px\" \/><\/p>\n","protected":false},"excerpt":{"rendered":"<p class=\"p1\">FOPE Armband aus Wei\u00df- und Ros\u00e9gold, ein Schmuckst\u00fcck, das Eleganz und Handwerkskunst vereint.<\/p>\n","protected":false},"featured_media":163665,"comment_status":"open","ping_status":"closed","template":"","meta":[],"product_brand":[154],"product_cat":[6161],"product_tag":[],"class_list":{"0":"post-165436","1":"product","2":"type-product","3":"status-publish","4":"has-post-thumbnail","6":"product_brand-fope","7":"product_cat-fope-armbander","9":"first","10":"instock","11":"taxable","12":"shipping-taxable","13":"purchasable","14":"product-type-variable","15":"has-default-attributes"},"exclude_global_add_ons":[],"addons":[],"df_price":5100,"df_sale_price":"","df_regular_price":5100,"df_image_link":"https:\/\/cdn02.fabioferro.eu\/wp-content\/uploads\/bracciale-fope-collezione-vendome-flex-it-in-oro-bianco-e-rosa.jpg","_links":{"self":[{"href":"https:\/\/www.fabioferro.eu\/de\/wp-json\/wp\/v2\/product\/165436","targetHints":{"allow":["GET"]}}],"collection":[{"href":"https:\/\/www.fabioferro.eu\/de\/wp-json\/wp\/v2\/product"}],"about":[{"href":"https:\/\/www.fabioferro.eu\/de\/wp-json\/wp\/v2\/types\/product"}],"replies":[{"embeddable":true,"href":"https:\/\/www.fabioferro.eu\/de\/wp-json\/wp\/v2\/comments?post=165436"}],"version-history":[{"count":1,"href":"https:\/\/www.fabioferro.eu\/de\/wp-json\/wp\/v2\/product\/165436\/revisions"}],"predecessor-version":[{"id":206659,"href":"https:\/\/www.fabioferro.eu\/de\/wp-json\/wp\/v2\/product\/165436\/revisions\/206659"}],"wp:featuredmedia":[{"embeddable":true,"href":"https:\/\/www.fabioferro.eu\/de\/wp-json\/wp\/v2\/media\/163665"}],"wp:attachment":[{"href":"https:\/\/www.fabioferro.eu\/de\/wp-json\/wp\/v2\/media?parent=165436"}],"wp:term":[{"taxonomy":"product_brand","embeddable":true,"href":"https:\/\/www.fabioferro.eu\/de\/wp-json\/wp\/v2\/product_brand?post=165436"},{"taxonomy":"product_cat","embeddable":true,"href":"https:\/\/www.fabioferro.eu\/de\/wp-json\/wp\/v2\/product_cat?post=165436"},{"taxonomy":"product_tag","embeddable":true,"href":"https:\/\/www.fabioferro.eu\/de\/wp-json\/wp\/v2\/product_tag?post=165436"}],"curies":[{"name":"wp","href":"https:\/\/api.w.org\/{rel}","templated":true}]}}