{"id":165445,"date":"2024-10-22T18:02:37","date_gmt":"2024-10-22T16:02:37","guid":{"rendered":"https:\/\/www.fabioferro.eu\/fope-eka-kollektion-ring-aus-weissgold.html"},"modified":"2026-01-09T16:19:03","modified_gmt":"2026-01-09T15:19:03","slug":"fope-eka-kollektion-ring-aus-weissgold","status":"publish","type":"product","link":"https:\/\/www.fabioferro.eu\/de\/fope-eka-kollektion-ring-aus-weissgold.html","title":{"rendered":"Fope Eka Kollektion Ring aus Wei\u00dfgold"},"content":{"rendered":"<p>Edler Ring aus 18 Karat Wei\u00dfgold, handgefertigt, um seinen einzigartigen Glanz zu verst\u00e4rken.<\/p>\n<p class=\"p1\">Das Markenzeichen von Fope und die Werksstempel sind auf der Innenseite des Rings fein eingraviert.<\/p>\n<p class=\"p1\">Handgefertigt von Meisterhandwerkern aus Vicenza, steht es f\u00fcr die kompromisslose Qualit\u00e4t des Made in Italy.<\/p>\n<p class=\"p1\">Der in einem edlen Etui pr\u00e4sentierte Ring wird mit einer internationalen Fope-Garantie geliefert, die seine Langlebigkeit bescheinigt.<\/p>\n<p><img decoding=\"async\" class=\"alignnone size-full wp-image-205373\" src=\"http:\/\/cdn02.fabioferro.eu\/wp-content\/uploads\/tabella-misure-anelli-standard-no-flexit-1.jpg\" alt=\"\" width=\"1266\" height=\"723\" title=\"\" srcset=\"https:\/\/cdn02.fabioferro.eu\/wp-content\/uploads\/tabella-misure-anelli-standard-no-flexit-1.jpg 1266w, https:\/\/cdn02.fabioferro.eu\/wp-content\/uploads\/tabella-misure-anelli-standard-no-flexit-1-768x439.jpg 768w, https:\/\/cdn02.fabioferro.eu\/wp-content\/uploads\/tabella-misure-anelli-standard-no-flexit-1-990x565.jpg 990w, https:\/\/cdn02.fabioferro.eu\/wp-content\/uploads\/tabella-misure-anelli-standard-no-flexit-1-441x252.jpg 441w, https:\/\/cdn02.fabioferro.eu\/wp-content\/uploads\/tabella-misure-anelli-standard-no-flexit-1-600x343.jpg 600w, https:\/\/cdn02.fabioferro.eu\/wp-content\/uploads\/tabella-misure-anelli-standard-no-flexit-1-150x86.jpg 150w\" sizes=\"(max-width: 1266px) 100vw, 1266px\" \/><\/p>\n","protected":false},"excerpt":{"rendered":"<p class=\"p1\">Ein klassisches Schmuckst\u00fcck, das die Reinheit des Edelmetalls mit zeitlosem Stil unterstreicht.<\/p>\n","protected":false},"featured_media":163592,"comment_status":"open","ping_status":"closed","template":"","meta":[],"product_brand":[154],"product_cat":[6139],"product_tag":[],"class_list":{"0":"post-165445","1":"product","2":"type-product","3":"status-publish","4":"has-post-thumbnail","6":"product_brand-fope","7":"product_cat-fope-ringe","9":"first","10":"instock","11":"taxable","12":"shipping-taxable","13":"purchasable","14":"product-type-variable","15":"has-default-attributes"},"exclude_global_add_ons":[],"addons":[],"df_price":1190,"df_sale_price":"","df_regular_price":1190,"df_image_link":"https:\/\/cdn02.fabioferro.eu\/wp-content\/uploads\/anello-fope-collezione-eka-in-oro-bianco.jpg","_links":{"self":[{"href":"https:\/\/www.fabioferro.eu\/de\/wp-json\/wp\/v2\/product\/165445","targetHints":{"allow":["GET"]}}],"collection":[{"href":"https:\/\/www.fabioferro.eu\/de\/wp-json\/wp\/v2\/product"}],"about":[{"href":"https:\/\/www.fabioferro.eu\/de\/wp-json\/wp\/v2\/types\/product"}],"replies":[{"embeddable":true,"href":"https:\/\/www.fabioferro.eu\/de\/wp-json\/wp\/v2\/comments?post=165445"}],"version-history":[{"count":2,"href":"https:\/\/www.fabioferro.eu\/de\/wp-json\/wp\/v2\/product\/165445\/revisions"}],"predecessor-version":[{"id":206249,"href":"https:\/\/www.fabioferro.eu\/de\/wp-json\/wp\/v2\/product\/165445\/revisions\/206249"}],"wp:featuredmedia":[{"embeddable":true,"href":"https:\/\/www.fabioferro.eu\/de\/wp-json\/wp\/v2\/media\/163592"}],"wp:attachment":[{"href":"https:\/\/www.fabioferro.eu\/de\/wp-json\/wp\/v2\/media?parent=165445"}],"wp:term":[{"taxonomy":"product_brand","embeddable":true,"href":"https:\/\/www.fabioferro.eu\/de\/wp-json\/wp\/v2\/product_brand?post=165445"},{"taxonomy":"product_cat","embeddable":true,"href":"https:\/\/www.fabioferro.eu\/de\/wp-json\/wp\/v2\/product_cat?post=165445"},{"taxonomy":"product_tag","embeddable":true,"href":"https:\/\/www.fabioferro.eu\/de\/wp-json\/wp\/v2\/product_tag?post=165445"}],"curies":[{"name":"wp","href":"https:\/\/api.w.org\/{rel}","templated":true}]}}