{"id":165507,"date":"2016-10-22T18:02:59","date_gmt":"2016-10-22T16:02:59","guid":{"rendered":"https:\/\/www.fabioferro.eu\/fope-solo-collection-ohrringe-aus-gelbgold-mit-diamanten.html"},"modified":"2026-01-09T16:30:01","modified_gmt":"2026-01-09T15:30:01","slug":"fope-solo-collection-ohrringe-aus-gelbgold-mit-diamanten","status":"publish","type":"product","link":"https:\/\/www.fabioferro.eu\/de\/fope-solo-collection-ohrringe-aus-gelbgold-mit-diamanten.html","title":{"rendered":"Fope Solo Collection Ohrringe aus Gelbgold mit Diamanten"},"content":{"rendered":"<p class=\"p1\">Diese exklusiven Ohrringe aus 18 Karat Gelbgold von Fope verk\u00f6rpern italienische Eleganz und Handwerkskunst.<\/p>\n<p class=\"p1\">Das pr\u00e4zise gesetzte Diamantpav\u00e9 von 0,82 Karat verleiht dem unverwechselbaren Design einen Hauch von Luxus und Leuchtkraft.<\/p>\n<p class=\"p1\">Mit einem Ohrsteckerverschluss bieten diese Ohrringe optimalen Komfort und bleiben dabei sicher.<\/p>\n<p class=\"p1\">Die warme Farbe von Gelbgold verbindet sich perfekt mit der Brillanz von Diamanten und schafft ein Schmuckst\u00fcck, das Klasse und Raffinesse ausdr\u00fcckt.<\/p>\n<p class=\"p1\">Diese Ohrringe werden in einer eleganten Verpackung geliefert und verf\u00fcgen \u00fcber eine internationale Garantie, die die kompromisslose Qualit\u00e4t best\u00e4tigt.<\/p>\n","protected":false},"excerpt":{"rendered":"<p class=\"p1\">Ein Juwel von seltener Eleganz, das Tradition und Modernit\u00e4t vereint.<\/p>\n","protected":false},"featured_media":163778,"comment_status":"open","ping_status":"closed","template":"","meta":[],"product_brand":[154],"product_cat":[5937],"product_tag":[],"class_list":{"0":"post-165507","1":"product","2":"type-product","3":"status-publish","4":"has-post-thumbnail","6":"product_brand-fope","7":"product_cat-fope-ohrringe","9":"first","10":"instock","11":"taxable","12":"shipping-taxable","13":"purchasable","14":"product-type-simple"},"exclude_global_add_ons":[],"addons":[],"df_price":8140,"df_sale_price":"","df_regular_price":8140,"df_image_link":"https:\/\/cdn02.fabioferro.eu\/wp-content\/uploads\/orecchini-fope-collezione-solo-in-oro-giallo-con-diamanti.jpg","_links":{"self":[{"href":"https:\/\/www.fabioferro.eu\/de\/wp-json\/wp\/v2\/product\/165507","targetHints":{"allow":["GET"]}}],"collection":[{"href":"https:\/\/www.fabioferro.eu\/de\/wp-json\/wp\/v2\/product"}],"about":[{"href":"https:\/\/www.fabioferro.eu\/de\/wp-json\/wp\/v2\/types\/product"}],"replies":[{"embeddable":true,"href":"https:\/\/www.fabioferro.eu\/de\/wp-json\/wp\/v2\/comments?post=165507"}],"version-history":[{"count":1,"href":"https:\/\/www.fabioferro.eu\/de\/wp-json\/wp\/v2\/product\/165507\/revisions"}],"predecessor-version":[{"id":206784,"href":"https:\/\/www.fabioferro.eu\/de\/wp-json\/wp\/v2\/product\/165507\/revisions\/206784"}],"wp:featuredmedia":[{"embeddable":true,"href":"https:\/\/www.fabioferro.eu\/de\/wp-json\/wp\/v2\/media\/163778"}],"wp:attachment":[{"href":"https:\/\/www.fabioferro.eu\/de\/wp-json\/wp\/v2\/media?parent=165507"}],"wp:term":[{"taxonomy":"product_brand","embeddable":true,"href":"https:\/\/www.fabioferro.eu\/de\/wp-json\/wp\/v2\/product_brand?post=165507"},{"taxonomy":"product_cat","embeddable":true,"href":"https:\/\/www.fabioferro.eu\/de\/wp-json\/wp\/v2\/product_cat?post=165507"},{"taxonomy":"product_tag","embeddable":true,"href":"https:\/\/www.fabioferro.eu\/de\/wp-json\/wp\/v2\/product_tag?post=165507"}],"curies":[{"name":"wp","href":"https:\/\/api.w.org\/{rel}","templated":true}]}}