{"id":165520,"date":"2024-10-23T09:27:57","date_gmt":"2024-10-23T07:27:57","guid":{"rendered":"https:\/\/www.fabioferro.eu\/fope-eka-kollektion-halskette-aus-gelbgold-mit-diamanten.html"},"modified":"2026-01-09T16:18:55","modified_gmt":"2026-01-09T15:18:55","slug":"fope-eka-kollektion-halskette-aus-gelbgold-mit-diamanten","status":"publish","type":"product","link":"https:\/\/www.fabioferro.eu\/de\/fope-eka-kollektion-halskette-aus-gelbgold-mit-diamanten.html","title":{"rendered":"Fope Eka Kollektion Halskette aus Gelbgold mit Diamanten"},"content":{"rendered":"<p class=\"p1\">Dieses Collier von Fope aus 18 Karat Gelbgold besticht durch sein Pav\u00e9 aus 0,22 Karat Diamanten, die gekonnt gefasst wurden, um den Glanz des Schmuckst\u00fccks zu verst\u00e4rken.<\/p>\n<p class=\"p1\">Ausgestattet mit einem praktischen Karabinerhaken, ist der Verschluss ebenso sicher wie elegant und bietet Komfort und einfache Handhabung.<\/p>\n<p class=\"p1\">Handgefertigt in Italien, spiegelt jedes Detail dieser Halskette ein H\u00f6chstma\u00df an Pr\u00e4zision und Leidenschaft f\u00fcr Luxus wider.<\/p>\n<p class=\"p1\">Das Schmuckst\u00fcck wird in einer exklusiven Verpackung pr\u00e4sentiert und verf\u00fcgt \u00fcber eine Garantie, die seinen Wert und seine Qualit\u00e4t best\u00e4tigt.<\/p>\n<p><img decoding=\"async\" class=\"alignnone size-full wp-image-204889\" src=\"http:\/\/cdn02.fabioferro.eu\/wp-content\/uploads\/misure-collane-fope-internazionale.jpg\" alt=\"\" width=\"1500\" height=\"1875\" title=\"\" srcset=\"https:\/\/cdn02.fabioferro.eu\/wp-content\/uploads\/misure-collane-fope-internazionale.jpg 1500w, https:\/\/cdn02.fabioferro.eu\/wp-content\/uploads\/misure-collane-fope-internazionale-768x960.jpg 768w, https:\/\/cdn02.fabioferro.eu\/wp-content\/uploads\/misure-collane-fope-internazionale-1229x1536.jpg 1229w, https:\/\/cdn02.fabioferro.eu\/wp-content\/uploads\/misure-collane-fope-internazionale-990x1238.jpg 990w, https:\/\/cdn02.fabioferro.eu\/wp-content\/uploads\/misure-collane-fope-internazionale-441x551.jpg 441w, https:\/\/cdn02.fabioferro.eu\/wp-content\/uploads\/misure-collane-fope-internazionale-600x750.jpg 600w, https:\/\/cdn02.fabioferro.eu\/wp-content\/uploads\/misure-collane-fope-internazionale-150x188.jpg 150w\" sizes=\"(max-width: 1500px) 100vw, 1500px\" \/><\/p>\n","protected":false},"excerpt":{"rendered":"<p class=\"p1\">Ein ikonisches Schmuckst\u00fcck, das die perfekte Harmonie zwischen Tradition und Moderne widerspiegelt.<\/p>\n","protected":false},"featured_media":163916,"comment_status":"open","ping_status":"closed","template":"","meta":[],"product_brand":[154],"product_cat":[6203],"product_tag":[],"class_list":{"0":"post-165520","1":"product","2":"type-product","3":"status-publish","4":"has-post-thumbnail","6":"product_brand-fope","7":"product_cat-fope-halsketten","9":"first","10":"instock","11":"taxable","12":"shipping-taxable","13":"purchasable","14":"product-type-variable","15":"has-default-attributes"},"exclude_global_add_ons":[],"addons":[],"df_price":4670,"df_sale_price":"","df_regular_price":4670,"df_image_link":"https:\/\/cdn02.fabioferro.eu\/wp-content\/uploads\/collana-fope-collezione-eka-in-oro-giallo-con-diamanti.jpg","_links":{"self":[{"href":"https:\/\/www.fabioferro.eu\/de\/wp-json\/wp\/v2\/product\/165520","targetHints":{"allow":["GET"]}}],"collection":[{"href":"https:\/\/www.fabioferro.eu\/de\/wp-json\/wp\/v2\/product"}],"about":[{"href":"https:\/\/www.fabioferro.eu\/de\/wp-json\/wp\/v2\/types\/product"}],"replies":[{"embeddable":true,"href":"https:\/\/www.fabioferro.eu\/de\/wp-json\/wp\/v2\/comments?post=165520"}],"version-history":[{"count":1,"href":"https:\/\/www.fabioferro.eu\/de\/wp-json\/wp\/v2\/product\/165520\/revisions"}],"predecessor-version":[{"id":206243,"href":"https:\/\/www.fabioferro.eu\/de\/wp-json\/wp\/v2\/product\/165520\/revisions\/206243"}],"wp:featuredmedia":[{"embeddable":true,"href":"https:\/\/www.fabioferro.eu\/de\/wp-json\/wp\/v2\/media\/163916"}],"wp:attachment":[{"href":"https:\/\/www.fabioferro.eu\/de\/wp-json\/wp\/v2\/media?parent=165520"}],"wp:term":[{"taxonomy":"product_brand","embeddable":true,"href":"https:\/\/www.fabioferro.eu\/de\/wp-json\/wp\/v2\/product_brand?post=165520"},{"taxonomy":"product_cat","embeddable":true,"href":"https:\/\/www.fabioferro.eu\/de\/wp-json\/wp\/v2\/product_cat?post=165520"},{"taxonomy":"product_tag","embeddable":true,"href":"https:\/\/www.fabioferro.eu\/de\/wp-json\/wp\/v2\/product_tag?post=165520"}],"curies":[{"name":"wp","href":"https:\/\/api.w.org\/{rel}","templated":true}]}}