{"id":165553,"date":"2024-10-23T09:11:58","date_gmt":"2024-10-23T07:11:58","guid":{"rendered":"https:\/\/www.fabioferro.eu\/fope-eka-flex-it-collection-armband-aus-rose-gold-mit-diamanten-pave.html"},"modified":"2026-01-09T16:18:54","modified_gmt":"2026-01-09T15:18:54","slug":"fope-eka-flex-it-collection-armband-aus-rose-gold-mit-diamanten-pave","status":"publish","type":"product","link":"https:\/\/www.fabioferro.eu\/de\/fope-eka-flex-it-collection-armband-aus-rose-gold-mit-diamanten-pave.html","title":{"rendered":"Fope Eka Flex It Collection Armband aus Rose Gold mit Diamanten Pave"},"content":{"rendered":"<p class=\"p1\">Fope Armband aus 18 Karat Ros\u00e9gold, ein Symbol f\u00fcr Eleganz und Raffinesse.<\/p>\n<p class=\"p1\">In der Mitte erhellt ein Pav\u00e9 aus pr\u00e4zise gefassten 0,22 Karat Diamanten die Struktur mit einem zarten und doch k\u00fchnen Effekt.<\/p>\n<p class=\"p1\">Die innovative Flex&#8217;it-Technologie sorgt f\u00fcr perfekte Flexibilit\u00e4t, so dass sich das Armband leicht an das Handgelenk anpassen l\u00e4sst, ohne dass Verschl\u00fcsse verwendet werden m\u00fcssen.<\/p>\n<p class=\"p1\">Jedes Armband wird strengen Qualit\u00e4tstests unterzogen und durchl\u00e4uft \u00fcber 12.000 Ziehvorg\u00e4nge, um eine au\u00dfergew\u00f6hnliche Widerstandsf\u00e4higkeit zu gew\u00e4hrleisten.<\/p>\n<p class=\"p1\">Das Armband wird in einem luxuri\u00f6sen Geh\u00e4use pr\u00e4sentiert, das von einer internationalen Fope-Garantie begleitet wird, die seine handwerkliche Exzellenz bescheinigt.<\/p>\n<p><img decoding=\"async\" class=\"alignnone size-full wp-image-205465\" src=\"http:\/\/cdn02.fabioferro.eu\/wp-content\/uploads\/tabelle-misure-bracciali.jpg\" alt=\"\" width=\"1900\" height=\"153\" title=\"\" srcset=\"https:\/\/cdn02.fabioferro.eu\/wp-content\/uploads\/tabelle-misure-bracciali.jpg 1900w, https:\/\/cdn02.fabioferro.eu\/wp-content\/uploads\/tabelle-misure-bracciali-768x62.jpg 768w, https:\/\/cdn02.fabioferro.eu\/wp-content\/uploads\/tabelle-misure-bracciali-1536x124.jpg 1536w, https:\/\/cdn02.fabioferro.eu\/wp-content\/uploads\/tabelle-misure-bracciali-990x80.jpg 990w, https:\/\/cdn02.fabioferro.eu\/wp-content\/uploads\/tabelle-misure-bracciali-441x36.jpg 441w, https:\/\/cdn02.fabioferro.eu\/wp-content\/uploads\/tabelle-misure-bracciali-600x48.jpg 600w, https:\/\/cdn02.fabioferro.eu\/wp-content\/uploads\/tabelle-misure-bracciali-150x12.jpg 150w\" sizes=\"(max-width: 1900px) 100vw, 1900px\" \/><\/p>\n","protected":false},"excerpt":{"rendered":"<p class=\"p1\">Ein elegantes Armband aus Ros\u00e9gold mit Diamanten f\u00fcr einen Hauch von Klasse, signiert von Fope.<\/p>\n","protected":false},"featured_media":163895,"comment_status":"open","ping_status":"closed","template":"","meta":[],"product_brand":[154],"product_cat":[6161],"product_tag":[],"class_list":{"0":"post-165553","1":"product","2":"type-product","3":"status-publish","4":"has-post-thumbnail","6":"product_brand-fope","7":"product_cat-fope-armbander","9":"first","10":"instock","11":"taxable","12":"shipping-taxable","13":"purchasable","14":"product-type-variable","15":"has-default-attributes"},"exclude_global_add_ons":[],"addons":[],"df_price":3660,"df_sale_price":"","df_regular_price":3660,"df_image_link":"https:\/\/cdn02.fabioferro.eu\/wp-content\/uploads\/bracciale-fope-collezione-eka-flex-it-in-oro-rosa-con-pave-di-diamanti.jpg","_links":{"self":[{"href":"https:\/\/www.fabioferro.eu\/de\/wp-json\/wp\/v2\/product\/165553","targetHints":{"allow":["GET"]}}],"collection":[{"href":"https:\/\/www.fabioferro.eu\/de\/wp-json\/wp\/v2\/product"}],"about":[{"href":"https:\/\/www.fabioferro.eu\/de\/wp-json\/wp\/v2\/types\/product"}],"replies":[{"embeddable":true,"href":"https:\/\/www.fabioferro.eu\/de\/wp-json\/wp\/v2\/comments?post=165553"}],"version-history":[{"count":1,"href":"https:\/\/www.fabioferro.eu\/de\/wp-json\/wp\/v2\/product\/165553\/revisions"}],"predecessor-version":[{"id":206242,"href":"https:\/\/www.fabioferro.eu\/de\/wp-json\/wp\/v2\/product\/165553\/revisions\/206242"}],"wp:featuredmedia":[{"embeddable":true,"href":"https:\/\/www.fabioferro.eu\/de\/wp-json\/wp\/v2\/media\/163895"}],"wp:attachment":[{"href":"https:\/\/www.fabioferro.eu\/de\/wp-json\/wp\/v2\/media?parent=165553"}],"wp:term":[{"taxonomy":"product_brand","embeddable":true,"href":"https:\/\/www.fabioferro.eu\/de\/wp-json\/wp\/v2\/product_brand?post=165553"},{"taxonomy":"product_cat","embeddable":true,"href":"https:\/\/www.fabioferro.eu\/de\/wp-json\/wp\/v2\/product_cat?post=165553"},{"taxonomy":"product_tag","embeddable":true,"href":"https:\/\/www.fabioferro.eu\/de\/wp-json\/wp\/v2\/product_tag?post=165553"}],"curies":[{"name":"wp","href":"https:\/\/api.w.org\/{rel}","templated":true}]}}