{"id":165584,"date":"2024-10-24T08:35:29","date_gmt":"2024-10-24T06:35:29","guid":{"rendered":"https:\/\/www.fabioferro.eu\/fope-eka-flex-it-collection-armband-aus-weissgold-mit-diamant-pave.html"},"modified":"2026-01-09T16:21:58","modified_gmt":"2026-01-09T15:21:58","slug":"fope-eka-flex-it-collection-armband-aus-weissgold-mit-diamant-pave","status":"publish","type":"product","link":"https:\/\/www.fabioferro.eu\/de\/fope-eka-flex-it-collection-armband-aus-weissgold-mit-diamant-pave.html","title":{"rendered":"Fope Eka Flex It Collection Armband aus Wei\u00dfgold mit Diamant-Pave"},"content":{"rendered":"<p class=\"p1\">Armband aus der Fope-Kollektion aus 18 Karat Wei\u00dfgold, ein Synonym f\u00fcr italienische Handwerkskunst.<\/p>\n<p class=\"p1\">Das Pav\u00e9 aus sorgf\u00e4ltig gefassten Diamanten von insgesamt 0,22 Karat verleiht dem Design einen leuchtenden und raffinierten Touch.<\/p>\n<p class=\"p1\">Dank der Flex&#8217;it-Technologie bietet das Armband makellose Flexibilit\u00e4t und sorgt f\u00fcr einen bequemen Sitz, ohne dass Verschl\u00fcsse erforderlich sind.<\/p>\n<p class=\"p1\">Jedes Armband wird rigorosen Widerstandstests unterzogen und durchl\u00e4uft 12.000 Zugzyklen, um Qualit\u00e4t und Haltbarkeit zu gew\u00e4hrleisten.<\/p>\n<p class=\"p1\">Das in einem eleganten Etui verpackte Armband wird mit einer internationalen Fope-Garantie geliefert, die seine Exzellenz bezeugt.<\/p>\n<p><img decoding=\"async\" class=\"alignnone size-full wp-image-86002\" src=\"https:\/\/cdn02.fabioferro.eu\/wp-content\/uploads\/tabella-misure-fope-bracciali.jpg\" alt=\"\" width=\"1267\" height=\"160\" title=\"\" srcset=\"https:\/\/cdn02.fabioferro.eu\/wp-content\/uploads\/tabella-misure-fope-bracciali.jpg 1267w, https:\/\/cdn02.fabioferro.eu\/wp-content\/uploads\/tabella-misure-fope-bracciali-768x97.jpg 768w, https:\/\/cdn02.fabioferro.eu\/wp-content\/uploads\/tabella-misure-fope-bracciali-990x125.jpg 990w, https:\/\/cdn02.fabioferro.eu\/wp-content\/uploads\/tabella-misure-fope-bracciali-441x56.jpg 441w, https:\/\/cdn02.fabioferro.eu\/wp-content\/uploads\/tabella-misure-fope-bracciali-600x76.jpg 600w, https:\/\/cdn02.fabioferro.eu\/wp-content\/uploads\/tabella-misure-fope-bracciali-150x19.jpg 150w\" sizes=\"(max-width: 1267px) 100vw, 1267px\" \/><\/p>\n","protected":false},"excerpt":{"rendered":"<p class=\"p1\">Handgefertigtes, diamantbesetztes Armband von FOPE, das Luxus in jedem Detail ausdr\u00fcckt.<\/p>\n","protected":false},"featured_media":163870,"comment_status":"open","ping_status":"closed","template":"","meta":[],"product_brand":[154],"product_cat":[6161],"product_tag":[],"class_list":{"0":"post-165584","1":"product","2":"type-product","3":"status-publish","4":"has-post-thumbnail","6":"product_brand-fope","7":"product_cat-fope-armbander","9":"first","10":"instock","11":"taxable","12":"shipping-taxable","13":"purchasable","14":"product-type-variable","15":"has-default-attributes"},"exclude_global_add_ons":[],"addons":[],"df_price":3660,"df_sale_price":"","df_regular_price":3660,"df_image_link":"https:\/\/cdn02.fabioferro.eu\/wp-content\/uploads\/bracciale-fope-collezione-eka-flex-it-in-oro-bianco-con-pave-di-diamanti.jpg","_links":{"self":[{"href":"https:\/\/www.fabioferro.eu\/de\/wp-json\/wp\/v2\/product\/165584","targetHints":{"allow":["GET"]}}],"collection":[{"href":"https:\/\/www.fabioferro.eu\/de\/wp-json\/wp\/v2\/product"}],"about":[{"href":"https:\/\/www.fabioferro.eu\/de\/wp-json\/wp\/v2\/types\/product"}],"replies":[{"embeddable":true,"href":"https:\/\/www.fabioferro.eu\/de\/wp-json\/wp\/v2\/comments?post=165584"}],"version-history":[{"count":1,"href":"https:\/\/www.fabioferro.eu\/de\/wp-json\/wp\/v2\/product\/165584\/revisions"}],"predecessor-version":[{"id":206381,"href":"https:\/\/www.fabioferro.eu\/de\/wp-json\/wp\/v2\/product\/165584\/revisions\/206381"}],"wp:featuredmedia":[{"embeddable":true,"href":"https:\/\/www.fabioferro.eu\/de\/wp-json\/wp\/v2\/media\/163870"}],"wp:attachment":[{"href":"https:\/\/www.fabioferro.eu\/de\/wp-json\/wp\/v2\/media?parent=165584"}],"wp:term":[{"taxonomy":"product_brand","embeddable":true,"href":"https:\/\/www.fabioferro.eu\/de\/wp-json\/wp\/v2\/product_brand?post=165584"},{"taxonomy":"product_cat","embeddable":true,"href":"https:\/\/www.fabioferro.eu\/de\/wp-json\/wp\/v2\/product_cat?post=165584"},{"taxonomy":"product_tag","embeddable":true,"href":"https:\/\/www.fabioferro.eu\/de\/wp-json\/wp\/v2\/product_tag?post=165584"}],"curies":[{"name":"wp","href":"https:\/\/api.w.org\/{rel}","templated":true}]}}