{"id":165627,"date":"2024-10-24T10:07:34","date_gmt":"2024-10-24T08:07:34","guid":{"rendered":"https:\/\/www.fabioferro.eu\/fope-vendome-collection-flex-it-armband-in-rose-gold-mit-schwarzem-diamanten.html"},"modified":"2026-01-09T16:21:08","modified_gmt":"2026-01-09T15:21:08","slug":"fope-vendome-collection-flex-it-armband-in-rose-gold-mit-schwarzem-diamanten","status":"publish","type":"product","link":"https:\/\/www.fabioferro.eu\/de\/fope-vendome-collection-flex-it-armband-in-rose-gold-mit-schwarzem-diamanten.html","title":{"rendered":"Fope Vendome Collection Flex It Armband in Rose Gold mit schwarzem Diamanten"},"content":{"rendered":"<p class=\"p1\">Fope Armband aus 18-kar\u00e4tigem Ros\u00e9gold, hergestellt mit Leidenschaft.<\/p>\n<p class=\"p1\">Es ist mit einem pr\u00e4zise gefassten schwarzen Diamanten von 0,01 Karat besetzt, der dem unverwechselbaren Design des Armbands ein luxuri\u00f6ses Element hinzuf\u00fcgt.<\/p>\n<p class=\"p1\">Die Flex&#8217;it-Technologie sorgt f\u00fcr Flexibilit\u00e4t und Komfort und macht Verschl\u00fcsse \u00fcberfl\u00fcssig, damit sie perfekt am Handgelenk sitzt.<\/p>\n<p class=\"p1\">Jedes Teil wird strengen Tests unterzogen und durchl\u00e4uft 12.000 Zugzyklen, um au\u00dfergew\u00f6hnliche Qualit\u00e4t und Haltbarkeit zu gew\u00e4hrleisten.<\/p>\n<p class=\"p1\">Es wird in einer eleganten Box geliefert und enth\u00e4lt eine internationale Garantie von Fope.<\/p>\n<p><img decoding=\"async\" class=\"alignnone size-full wp-image-205465\" src=\"http:\/\/cdn02.fabioferro.eu\/wp-content\/uploads\/tabelle-misure-bracciali.jpg\" alt=\"\" width=\"1900\" height=\"153\" title=\"\" srcset=\"https:\/\/cdn02.fabioferro.eu\/wp-content\/uploads\/tabelle-misure-bracciali.jpg 1900w, https:\/\/cdn02.fabioferro.eu\/wp-content\/uploads\/tabelle-misure-bracciali-768x62.jpg 768w, https:\/\/cdn02.fabioferro.eu\/wp-content\/uploads\/tabelle-misure-bracciali-1536x124.jpg 1536w, https:\/\/cdn02.fabioferro.eu\/wp-content\/uploads\/tabelle-misure-bracciali-990x80.jpg 990w, https:\/\/cdn02.fabioferro.eu\/wp-content\/uploads\/tabelle-misure-bracciali-441x36.jpg 441w, https:\/\/cdn02.fabioferro.eu\/wp-content\/uploads\/tabelle-misure-bracciali-600x48.jpg 600w, https:\/\/cdn02.fabioferro.eu\/wp-content\/uploads\/tabelle-misure-bracciali-150x12.jpg 150w\" sizes=\"(max-width: 1900px) 100vw, 1900px\" \/><\/p>\n","protected":false},"excerpt":{"rendered":"<p class=\"p1\">Ein Schmuckst\u00fcck, das Eleganz und Innovation in einem einzigartigen Design vereint, signiert von Fope.<\/p>\n","protected":false},"featured_media":164017,"comment_status":"open","ping_status":"closed","template":"","meta":[],"product_brand":[154],"product_cat":[6161],"product_tag":[],"class_list":{"0":"post-165627","1":"product","2":"type-product","3":"status-publish","4":"has-post-thumbnail","6":"product_brand-fope","7":"product_cat-fope-armbander","9":"first","10":"instock","11":"taxable","12":"shipping-taxable","13":"purchasable","14":"product-type-variable","15":"has-default-attributes"},"exclude_global_add_ons":[],"addons":[],"df_price":5060,"df_sale_price":"","df_regular_price":5060,"df_image_link":"https:\/\/cdn02.fabioferro.eu\/wp-content\/uploads\/bracciale-fope-collezione-vendome-in-oro-rosa-con-diamante-nero.jpg","_links":{"self":[{"href":"https:\/\/www.fabioferro.eu\/de\/wp-json\/wp\/v2\/product\/165627","targetHints":{"allow":["GET"]}}],"collection":[{"href":"https:\/\/www.fabioferro.eu\/de\/wp-json\/wp\/v2\/product"}],"about":[{"href":"https:\/\/www.fabioferro.eu\/de\/wp-json\/wp\/v2\/types\/product"}],"replies":[{"embeddable":true,"href":"https:\/\/www.fabioferro.eu\/de\/wp-json\/wp\/v2\/comments?post=165627"}],"version-history":[{"count":1,"href":"https:\/\/www.fabioferro.eu\/de\/wp-json\/wp\/v2\/product\/165627\/revisions"}],"predecessor-version":[{"id":206291,"href":"https:\/\/www.fabioferro.eu\/de\/wp-json\/wp\/v2\/product\/165627\/revisions\/206291"}],"wp:featuredmedia":[{"embeddable":true,"href":"https:\/\/www.fabioferro.eu\/de\/wp-json\/wp\/v2\/media\/164017"}],"wp:attachment":[{"href":"https:\/\/www.fabioferro.eu\/de\/wp-json\/wp\/v2\/media?parent=165627"}],"wp:term":[{"taxonomy":"product_brand","embeddable":true,"href":"https:\/\/www.fabioferro.eu\/de\/wp-json\/wp\/v2\/product_brand?post=165627"},{"taxonomy":"product_cat","embeddable":true,"href":"https:\/\/www.fabioferro.eu\/de\/wp-json\/wp\/v2\/product_cat?post=165627"},{"taxonomy":"product_tag","embeddable":true,"href":"https:\/\/www.fabioferro.eu\/de\/wp-json\/wp\/v2\/product_tag?post=165627"}],"curies":[{"name":"wp","href":"https:\/\/api.w.org\/{rel}","templated":true}]}}